{"id":8464,"date":"2020-04-16T16:56:17","date_gmt":"2020-04-16T16:56:17","guid":{"rendered":"https:\/\/aasageko.eu\/toode\/q-pusle-illusioon\/"},"modified":"2021-12-01T10:09:56","modified_gmt":"2021-12-01T10:09:56","slug":"q-pusle-illusioon","status":"publish","type":"product","link":"https:\/\/aasageko.eu\/ru\/toode\/q-pusle-illusioon\/","title":{"rendered":"Q Pusle illusioon"},"content":{"rendered":"","protected":false},"excerpt":{"rendered":"<p>Q-Pusle p\u00f5hineb optilistel efektidel, mis on tingitud inimese taju erip\u00e4rast. Lihtsate kujundite, mustrite ja v\u00e4rvuste kordusel pildil on inimese silmale kas rahustav v\u00f5i \u00e4rritav m\u00f5ju ja selle t\u00f5ttu pilt tundub olevat kas t\u00f5eliselt ruumiline v\u00f5i v\u00e4relev.<br \/>\nQ-Pusle kokkupanek ergutab kujutlusv\u00f5imet, aitab l\u00f5dvestuda, keskenduda ja loob head emotsioonid. Pusle ja pusle karp on paksust kvaliteetsest materjalist ja kaetud mattlaminaadiga.<\/p>\n<p><strong>Pusle m\u00f5\u00f5t: 12,5 x 12,5 cm<\/strong><\/p>\n<p>[vc_row][vc_column width=&#8221;1\/2&#8243;]<div class=\"stats-block stats-top   wpb_custom_a517333ace5b1666c6af8bd4684f1de9\"><div class=\"stats-desc\"><div id=\"counter_109571275969d7da3066223\" data-id=\"counter_109571275969d7da3066223\" class=\"stats-number\" style=\" \" data-speed=\"1\" data-counter-value=\"8\" data-separator=\",\" data-decimal=\".\">0<\/div><div class=\"counter_suffix mycust\" style=\" \">+<\/div><div class=\"stats-text\" style=\"\">aastased<\/div><\/div><\/div>[\/vc_column][vc_column width=&#8221;1\/2&#8243;]<div class=\"stats-block stats-top   wpb_custom_a517333ace5b1666c6af8bd4684f1de9\"><div class=\"stats-desc\"><div id=\"counter_7909075869d7da306630e\" data-id=\"counter_7909075869d7da306630e\" class=\"stats-number\" style=\" \" data-speed=\"3\" data-counter-value=\"79\" data-separator=\",\" data-decimal=\".\">0<\/div><div class=\"stats-text\" style=\"\">t\u00fckki<\/div><\/div><\/div>[\/vc_column][\/vc_row]<\/p>\n","protected":false},"featured_media":5026,"template":"","meta":{"footnotes":""},"product_brand":[],"product_cat":[15,110],"product_tag":[429],"class_list":{"0":"post-8464","1":"product","2":"type-product","3":"status-publish","4":"has-post-thumbnail","6":"product_cat-uncategorized","7":"product_cat-uncategorized-et","8":"product_tag-q-pusle-ru","10":"first","11":"instock","12":"taxable","13":"shipping-taxable","14":"purchasable","15":"product-type-variable"},"yoast_head":"<!-- This site is optimized with the Yoast SEO plugin v27.3 - https:\/\/yoast.com\/product\/yoast-seo-wordpress\/ -->\n<title>Q Pusle illusioon - \u0420\u0430\u0437\u0432\u0438\u0432\u0430\u044e\u0449\u0438\u0435 \u043f\u043b\u0430\u0441\u0442\u043c\u0430\u0441\u0441\u043e\u0432\u044b\u0435 \u0438\u0433\u0440\u0443\u0448\u043a\u0438<\/title>\n<meta name=\"robots\" content=\"index, follow, max-snippet:-1, max-image-preview:large, max-video-preview:-1\" \/>\n<link rel=\"canonical\" href=\"https:\/\/aasageko.eu\/ru\/toode\/q-pusle-illusioon\/\" \/>\n<meta property=\"og:locale\" content=\"ru_RU\" \/>\n<meta property=\"og:type\" content=\"article\" \/>\n<meta property=\"og:title\" content=\"Q Pusle illusioon - \u0420\u0430\u0437\u0432\u0438\u0432\u0430\u044e\u0449\u0438\u0435 \u043f\u043b\u0430\u0441\u0442\u043c\u0430\u0441\u0441\u043e\u0432\u044b\u0435 \u0438\u0433\u0440\u0443\u0448\u043a\u0438\" \/>\n<meta property=\"og:description\" content=\"Q-Pusle p\u00f5hineb optilistel efektidel, mis on tingitud inimese taju erip\u00e4rast. Lihtsate kujundite, mustrite ja v\u00e4rvuste kordusel pildil on inimese silmale kas rahustav v\u00f5i \u00e4rritav m\u00f5ju ja selle t\u00f5ttu pilt tundub olevat kas t\u00f5eliselt ruumiline v\u00f5i v\u00e4relev. Q-Pusle kokkupanek ergutab kujutlusv\u00f5imet, aitab l\u00f5dvestuda, keskenduda ja loob head emotsioonid. Pusle ja pusle karp on paksust kvaliteetsest materjalist ja kaetud mattlaminaadiga.  Pusle m\u00f5\u00f5t: 12,5 x 12,5 cm  [vc_row][vc_column width=&quot;1\/2&quot;][\/vc_column][vc_column width=&quot;1\/2&quot;][\/vc_column][\/vc_row]\" \/>\n<meta property=\"og:url\" content=\"https:\/\/aasageko.eu\/ru\/toode\/q-pusle-illusioon\/\" \/>\n<meta property=\"og:site_name\" content=\"\u0420\u0430\u0437\u0432\u0438\u0432\u0430\u044e\u0449\u0438\u0435 \u043f\u043b\u0430\u0441\u0442\u043c\u0430\u0441\u0441\u043e\u0432\u044b\u0435 \u0438\u0433\u0440\u0443\u0448\u043a\u0438\" \/>\n<meta property=\"article:publisher\" content=\"https:\/\/www.facebook.com\/aasageko\/community\/\" \/>\n<meta property=\"article:modified_time\" content=\"2021-12-01T10:09:56+00:00\" \/>\n<meta property=\"og:image\" content=\"https:\/\/aasageko.eu\/wp-content\/uploads\/2020\/04\/puzzle_Q3-4.jpg\" \/>\n\t<meta property=\"og:image:width\" content=\"800\" \/>\n\t<meta property=\"og:image:height\" content=\"800\" \/>\n\t<meta property=\"og:image:type\" content=\"image\/jpeg\" \/>\n<meta name=\"twitter:card\" content=\"summary_large_image\" \/>\n<script type=\"application\/ld+json\" class=\"yoast-schema-graph\">{\"@context\":\"https:\\\/\\\/schema.org\",\"@graph\":[{\"@type\":\"WebPage\",\"@id\":\"https:\\\/\\\/aasageko.eu\\\/ru\\\/toode\\\/q-pusle-illusioon\\\/\",\"url\":\"https:\\\/\\\/aasageko.eu\\\/ru\\\/toode\\\/q-pusle-illusioon\\\/\",\"name\":\"Q Pusle illusioon - \u0420\u0430\u0437\u0432\u0438\u0432\u0430\u044e\u0449\u0438\u0435 \u043f\u043b\u0430\u0441\u0442\u043c\u0430\u0441\u0441\u043e\u0432\u044b\u0435 \u0438\u0433\u0440\u0443\u0448\u043a\u0438\",\"isPartOf\":{\"@id\":\"https:\\\/\\\/aasageko.eu\\\/#website\"},\"primaryImageOfPage\":{\"@id\":\"https:\\\/\\\/aasageko.eu\\\/ru\\\/toode\\\/q-pusle-illusioon\\\/#primaryimage\"},\"image\":{\"@id\":\"https:\\\/\\\/aasageko.eu\\\/ru\\\/toode\\\/q-pusle-illusioon\\\/#primaryimage\"},\"thumbnailUrl\":\"https:\\\/\\\/aasageko.eu\\\/wp-content\\\/uploads\\\/2020\\\/04\\\/puzzle_Q3-4.jpg\",\"datePublished\":\"2020-04-16T16:56:17+00:00\",\"dateModified\":\"2021-12-01T10:09:56+00:00\",\"breadcrumb\":{\"@id\":\"https:\\\/\\\/aasageko.eu\\\/ru\\\/toode\\\/q-pusle-illusioon\\\/#breadcrumb\"},\"inLanguage\":\"ru-RU\",\"potentialAction\":[{\"@type\":\"ReadAction\",\"target\":[\"https:\\\/\\\/aasageko.eu\\\/ru\\\/toode\\\/q-pusle-illusioon\\\/\"]}]},{\"@type\":\"ImageObject\",\"inLanguage\":\"ru-RU\",\"@id\":\"https:\\\/\\\/aasageko.eu\\\/ru\\\/toode\\\/q-pusle-illusioon\\\/#primaryimage\",\"url\":\"https:\\\/\\\/aasageko.eu\\\/wp-content\\\/uploads\\\/2020\\\/04\\\/puzzle_Q3-4.jpg\",\"contentUrl\":\"https:\\\/\\\/aasageko.eu\\\/wp-content\\\/uploads\\\/2020\\\/04\\\/puzzle_Q3-4.jpg\",\"width\":800,\"height\":800},{\"@type\":\"BreadcrumbList\",\"@id\":\"https:\\\/\\\/aasageko.eu\\\/ru\\\/toode\\\/q-pusle-illusioon\\\/#breadcrumb\",\"itemListElement\":[{\"@type\":\"ListItem\",\"position\":1,\"name\":\"Home\",\"item\":\"https:\\\/\\\/aasageko.eu\\\/ru\\\/\"},{\"@type\":\"ListItem\",\"position\":2,\"name\":\"Pood\",\"item\":\"https:\\\/\\\/aasageko.eu\\\/pood\\\/\"},{\"@type\":\"ListItem\",\"position\":3,\"name\":\"Q Pusle illusioon\"}]},{\"@type\":\"WebSite\",\"@id\":\"https:\\\/\\\/aasageko.eu\\\/#website\",\"url\":\"https:\\\/\\\/aasageko.eu\\\/\",\"name\":\"\u0420\u0430\u0437\u0432\u0438\u0432\u0430\u044e\u0449\u0438\u0435 \u043f\u043b\u0430\u0441\u0442\u043c\u0430\u0441\u0441\u043e\u0432\u044b\u0435 \u0438\u0433\u0440\u0443\u0448\u043a\u0438\",\"description\":\"\u0423 \u043d\u0430\u0441 \u0441\u0430\u043c\u044b\u0439 \u0448\u0438\u0440\u043e\u043a\u0438\u0439 \u0430\u0441\u0441\u043e\u0440\u0442\u0438\u043c\u0435\u043d\u0442 \u0440\u0430\u0437\u0432\u0438\u0432\u0430\u044e\u0449\u0438\u0445 \u0438\u0433\u0440\u0443\u0448\u0435\u043a \u0432 \u0418\u043d\u0442\u0435\u0440\u043d\u0435\u0442\u0435. \u041b\u0443\u0447\u0448\u0438\u0435 \u0431\u0440\u0435\u043d\u0434\u044b \u043f\u043e \u043e\u0442\u043b\u0438\u0447\u043d\u044b\u043c \u0446\u0435\u043d\u0430\u043c. \u0411\u044b\u0441\u0442\u0440\u0430\u044f \u0434\u043e\u0441\u0442\u0430\u0432\u043a\u0430. SmartGames, GeoSmart, Waboba, SmartMax, WildRepublic\",\"publisher\":{\"@id\":\"https:\\\/\\\/aasageko.eu\\\/#organization\"},\"potentialAction\":[{\"@type\":\"SearchAction\",\"target\":{\"@type\":\"EntryPoint\",\"urlTemplate\":\"https:\\\/\\\/aasageko.eu\\\/?s={search_term_string}\"},\"query-input\":{\"@type\":\"PropertyValueSpecification\",\"valueRequired\":true,\"valueName\":\"search_term_string\"}}],\"inLanguage\":\"ru-RU\"},{\"@type\":\"Organization\",\"@id\":\"https:\\\/\\\/aasageko.eu\\\/#organization\",\"name\":\"Aasageko\",\"url\":\"https:\\\/\\\/aasageko.eu\\\/\",\"logo\":{\"@type\":\"ImageObject\",\"inLanguage\":\"ru-RU\",\"@id\":\"https:\\\/\\\/aasageko.eu\\\/#\\\/schema\\\/logo\\\/image\\\/\",\"url\":\"https:\\\/\\\/aasageko.eu\\\/wp-content\\\/uploads\\\/2020\\\/03\\\/Aasageko_logo.png\",\"contentUrl\":\"https:\\\/\\\/aasageko.eu\\\/wp-content\\\/uploads\\\/2020\\\/03\\\/Aasageko_logo.png\",\"width\":282,\"height\":182,\"caption\":\"Aasageko\"},\"image\":{\"@id\":\"https:\\\/\\\/aasageko.eu\\\/#\\\/schema\\\/logo\\\/image\\\/\"},\"sameAs\":[\"https:\\\/\\\/www.facebook.com\\\/aasageko\\\/community\\\/\",\"https:\\\/\\\/www.instagram.com\\\/aasageko\\\/\",\"https:\\\/\\\/www.youtube.com\\\/channel\\\/UCBRdElCMa7oWzVFsjP2W5YQ\"]}]}<\/script>\n<!-- \/ Yoast SEO plugin. -->","yoast_head_json":{"title":"Q Pusle illusioon - \u0420\u0430\u0437\u0432\u0438\u0432\u0430\u044e\u0449\u0438\u0435 \u043f\u043b\u0430\u0441\u0442\u043c\u0430\u0441\u0441\u043e\u0432\u044b\u0435 \u0438\u0433\u0440\u0443\u0448\u043a\u0438","robots":{"index":"index","follow":"follow","max-snippet":"max-snippet:-1","max-image-preview":"max-image-preview:large","max-video-preview":"max-video-preview:-1"},"canonical":"https:\/\/aasageko.eu\/ru\/toode\/q-pusle-illusioon\/","og_locale":"ru_RU","og_type":"article","og_title":"Q Pusle illusioon - \u0420\u0430\u0437\u0432\u0438\u0432\u0430\u044e\u0449\u0438\u0435 \u043f\u043b\u0430\u0441\u0442\u043c\u0430\u0441\u0441\u043e\u0432\u044b\u0435 \u0438\u0433\u0440\u0443\u0448\u043a\u0438","og_description":"Q-Pusle p\u00f5hineb optilistel efektidel, mis on tingitud inimese taju erip\u00e4rast. Lihtsate kujundite, mustrite ja v\u00e4rvuste kordusel pildil on inimese silmale kas rahustav v\u00f5i \u00e4rritav m\u00f5ju ja selle t\u00f5ttu pilt tundub olevat kas t\u00f5eliselt ruumiline v\u00f5i v\u00e4relev. Q-Pusle kokkupanek ergutab kujutlusv\u00f5imet, aitab l\u00f5dvestuda, keskenduda ja loob head emotsioonid. Pusle ja pusle karp on paksust kvaliteetsest materjalist ja kaetud mattlaminaadiga.  Pusle m\u00f5\u00f5t: 12,5 x 12,5 cm  [vc_row][vc_column width=\"1\/2\"][\/vc_column][vc_column width=\"1\/2\"][\/vc_column][\/vc_row]","og_url":"https:\/\/aasageko.eu\/ru\/toode\/q-pusle-illusioon\/","og_site_name":"\u0420\u0430\u0437\u0432\u0438\u0432\u0430\u044e\u0449\u0438\u0435 \u043f\u043b\u0430\u0441\u0442\u043c\u0430\u0441\u0441\u043e\u0432\u044b\u0435 \u0438\u0433\u0440\u0443\u0448\u043a\u0438","article_publisher":"https:\/\/www.facebook.com\/aasageko\/community\/","article_modified_time":"2021-12-01T10:09:56+00:00","og_image":[{"width":800,"height":800,"url":"https:\/\/aasageko.eu\/wp-content\/uploads\/2020\/04\/puzzle_Q3-4.jpg","type":"image\/jpeg"}],"twitter_card":"summary_large_image","schema":{"@context":"https:\/\/schema.org","@graph":[{"@type":"WebPage","@id":"https:\/\/aasageko.eu\/ru\/toode\/q-pusle-illusioon\/","url":"https:\/\/aasageko.eu\/ru\/toode\/q-pusle-illusioon\/","name":"Q Pusle illusioon - \u0420\u0430\u0437\u0432\u0438\u0432\u0430\u044e\u0449\u0438\u0435 \u043f\u043b\u0430\u0441\u0442\u043c\u0430\u0441\u0441\u043e\u0432\u044b\u0435 \u0438\u0433\u0440\u0443\u0448\u043a\u0438","isPartOf":{"@id":"https:\/\/aasageko.eu\/#website"},"primaryImageOfPage":{"@id":"https:\/\/aasageko.eu\/ru\/toode\/q-pusle-illusioon\/#primaryimage"},"image":{"@id":"https:\/\/aasageko.eu\/ru\/toode\/q-pusle-illusioon\/#primaryimage"},"thumbnailUrl":"https:\/\/aasageko.eu\/wp-content\/uploads\/2020\/04\/puzzle_Q3-4.jpg","datePublished":"2020-04-16T16:56:17+00:00","dateModified":"2021-12-01T10:09:56+00:00","breadcrumb":{"@id":"https:\/\/aasageko.eu\/ru\/toode\/q-pusle-illusioon\/#breadcrumb"},"inLanguage":"ru-RU","potentialAction":[{"@type":"ReadAction","target":["https:\/\/aasageko.eu\/ru\/toode\/q-pusle-illusioon\/"]}]},{"@type":"ImageObject","inLanguage":"ru-RU","@id":"https:\/\/aasageko.eu\/ru\/toode\/q-pusle-illusioon\/#primaryimage","url":"https:\/\/aasageko.eu\/wp-content\/uploads\/2020\/04\/puzzle_Q3-4.jpg","contentUrl":"https:\/\/aasageko.eu\/wp-content\/uploads\/2020\/04\/puzzle_Q3-4.jpg","width":800,"height":800},{"@type":"BreadcrumbList","@id":"https:\/\/aasageko.eu\/ru\/toode\/q-pusle-illusioon\/#breadcrumb","itemListElement":[{"@type":"ListItem","position":1,"name":"Home","item":"https:\/\/aasageko.eu\/ru\/"},{"@type":"ListItem","position":2,"name":"Pood","item":"https:\/\/aasageko.eu\/pood\/"},{"@type":"ListItem","position":3,"name":"Q Pusle illusioon"}]},{"@type":"WebSite","@id":"https:\/\/aasageko.eu\/#website","url":"https:\/\/aasageko.eu\/","name":"\u0420\u0430\u0437\u0432\u0438\u0432\u0430\u044e\u0449\u0438\u0435 \u043f\u043b\u0430\u0441\u0442\u043c\u0430\u0441\u0441\u043e\u0432\u044b\u0435 \u0438\u0433\u0440\u0443\u0448\u043a\u0438","description":"\u0423 \u043d\u0430\u0441 \u0441\u0430\u043c\u044b\u0439 \u0448\u0438\u0440\u043e\u043a\u0438\u0439 \u0430\u0441\u0441\u043e\u0440\u0442\u0438\u043c\u0435\u043d\u0442 \u0440\u0430\u0437\u0432\u0438\u0432\u0430\u044e\u0449\u0438\u0445 \u0438\u0433\u0440\u0443\u0448\u0435\u043a \u0432 \u0418\u043d\u0442\u0435\u0440\u043d\u0435\u0442\u0435. \u041b\u0443\u0447\u0448\u0438\u0435 \u0431\u0440\u0435\u043d\u0434\u044b \u043f\u043e \u043e\u0442\u043b\u0438\u0447\u043d\u044b\u043c \u0446\u0435\u043d\u0430\u043c. \u0411\u044b\u0441\u0442\u0440\u0430\u044f \u0434\u043e\u0441\u0442\u0430\u0432\u043a\u0430. SmartGames, GeoSmart, Waboba, SmartMax, WildRepublic","publisher":{"@id":"https:\/\/aasageko.eu\/#organization"},"potentialAction":[{"@type":"SearchAction","target":{"@type":"EntryPoint","urlTemplate":"https:\/\/aasageko.eu\/?s={search_term_string}"},"query-input":{"@type":"PropertyValueSpecification","valueRequired":true,"valueName":"search_term_string"}}],"inLanguage":"ru-RU"},{"@type":"Organization","@id":"https:\/\/aasageko.eu\/#organization","name":"Aasageko","url":"https:\/\/aasageko.eu\/","logo":{"@type":"ImageObject","inLanguage":"ru-RU","@id":"https:\/\/aasageko.eu\/#\/schema\/logo\/image\/","url":"https:\/\/aasageko.eu\/wp-content\/uploads\/2020\/03\/Aasageko_logo.png","contentUrl":"https:\/\/aasageko.eu\/wp-content\/uploads\/2020\/03\/Aasageko_logo.png","width":282,"height":182,"caption":"Aasageko"},"image":{"@id":"https:\/\/aasageko.eu\/#\/schema\/logo\/image\/"},"sameAs":["https:\/\/www.facebook.com\/aasageko\/community\/","https:\/\/www.instagram.com\/aasageko\/","https:\/\/www.youtube.com\/channel\/UCBRdElCMa7oWzVFsjP2W5YQ"]}]}},"_links":{"self":[{"href":"https:\/\/aasageko.eu\/ru\/wp-json\/wp\/v2\/product\/8464","targetHints":{"allow":["GET"]}}],"collection":[{"href":"https:\/\/aasageko.eu\/ru\/wp-json\/wp\/v2\/product"}],"about":[{"href":"https:\/\/aasageko.eu\/ru\/wp-json\/wp\/v2\/types\/product"}],"version-history":[{"count":1,"href":"https:\/\/aasageko.eu\/ru\/wp-json\/wp\/v2\/product\/8464\/revisions"}],"predecessor-version":[{"id":12239,"href":"https:\/\/aasageko.eu\/ru\/wp-json\/wp\/v2\/product\/8464\/revisions\/12239"}],"wp:featuredmedia":[{"embeddable":true,"href":"https:\/\/aasageko.eu\/ru\/wp-json\/wp\/v2\/media\/5026"}],"wp:attachment":[{"href":"https:\/\/aasageko.eu\/ru\/wp-json\/wp\/v2\/media?parent=8464"}],"wp:term":[{"taxonomy":"product_brand","embeddable":true,"href":"https:\/\/aasageko.eu\/ru\/wp-json\/wp\/v2\/product_brand?post=8464"},{"taxonomy":"product_cat","embeddable":true,"href":"https:\/\/aasageko.eu\/ru\/wp-json\/wp\/v2\/product_cat?post=8464"},{"taxonomy":"product_tag","embeddable":true,"href":"https:\/\/aasageko.eu\/ru\/wp-json\/wp\/v2\/product_tag?post=8464"}],"curies":[{"name":"wp","href":"https:\/\/api.w.org\/{rel}","templated":true}]}}