{"id":19059,"date":"2021-05-13T07:06:11","date_gmt":"2021-05-13T07:06:11","guid":{"rendered":"https:\/\/aasageko.eu\/toode\/waboba-wingman-pro-silikoonist-lendav-taldrik\/"},"modified":"2021-05-13T07:06:11","modified_gmt":"2021-05-13T07:06:11","slug":"waboba-wingman-pro-silikoonist-lendav-taldrik","status":"publish","type":"product","link":"https:\/\/aasageko.eu\/ru\/toode\/waboba-wingman-pro-silikoonist-lendav-taldrik\/","title":{"rendered":"Waboba Wingman PRO lendav taldrik"},"content":{"rendered":"","protected":false},"excerpt":{"rendered":"<p>WINGMAN PRO on suur silikoonist lendav taldrik, mille lennukaugus on kuni 60 meetrit! T\u00f5sine spordivahend sportm\u00e4ngude korraldamiseks.\u00a0 Wingman lendab otse ja kaugele ning ei kaldu kursilt k\u00f5rvale. Oma suuruse ja lisa raskusega puudutab Wingman Pro taevast ekstreemselt t\u00e4pse lennuga. Ideaalne nii l\u00fchi- kui ka pikamaa lendava taldriku \u00f5uem\u00e4ngudeks. R\u00f5\u00f5mu jagub iga tasemega m\u00e4ngijale! Vaid \u00fcks vise ja iga m\u00e4ngija tunneb end kui pro.<\/p>\n<p>Sobib kogu pere meelelahutuseks ja seltskonnam\u00e4ngudeks. M\u00f5eldud m\u00e4ngimiseks rannaliival v\u00f5i murul. V\u00e4ltida koduloomade k\u00e4tte sattumist!<\/p>\n<p>Hea valik m\u00e4ngimiseks rannas, pargis, aias, lastelaagris v\u00f5i spordisaalis!<\/p>\n<p>Lendava taldriku diameeter 21,5 cm.<\/p>\n<p>Kokku on neli lahedat disaini. Vali oma lemmik!<\/p>\n<p>&nbsp;<\/p>\n<div id=\"hidden-link\">https:\/\/www.youtube.com\/watch?v=v3g7GgAVrKc<\/div>\n<p>[vc_row][vc_column width=&#8221;1\/2&#8243;]<div class=\"stats-block stats-top   wpb_custom_a517333ace5b1666c6af8bd4684f1de9\"><div class=\"stats-desc\"><div id=\"counter_207567239369de091fb85ca\" data-id=\"counter_207567239369de091fb85ca\" class=\"stats-number\" style=\" \" data-speed=\"1\" data-counter-value=\"6\" data-separator=\",\" data-decimal=\".\">0<\/div><div class=\"counter_suffix mycust\" style=\" \">+<\/div><div class=\"stats-text\" style=\"\">aastased<\/div><\/div><\/div>[\/vc_column][vc_column width=&#8221;1\/2&#8243;]<div class=\"stats-block stats-top   wpb_custom_a517333ace5b1666c6af8bd4684f1de9\"><div class=\"stats-desc\"><div id=\"counter_212965892969de091fb86fc\" data-id=\"counter_212965892969de091fb86fc\" class=\"stats-number\" style=\" \" data-speed=\"1\" data-counter-value=\"4\" data-separator=\",\" data-decimal=\".\">0<\/div><div class=\"stats-text\" style=\"\">versiooni<\/div><\/div><\/div>[\/vc_column][\/vc_row]<\/p>\n","protected":false},"featured_media":16453,"template":"","meta":{"footnotes":""},"product_brand":[],"product_cat":[415],"product_tag":[432],"class_list":{"0":"post-19059","1":"product","2":"type-product","3":"status-publish","4":"has-post-thumbnail","6":"product_cat-o-","7":"product_tag-waboba-ru","8":"pa_kaubamargid-waboba-ru","10":"first","11":"instock","12":"taxable","13":"shipping-taxable","14":"purchasable","15":"product-type-variable"},"yoast_head":"<!-- This site is optimized with the Yoast SEO plugin v27.3 - https:\/\/yoast.com\/product\/yoast-seo-wordpress\/ -->\n<title>Waboba Wingman PRO lendav taldrik - M\u00e4nguasjade maaletoojalt<\/title>\n<meta name=\"description\" content=\"Arendavad \u00f5uem\u00e4ngud. Ole liikumises ja veeda aktiivselt vaba aega. Vanusele 8+ M\u00e4ng on kohe laos olemas. Kiire ja soodne transport.\" \/>\n<meta name=\"robots\" content=\"index, follow, max-snippet:-1, max-image-preview:large, max-video-preview:-1\" \/>\n<link rel=\"canonical\" href=\"https:\/\/aasageko.eu\/ru\/toode\/waboba-wingman-pro-silikoonist-lendav-taldrik\/\" \/>\n<meta property=\"og:locale\" content=\"ru_RU\" \/>\n<meta property=\"og:type\" content=\"article\" \/>\n<meta property=\"og:title\" content=\"Waboba Wingman PRO lendav taldrik - M\u00e4nguasjade maaletoojalt\" \/>\n<meta property=\"og:description\" content=\"Arendavad \u00f5uem\u00e4ngud. Ole liikumises ja veeda aktiivselt vaba aega. Vanusele 8+ M\u00e4ng on kohe laos olemas. Kiire ja soodne transport.\" \/>\n<meta property=\"og:url\" content=\"https:\/\/aasageko.eu\/ru\/toode\/waboba-wingman-pro-silikoonist-lendav-taldrik\/\" \/>\n<meta property=\"og:site_name\" content=\"\u0420\u0430\u0437\u0432\u0438\u0432\u0430\u044e\u0449\u0438\u0435 \u043f\u043b\u0430\u0441\u0442\u043c\u0430\u0441\u0441\u043e\u0432\u044b\u0435 \u0438\u0433\u0440\u0443\u0448\u043a\u0438\" \/>\n<meta property=\"article:publisher\" content=\"https:\/\/www.facebook.com\/aasageko\/community\/\" \/>\n<meta property=\"og:image\" content=\"https:\/\/aasageko.eu\/wp-content\/uploads\/2021\/05\/Wingman-PRO-looduses.jpg\" \/>\n\t<meta property=\"og:image:width\" content=\"1200\" \/>\n\t<meta property=\"og:image:height\" content=\"800\" \/>\n\t<meta property=\"og:image:type\" content=\"image\/jpeg\" \/>\n<meta name=\"twitter:card\" content=\"summary_large_image\" \/>\n<script type=\"application\/ld+json\" class=\"yoast-schema-graph\">{\"@context\":\"https:\\\/\\\/schema.org\",\"@graph\":[{\"@type\":\"WebPage\",\"@id\":\"https:\\\/\\\/aasageko.eu\\\/ru\\\/toode\\\/waboba-wingman-pro-silikoonist-lendav-taldrik\\\/\",\"url\":\"https:\\\/\\\/aasageko.eu\\\/ru\\\/toode\\\/waboba-wingman-pro-silikoonist-lendav-taldrik\\\/\",\"name\":\"Waboba Wingman PRO lendav taldrik - M\u00e4nguasjade maaletoojalt\",\"isPartOf\":{\"@id\":\"https:\\\/\\\/aasageko.eu\\\/#website\"},\"primaryImageOfPage\":{\"@id\":\"https:\\\/\\\/aasageko.eu\\\/ru\\\/toode\\\/waboba-wingman-pro-silikoonist-lendav-taldrik\\\/#primaryimage\"},\"image\":{\"@id\":\"https:\\\/\\\/aasageko.eu\\\/ru\\\/toode\\\/waboba-wingman-pro-silikoonist-lendav-taldrik\\\/#primaryimage\"},\"thumbnailUrl\":\"https:\\\/\\\/aasageko.eu\\\/wp-content\\\/uploads\\\/2021\\\/05\\\/Wingman-PRO-looduses.jpg\",\"datePublished\":\"2021-05-13T07:06:11+00:00\",\"description\":\"Arendavad \u00f5uem\u00e4ngud. Ole liikumises ja veeda aktiivselt vaba aega. Vanusele 8+ M\u00e4ng on kohe laos olemas. Kiire ja soodne transport.\",\"breadcrumb\":{\"@id\":\"https:\\\/\\\/aasageko.eu\\\/ru\\\/toode\\\/waboba-wingman-pro-silikoonist-lendav-taldrik\\\/#breadcrumb\"},\"inLanguage\":\"ru-RU\",\"potentialAction\":[{\"@type\":\"ReadAction\",\"target\":[\"https:\\\/\\\/aasageko.eu\\\/ru\\\/toode\\\/waboba-wingman-pro-silikoonist-lendav-taldrik\\\/\"]}]},{\"@type\":\"ImageObject\",\"inLanguage\":\"ru-RU\",\"@id\":\"https:\\\/\\\/aasageko.eu\\\/ru\\\/toode\\\/waboba-wingman-pro-silikoonist-lendav-taldrik\\\/#primaryimage\",\"url\":\"https:\\\/\\\/aasageko.eu\\\/wp-content\\\/uploads\\\/2021\\\/05\\\/Wingman-PRO-looduses.jpg\",\"contentUrl\":\"https:\\\/\\\/aasageko.eu\\\/wp-content\\\/uploads\\\/2021\\\/05\\\/Wingman-PRO-looduses.jpg\",\"width\":1200,\"height\":800},{\"@type\":\"BreadcrumbList\",\"@id\":\"https:\\\/\\\/aasageko.eu\\\/ru\\\/toode\\\/waboba-wingman-pro-silikoonist-lendav-taldrik\\\/#breadcrumb\",\"itemListElement\":[{\"@type\":\"ListItem\",\"position\":1,\"name\":\"Home\",\"item\":\"https:\\\/\\\/aasageko.eu\\\/ru\\\/\"},{\"@type\":\"ListItem\",\"position\":2,\"name\":\"Pood\",\"item\":\"https:\\\/\\\/aasageko.eu\\\/pood\\\/\"},{\"@type\":\"ListItem\",\"position\":3,\"name\":\"Waboba Wingman PRO lendav taldrik\"}]},{\"@type\":\"WebSite\",\"@id\":\"https:\\\/\\\/aasageko.eu\\\/#website\",\"url\":\"https:\\\/\\\/aasageko.eu\\\/\",\"name\":\"\u0420\u0430\u0437\u0432\u0438\u0432\u0430\u044e\u0449\u0438\u0435 \u043f\u043b\u0430\u0441\u0442\u043c\u0430\u0441\u0441\u043e\u0432\u044b\u0435 \u0438\u0433\u0440\u0443\u0448\u043a\u0438\",\"description\":\"\u0423 \u043d\u0430\u0441 \u0441\u0430\u043c\u044b\u0439 \u0448\u0438\u0440\u043e\u043a\u0438\u0439 \u0430\u0441\u0441\u043e\u0440\u0442\u0438\u043c\u0435\u043d\u0442 \u0440\u0430\u0437\u0432\u0438\u0432\u0430\u044e\u0449\u0438\u0445 \u0438\u0433\u0440\u0443\u0448\u0435\u043a \u0432 \u0418\u043d\u0442\u0435\u0440\u043d\u0435\u0442\u0435. \u041b\u0443\u0447\u0448\u0438\u0435 \u0431\u0440\u0435\u043d\u0434\u044b \u043f\u043e \u043e\u0442\u043b\u0438\u0447\u043d\u044b\u043c \u0446\u0435\u043d\u0430\u043c. \u0411\u044b\u0441\u0442\u0440\u0430\u044f \u0434\u043e\u0441\u0442\u0430\u0432\u043a\u0430. SmartGames, GeoSmart, Waboba, SmartMax, WildRepublic\",\"publisher\":{\"@id\":\"https:\\\/\\\/aasageko.eu\\\/#organization\"},\"potentialAction\":[{\"@type\":\"SearchAction\",\"target\":{\"@type\":\"EntryPoint\",\"urlTemplate\":\"https:\\\/\\\/aasageko.eu\\\/?s={search_term_string}\"},\"query-input\":{\"@type\":\"PropertyValueSpecification\",\"valueRequired\":true,\"valueName\":\"search_term_string\"}}],\"inLanguage\":\"ru-RU\"},{\"@type\":\"Organization\",\"@id\":\"https:\\\/\\\/aasageko.eu\\\/#organization\",\"name\":\"Aasageko\",\"url\":\"https:\\\/\\\/aasageko.eu\\\/\",\"logo\":{\"@type\":\"ImageObject\",\"inLanguage\":\"ru-RU\",\"@id\":\"https:\\\/\\\/aasageko.eu\\\/#\\\/schema\\\/logo\\\/image\\\/\",\"url\":\"https:\\\/\\\/aasageko.eu\\\/wp-content\\\/uploads\\\/2020\\\/03\\\/Aasageko_logo.png\",\"contentUrl\":\"https:\\\/\\\/aasageko.eu\\\/wp-content\\\/uploads\\\/2020\\\/03\\\/Aasageko_logo.png\",\"width\":282,\"height\":182,\"caption\":\"Aasageko\"},\"image\":{\"@id\":\"https:\\\/\\\/aasageko.eu\\\/#\\\/schema\\\/logo\\\/image\\\/\"},\"sameAs\":[\"https:\\\/\\\/www.facebook.com\\\/aasageko\\\/community\\\/\",\"https:\\\/\\\/www.instagram.com\\\/aasageko\\\/\",\"https:\\\/\\\/www.youtube.com\\\/channel\\\/UCBRdElCMa7oWzVFsjP2W5YQ\"]}]}<\/script>\n<!-- \/ Yoast SEO plugin. -->","yoast_head_json":{"title":"Waboba Wingman PRO lendav taldrik - M\u00e4nguasjade maaletoojalt","description":"Arendavad \u00f5uem\u00e4ngud. Ole liikumises ja veeda aktiivselt vaba aega. Vanusele 8+ M\u00e4ng on kohe laos olemas. Kiire ja soodne transport.","robots":{"index":"index","follow":"follow","max-snippet":"max-snippet:-1","max-image-preview":"max-image-preview:large","max-video-preview":"max-video-preview:-1"},"canonical":"https:\/\/aasageko.eu\/ru\/toode\/waboba-wingman-pro-silikoonist-lendav-taldrik\/","og_locale":"ru_RU","og_type":"article","og_title":"Waboba Wingman PRO lendav taldrik - M\u00e4nguasjade maaletoojalt","og_description":"Arendavad \u00f5uem\u00e4ngud. Ole liikumises ja veeda aktiivselt vaba aega. Vanusele 8+ M\u00e4ng on kohe laos olemas. Kiire ja soodne transport.","og_url":"https:\/\/aasageko.eu\/ru\/toode\/waboba-wingman-pro-silikoonist-lendav-taldrik\/","og_site_name":"\u0420\u0430\u0437\u0432\u0438\u0432\u0430\u044e\u0449\u0438\u0435 \u043f\u043b\u0430\u0441\u0442\u043c\u0430\u0441\u0441\u043e\u0432\u044b\u0435 \u0438\u0433\u0440\u0443\u0448\u043a\u0438","article_publisher":"https:\/\/www.facebook.com\/aasageko\/community\/","og_image":[{"width":1200,"height":800,"url":"https:\/\/aasageko.eu\/wp-content\/uploads\/2021\/05\/Wingman-PRO-looduses.jpg","type":"image\/jpeg"}],"twitter_card":"summary_large_image","schema":{"@context":"https:\/\/schema.org","@graph":[{"@type":"WebPage","@id":"https:\/\/aasageko.eu\/ru\/toode\/waboba-wingman-pro-silikoonist-lendav-taldrik\/","url":"https:\/\/aasageko.eu\/ru\/toode\/waboba-wingman-pro-silikoonist-lendav-taldrik\/","name":"Waboba Wingman PRO lendav taldrik - M\u00e4nguasjade maaletoojalt","isPartOf":{"@id":"https:\/\/aasageko.eu\/#website"},"primaryImageOfPage":{"@id":"https:\/\/aasageko.eu\/ru\/toode\/waboba-wingman-pro-silikoonist-lendav-taldrik\/#primaryimage"},"image":{"@id":"https:\/\/aasageko.eu\/ru\/toode\/waboba-wingman-pro-silikoonist-lendav-taldrik\/#primaryimage"},"thumbnailUrl":"https:\/\/aasageko.eu\/wp-content\/uploads\/2021\/05\/Wingman-PRO-looduses.jpg","datePublished":"2021-05-13T07:06:11+00:00","description":"Arendavad \u00f5uem\u00e4ngud. Ole liikumises ja veeda aktiivselt vaba aega. Vanusele 8+ M\u00e4ng on kohe laos olemas. Kiire ja soodne transport.","breadcrumb":{"@id":"https:\/\/aasageko.eu\/ru\/toode\/waboba-wingman-pro-silikoonist-lendav-taldrik\/#breadcrumb"},"inLanguage":"ru-RU","potentialAction":[{"@type":"ReadAction","target":["https:\/\/aasageko.eu\/ru\/toode\/waboba-wingman-pro-silikoonist-lendav-taldrik\/"]}]},{"@type":"ImageObject","inLanguage":"ru-RU","@id":"https:\/\/aasageko.eu\/ru\/toode\/waboba-wingman-pro-silikoonist-lendav-taldrik\/#primaryimage","url":"https:\/\/aasageko.eu\/wp-content\/uploads\/2021\/05\/Wingman-PRO-looduses.jpg","contentUrl":"https:\/\/aasageko.eu\/wp-content\/uploads\/2021\/05\/Wingman-PRO-looduses.jpg","width":1200,"height":800},{"@type":"BreadcrumbList","@id":"https:\/\/aasageko.eu\/ru\/toode\/waboba-wingman-pro-silikoonist-lendav-taldrik\/#breadcrumb","itemListElement":[{"@type":"ListItem","position":1,"name":"Home","item":"https:\/\/aasageko.eu\/ru\/"},{"@type":"ListItem","position":2,"name":"Pood","item":"https:\/\/aasageko.eu\/pood\/"},{"@type":"ListItem","position":3,"name":"Waboba Wingman PRO lendav taldrik"}]},{"@type":"WebSite","@id":"https:\/\/aasageko.eu\/#website","url":"https:\/\/aasageko.eu\/","name":"\u0420\u0430\u0437\u0432\u0438\u0432\u0430\u044e\u0449\u0438\u0435 \u043f\u043b\u0430\u0441\u0442\u043c\u0430\u0441\u0441\u043e\u0432\u044b\u0435 \u0438\u0433\u0440\u0443\u0448\u043a\u0438","description":"\u0423 \u043d\u0430\u0441 \u0441\u0430\u043c\u044b\u0439 \u0448\u0438\u0440\u043e\u043a\u0438\u0439 \u0430\u0441\u0441\u043e\u0440\u0442\u0438\u043c\u0435\u043d\u0442 \u0440\u0430\u0437\u0432\u0438\u0432\u0430\u044e\u0449\u0438\u0445 \u0438\u0433\u0440\u0443\u0448\u0435\u043a \u0432 \u0418\u043d\u0442\u0435\u0440\u043d\u0435\u0442\u0435. \u041b\u0443\u0447\u0448\u0438\u0435 \u0431\u0440\u0435\u043d\u0434\u044b \u043f\u043e \u043e\u0442\u043b\u0438\u0447\u043d\u044b\u043c \u0446\u0435\u043d\u0430\u043c. \u0411\u044b\u0441\u0442\u0440\u0430\u044f \u0434\u043e\u0441\u0442\u0430\u0432\u043a\u0430. SmartGames, GeoSmart, Waboba, SmartMax, WildRepublic","publisher":{"@id":"https:\/\/aasageko.eu\/#organization"},"potentialAction":[{"@type":"SearchAction","target":{"@type":"EntryPoint","urlTemplate":"https:\/\/aasageko.eu\/?s={search_term_string}"},"query-input":{"@type":"PropertyValueSpecification","valueRequired":true,"valueName":"search_term_string"}}],"inLanguage":"ru-RU"},{"@type":"Organization","@id":"https:\/\/aasageko.eu\/#organization","name":"Aasageko","url":"https:\/\/aasageko.eu\/","logo":{"@type":"ImageObject","inLanguage":"ru-RU","@id":"https:\/\/aasageko.eu\/#\/schema\/logo\/image\/","url":"https:\/\/aasageko.eu\/wp-content\/uploads\/2020\/03\/Aasageko_logo.png","contentUrl":"https:\/\/aasageko.eu\/wp-content\/uploads\/2020\/03\/Aasageko_logo.png","width":282,"height":182,"caption":"Aasageko"},"image":{"@id":"https:\/\/aasageko.eu\/#\/schema\/logo\/image\/"},"sameAs":["https:\/\/www.facebook.com\/aasageko\/community\/","https:\/\/www.instagram.com\/aasageko\/","https:\/\/www.youtube.com\/channel\/UCBRdElCMa7oWzVFsjP2W5YQ"]}]}},"_links":{"self":[{"href":"https:\/\/aasageko.eu\/ru\/wp-json\/wp\/v2\/product\/19059","targetHints":{"allow":["GET"]}}],"collection":[{"href":"https:\/\/aasageko.eu\/ru\/wp-json\/wp\/v2\/product"}],"about":[{"href":"https:\/\/aasageko.eu\/ru\/wp-json\/wp\/v2\/types\/product"}],"version-history":[{"count":0,"href":"https:\/\/aasageko.eu\/ru\/wp-json\/wp\/v2\/product\/19059\/revisions"}],"wp:featuredmedia":[{"embeddable":true,"href":"https:\/\/aasageko.eu\/ru\/wp-json\/wp\/v2\/media\/16453"}],"wp:attachment":[{"href":"https:\/\/aasageko.eu\/ru\/wp-json\/wp\/v2\/media?parent=19059"}],"wp:term":[{"taxonomy":"product_brand","embeddable":true,"href":"https:\/\/aasageko.eu\/ru\/wp-json\/wp\/v2\/product_brand?post=19059"},{"taxonomy":"product_cat","embeddable":true,"href":"https:\/\/aasageko.eu\/ru\/wp-json\/wp\/v2\/product_cat?post=19059"},{"taxonomy":"product_tag","embeddable":true,"href":"https:\/\/aasageko.eu\/ru\/wp-json\/wp\/v2\/product_tag?post=19059"}],"curies":[{"name":"wp","href":"https:\/\/api.w.org\/{rel}","templated":true}]}}