{"id":18550,"date":"2022-04-10T14:19:54","date_gmt":"2022-04-10T14:19:54","guid":{"rendered":"https:\/\/aasageko.eu\/?post_type=product&#038;p=18550"},"modified":"2026-04-07T06:19:22","modified_gmt":"2026-04-07T06:19:22","slug":"haalega-lind-laulurastas","status":"publish","type":"product","link":"https:\/\/aasageko.eu\/ru\/toode\/haalega-lind-laulurastas\/","title":{"rendered":"H\u00e4\u00e4lega lind laulur\u00e4stas"},"content":{"rendered":"","protected":false},"excerpt":{"rendered":"<p>Aita lapsel avastada ettekujutuse metsikut maailma Wild Republicu pehmete m\u00e4nguloomadega. Valmistatud kestvatest materjalidest ja v\u00f5imalikult p\u00e4rislooma sarnase disainiga. Need kvaliteetsed m\u00e4nguloomad on loodud kestma, on turvalised ja sobivad m\u00e4ngimiseks juba esimesest eluaastast. M\u00e4ngides arendadab kujutlusv\u00f5imet ja fantaasiat.<br \/>\nM\u00e4ngulinnu karv on m\u00f5nusalt pehme ja sile!<\/p>\n<p>Laulur\u00e4sta rahvap\u00e4rane nimetus on vale\u00f6\u00f6bik. Laulur\u00e4stas on Eestis \u00fcldlevinud rohkearvuline haudelind ja l\u00e4bir\u00e4ndaja. Laulur\u00e4sta laulu peetakse \u00fcheks meeldivamaks linnulauluks. Tema laul on k\u00f5lav, vali, kauakestev ja vaheldusrikas ning sisaldab mitmekesiseid vilesilpe. Lihtsalt vajuta laulur\u00e4sta seljale ja lind hakkab laulma. Linnu k\u00f5rgus pealaest k\u00f5huni on 10 cm ja k\u00f5hust sabaotsani 15 cm.<\/p>\n<p>[vc_row][vc_column width=&#8221;1\/2&#8243;]<div class=\"stats-block stats-top   wpb_custom_a517333ace5b1666c6af8bd4684f1de9\"><div class=\"stats-desc\"><div id=\"counter_178472563269e23345166e5\" data-id=\"counter_178472563269e23345166e5\" class=\"stats-number\" style=\" \" data-speed=\"1\" data-counter-value=\"0\" data-separator=\",\" data-decimal=\".\">0<\/div><div class=\"counter_suffix mycust\" style=\" \">+<\/div><div class=\"stats-text\" style=\"\">aastased<\/div><\/div><\/div>[\/vc_column][vc_column width=&#8221;1\/2&#8243;]<div class=\"stats-block stats-top   wpb_custom_a517333ace5b1666c6af8bd4684f1de9\"><div class=\"stats-desc\"><div id=\"counter_211892696469e23345167e4\" data-id=\"counter_211892696469e23345167e4\" class=\"stats-number\" style=\" \" data-speed=\"1\" data-counter-value=\"10\" data-separator=\",\" data-decimal=\".\">0<\/div><div class=\"counter_suffix mycust\" style=\" \">cm<\/div><div class=\"stats-text\" style=\"\">k\u00f5rgus<\/div><\/div><\/div>[\/vc_column][\/vc_row]<\/p>\n","protected":false},"featured_media":18498,"template":"","meta":{"footnotes":""},"product_brand":[],"product_cat":[128],"product_tag":[],"class_list":{"0":"post-18550","1":"product","2":"type-product","3":"status-publish","4":"has-post-thumbnail","6":"product_cat-pehmed-manguasjad","8":"first","9":"instock","10":"taxable","11":"shipping-taxable","12":"purchasable","13":"product-type-simple"},"yoast_head":"<!-- This site is optimized with the Yoast SEO plugin v27.4 - https:\/\/yoast.com\/product\/yoast-seo-wordpress\/ -->\n<title>H\u00e4\u00e4lega lind laulur\u00e4stas - \u0420\u0430\u0437\u0432\u0438\u0432\u0430\u044e\u0449\u0438\u0435 \u043f\u043b\u0430\u0441\u0442\u043c\u0430\u0441\u0441\u043e\u0432\u044b\u0435 \u0438\u0433\u0440\u0443\u0448\u043a\u0438<\/title>\n<meta name=\"description\" content=\"Wild Republicu pehme m\u00e4nguasi laulur\u00e4stas on v\u00f5imalikult p\u00e4rislinnu sarnane. Seljale vajutades hakkab lind laulma. Kohe laos olemas, kiire transport!\" \/>\n<meta name=\"robots\" content=\"index, follow, max-snippet:-1, max-image-preview:large, max-video-preview:-1\" \/>\n<link rel=\"canonical\" href=\"https:\/\/aasageko.eu\/toode\/haalega-lind-laulurastas\/\" \/>\n<meta property=\"og:locale\" content=\"ru_RU\" \/>\n<meta property=\"og:type\" content=\"article\" \/>\n<meta property=\"og:title\" content=\"H\u00e4\u00e4lega lind laulur\u00e4stas - \u0420\u0430\u0437\u0432\u0438\u0432\u0430\u044e\u0449\u0438\u0435 \u043f\u043b\u0430\u0441\u0442\u043c\u0430\u0441\u0441\u043e\u0432\u044b\u0435 \u0438\u0433\u0440\u0443\u0448\u043a\u0438\" \/>\n<meta property=\"og:description\" content=\"Wild Republicu pehme m\u00e4nguasi laulur\u00e4stas on v\u00f5imalikult p\u00e4rislinnu sarnane. Seljale vajutades hakkab lind laulma. Kohe laos olemas, kiire transport!\" \/>\n<meta property=\"og:url\" content=\"https:\/\/aasageko.eu\/toode\/haalega-lind-laulurastas\/\" \/>\n<meta property=\"og:site_name\" content=\"\u0420\u0430\u0437\u0432\u0438\u0432\u0430\u044e\u0449\u0438\u0435 \u043f\u043b\u0430\u0441\u0442\u043c\u0430\u0441\u0441\u043e\u0432\u044b\u0435 \u0438\u0433\u0440\u0443\u0448\u043a\u0438\" \/>\n<meta property=\"article:publisher\" content=\"https:\/\/www.facebook.com\/aasageko\/community\/\" \/>\n<meta property=\"article:modified_time\" content=\"2026-04-07T06:19:22+00:00\" \/>\n<meta property=\"og:image\" content=\"https:\/\/aasageko.eu\/wp-content\/uploads\/2023\/12\/19497-Laulurastas.jpg\" \/>\n\t<meta property=\"og:image:width\" content=\"1200\" \/>\n\t<meta property=\"og:image:height\" content=\"1174\" \/>\n\t<meta property=\"og:image:type\" content=\"image\/jpeg\" \/>\n<meta name=\"twitter:card\" content=\"summary_large_image\" \/>\n<script type=\"application\/ld+json\" class=\"yoast-schema-graph\">{\"@context\":\"https:\\\/\\\/schema.org\",\"@graph\":[{\"@type\":\"WebPage\",\"@id\":\"https:\\\/\\\/aasageko.eu\\\/toode\\\/haalega-lind-laulurastas\\\/\",\"url\":\"https:\\\/\\\/aasageko.eu\\\/toode\\\/haalega-lind-laulurastas\\\/\",\"name\":\"H\u00e4\u00e4lega lind laulur\u00e4stas - \u0420\u0430\u0437\u0432\u0438\u0432\u0430\u044e\u0449\u0438\u0435 \u043f\u043b\u0430\u0441\u0442\u043c\u0430\u0441\u0441\u043e\u0432\u044b\u0435 \u0438\u0433\u0440\u0443\u0448\u043a\u0438\",\"isPartOf\":{\"@id\":\"https:\\\/\\\/aasageko.eu\\\/#website\"},\"primaryImageOfPage\":{\"@id\":\"https:\\\/\\\/aasageko.eu\\\/toode\\\/haalega-lind-laulurastas\\\/#primaryimage\"},\"image\":{\"@id\":\"https:\\\/\\\/aasageko.eu\\\/toode\\\/haalega-lind-laulurastas\\\/#primaryimage\"},\"thumbnailUrl\":\"https:\\\/\\\/aasageko.eu\\\/wp-content\\\/uploads\\\/2023\\\/12\\\/19497-Laulurastas.jpg\",\"datePublished\":\"2022-04-10T14:19:54+00:00\",\"dateModified\":\"2026-04-07T06:19:22+00:00\",\"description\":\"Wild Republicu pehme m\u00e4nguasi laulur\u00e4stas on v\u00f5imalikult p\u00e4rislinnu sarnane. Seljale vajutades hakkab lind laulma. Kohe laos olemas, kiire transport!\",\"breadcrumb\":{\"@id\":\"https:\\\/\\\/aasageko.eu\\\/toode\\\/haalega-lind-laulurastas\\\/#breadcrumb\"},\"inLanguage\":\"ru-RU\",\"potentialAction\":[{\"@type\":\"ReadAction\",\"target\":[\"https:\\\/\\\/aasageko.eu\\\/toode\\\/haalega-lind-laulurastas\\\/\"]}]},{\"@type\":\"ImageObject\",\"inLanguage\":\"ru-RU\",\"@id\":\"https:\\\/\\\/aasageko.eu\\\/toode\\\/haalega-lind-laulurastas\\\/#primaryimage\",\"url\":\"https:\\\/\\\/aasageko.eu\\\/wp-content\\\/uploads\\\/2023\\\/12\\\/19497-Laulurastas.jpg\",\"contentUrl\":\"https:\\\/\\\/aasageko.eu\\\/wp-content\\\/uploads\\\/2023\\\/12\\\/19497-Laulurastas.jpg\",\"width\":1200,\"height\":1174},{\"@type\":\"BreadcrumbList\",\"@id\":\"https:\\\/\\\/aasageko.eu\\\/toode\\\/haalega-lind-laulurastas\\\/#breadcrumb\",\"itemListElement\":[{\"@type\":\"ListItem\",\"position\":1,\"name\":\"Home\",\"item\":\"https:\\\/\\\/aasageko.eu\\\/ru\\\/\"},{\"@type\":\"ListItem\",\"position\":2,\"name\":\"Pood\",\"item\":\"https:\\\/\\\/aasageko.eu\\\/pood\\\/\"},{\"@type\":\"ListItem\",\"position\":3,\"name\":\"H\u00e4\u00e4lega lind laulur\u00e4stas\"}]},{\"@type\":\"WebSite\",\"@id\":\"https:\\\/\\\/aasageko.eu\\\/#website\",\"url\":\"https:\\\/\\\/aasageko.eu\\\/\",\"name\":\"\u0420\u0430\u0437\u0432\u0438\u0432\u0430\u044e\u0449\u0438\u0435 \u043f\u043b\u0430\u0441\u0442\u043c\u0430\u0441\u0441\u043e\u0432\u044b\u0435 \u0438\u0433\u0440\u0443\u0448\u043a\u0438\",\"description\":\"\u0423 \u043d\u0430\u0441 \u0441\u0430\u043c\u044b\u0439 \u0448\u0438\u0440\u043e\u043a\u0438\u0439 \u0430\u0441\u0441\u043e\u0440\u0442\u0438\u043c\u0435\u043d\u0442 \u0440\u0430\u0437\u0432\u0438\u0432\u0430\u044e\u0449\u0438\u0445 \u0438\u0433\u0440\u0443\u0448\u0435\u043a \u0432 \u0418\u043d\u0442\u0435\u0440\u043d\u0435\u0442\u0435. \u041b\u0443\u0447\u0448\u0438\u0435 \u0431\u0440\u0435\u043d\u0434\u044b \u043f\u043e \u043e\u0442\u043b\u0438\u0447\u043d\u044b\u043c \u0446\u0435\u043d\u0430\u043c. \u0411\u044b\u0441\u0442\u0440\u0430\u044f \u0434\u043e\u0441\u0442\u0430\u0432\u043a\u0430. SmartGames, GeoSmart, Waboba, SmartMax, WildRepublic\",\"publisher\":{\"@id\":\"https:\\\/\\\/aasageko.eu\\\/#organization\"},\"potentialAction\":[{\"@type\":\"SearchAction\",\"target\":{\"@type\":\"EntryPoint\",\"urlTemplate\":\"https:\\\/\\\/aasageko.eu\\\/?s={search_term_string}\"},\"query-input\":{\"@type\":\"PropertyValueSpecification\",\"valueRequired\":true,\"valueName\":\"search_term_string\"}}],\"inLanguage\":\"ru-RU\"},{\"@type\":\"Organization\",\"@id\":\"https:\\\/\\\/aasageko.eu\\\/#organization\",\"name\":\"Aasageko\",\"url\":\"https:\\\/\\\/aasageko.eu\\\/\",\"logo\":{\"@type\":\"ImageObject\",\"inLanguage\":\"ru-RU\",\"@id\":\"https:\\\/\\\/aasageko.eu\\\/#\\\/schema\\\/logo\\\/image\\\/\",\"url\":\"https:\\\/\\\/aasageko.eu\\\/wp-content\\\/uploads\\\/2020\\\/03\\\/Aasageko_logo.png\",\"contentUrl\":\"https:\\\/\\\/aasageko.eu\\\/wp-content\\\/uploads\\\/2020\\\/03\\\/Aasageko_logo.png\",\"width\":282,\"height\":182,\"caption\":\"Aasageko\"},\"image\":{\"@id\":\"https:\\\/\\\/aasageko.eu\\\/#\\\/schema\\\/logo\\\/image\\\/\"},\"sameAs\":[\"https:\\\/\\\/www.facebook.com\\\/aasageko\\\/community\\\/\",\"https:\\\/\\\/www.instagram.com\\\/aasageko\\\/\",\"https:\\\/\\\/www.youtube.com\\\/channel\\\/UCBRdElCMa7oWzVFsjP2W5YQ\"]}]}<\/script>\n<!-- \/ Yoast SEO plugin. -->","yoast_head_json":{"title":"H\u00e4\u00e4lega lind laulur\u00e4stas - \u0420\u0430\u0437\u0432\u0438\u0432\u0430\u044e\u0449\u0438\u0435 \u043f\u043b\u0430\u0441\u0442\u043c\u0430\u0441\u0441\u043e\u0432\u044b\u0435 \u0438\u0433\u0440\u0443\u0448\u043a\u0438","description":"Wild Republicu pehme m\u00e4nguasi laulur\u00e4stas on v\u00f5imalikult p\u00e4rislinnu sarnane. Seljale vajutades hakkab lind laulma. Kohe laos olemas, kiire transport!","robots":{"index":"index","follow":"follow","max-snippet":"max-snippet:-1","max-image-preview":"max-image-preview:large","max-video-preview":"max-video-preview:-1"},"canonical":"https:\/\/aasageko.eu\/toode\/haalega-lind-laulurastas\/","og_locale":"ru_RU","og_type":"article","og_title":"H\u00e4\u00e4lega lind laulur\u00e4stas - \u0420\u0430\u0437\u0432\u0438\u0432\u0430\u044e\u0449\u0438\u0435 \u043f\u043b\u0430\u0441\u0442\u043c\u0430\u0441\u0441\u043e\u0432\u044b\u0435 \u0438\u0433\u0440\u0443\u0448\u043a\u0438","og_description":"Wild Republicu pehme m\u00e4nguasi laulur\u00e4stas on v\u00f5imalikult p\u00e4rislinnu sarnane. Seljale vajutades hakkab lind laulma. Kohe laos olemas, kiire transport!","og_url":"https:\/\/aasageko.eu\/toode\/haalega-lind-laulurastas\/","og_site_name":"\u0420\u0430\u0437\u0432\u0438\u0432\u0430\u044e\u0449\u0438\u0435 \u043f\u043b\u0430\u0441\u0442\u043c\u0430\u0441\u0441\u043e\u0432\u044b\u0435 \u0438\u0433\u0440\u0443\u0448\u043a\u0438","article_publisher":"https:\/\/www.facebook.com\/aasageko\/community\/","article_modified_time":"2026-04-07T06:19:22+00:00","og_image":[{"width":1200,"height":1174,"url":"https:\/\/aasageko.eu\/wp-content\/uploads\/2023\/12\/19497-Laulurastas.jpg","type":"image\/jpeg"}],"twitter_card":"summary_large_image","schema":{"@context":"https:\/\/schema.org","@graph":[{"@type":"WebPage","@id":"https:\/\/aasageko.eu\/toode\/haalega-lind-laulurastas\/","url":"https:\/\/aasageko.eu\/toode\/haalega-lind-laulurastas\/","name":"H\u00e4\u00e4lega lind laulur\u00e4stas - \u0420\u0430\u0437\u0432\u0438\u0432\u0430\u044e\u0449\u0438\u0435 \u043f\u043b\u0430\u0441\u0442\u043c\u0430\u0441\u0441\u043e\u0432\u044b\u0435 \u0438\u0433\u0440\u0443\u0448\u043a\u0438","isPartOf":{"@id":"https:\/\/aasageko.eu\/#website"},"primaryImageOfPage":{"@id":"https:\/\/aasageko.eu\/toode\/haalega-lind-laulurastas\/#primaryimage"},"image":{"@id":"https:\/\/aasageko.eu\/toode\/haalega-lind-laulurastas\/#primaryimage"},"thumbnailUrl":"https:\/\/aasageko.eu\/wp-content\/uploads\/2023\/12\/19497-Laulurastas.jpg","datePublished":"2022-04-10T14:19:54+00:00","dateModified":"2026-04-07T06:19:22+00:00","description":"Wild Republicu pehme m\u00e4nguasi laulur\u00e4stas on v\u00f5imalikult p\u00e4rislinnu sarnane. Seljale vajutades hakkab lind laulma. Kohe laos olemas, kiire transport!","breadcrumb":{"@id":"https:\/\/aasageko.eu\/toode\/haalega-lind-laulurastas\/#breadcrumb"},"inLanguage":"ru-RU","potentialAction":[{"@type":"ReadAction","target":["https:\/\/aasageko.eu\/toode\/haalega-lind-laulurastas\/"]}]},{"@type":"ImageObject","inLanguage":"ru-RU","@id":"https:\/\/aasageko.eu\/toode\/haalega-lind-laulurastas\/#primaryimage","url":"https:\/\/aasageko.eu\/wp-content\/uploads\/2023\/12\/19497-Laulurastas.jpg","contentUrl":"https:\/\/aasageko.eu\/wp-content\/uploads\/2023\/12\/19497-Laulurastas.jpg","width":1200,"height":1174},{"@type":"BreadcrumbList","@id":"https:\/\/aasageko.eu\/toode\/haalega-lind-laulurastas\/#breadcrumb","itemListElement":[{"@type":"ListItem","position":1,"name":"Home","item":"https:\/\/aasageko.eu\/ru\/"},{"@type":"ListItem","position":2,"name":"Pood","item":"https:\/\/aasageko.eu\/pood\/"},{"@type":"ListItem","position":3,"name":"H\u00e4\u00e4lega lind laulur\u00e4stas"}]},{"@type":"WebSite","@id":"https:\/\/aasageko.eu\/#website","url":"https:\/\/aasageko.eu\/","name":"\u0420\u0430\u0437\u0432\u0438\u0432\u0430\u044e\u0449\u0438\u0435 \u043f\u043b\u0430\u0441\u0442\u043c\u0430\u0441\u0441\u043e\u0432\u044b\u0435 \u0438\u0433\u0440\u0443\u0448\u043a\u0438","description":"\u0423 \u043d\u0430\u0441 \u0441\u0430\u043c\u044b\u0439 \u0448\u0438\u0440\u043e\u043a\u0438\u0439 \u0430\u0441\u0441\u043e\u0440\u0442\u0438\u043c\u0435\u043d\u0442 \u0440\u0430\u0437\u0432\u0438\u0432\u0430\u044e\u0449\u0438\u0445 \u0438\u0433\u0440\u0443\u0448\u0435\u043a \u0432 \u0418\u043d\u0442\u0435\u0440\u043d\u0435\u0442\u0435. \u041b\u0443\u0447\u0448\u0438\u0435 \u0431\u0440\u0435\u043d\u0434\u044b \u043f\u043e \u043e\u0442\u043b\u0438\u0447\u043d\u044b\u043c \u0446\u0435\u043d\u0430\u043c. \u0411\u044b\u0441\u0442\u0440\u0430\u044f \u0434\u043e\u0441\u0442\u0430\u0432\u043a\u0430. SmartGames, GeoSmart, Waboba, SmartMax, WildRepublic","publisher":{"@id":"https:\/\/aasageko.eu\/#organization"},"potentialAction":[{"@type":"SearchAction","target":{"@type":"EntryPoint","urlTemplate":"https:\/\/aasageko.eu\/?s={search_term_string}"},"query-input":{"@type":"PropertyValueSpecification","valueRequired":true,"valueName":"search_term_string"}}],"inLanguage":"ru-RU"},{"@type":"Organization","@id":"https:\/\/aasageko.eu\/#organization","name":"Aasageko","url":"https:\/\/aasageko.eu\/","logo":{"@type":"ImageObject","inLanguage":"ru-RU","@id":"https:\/\/aasageko.eu\/#\/schema\/logo\/image\/","url":"https:\/\/aasageko.eu\/wp-content\/uploads\/2020\/03\/Aasageko_logo.png","contentUrl":"https:\/\/aasageko.eu\/wp-content\/uploads\/2020\/03\/Aasageko_logo.png","width":282,"height":182,"caption":"Aasageko"},"image":{"@id":"https:\/\/aasageko.eu\/#\/schema\/logo\/image\/"},"sameAs":["https:\/\/www.facebook.com\/aasageko\/community\/","https:\/\/www.instagram.com\/aasageko\/","https:\/\/www.youtube.com\/channel\/UCBRdElCMa7oWzVFsjP2W5YQ"]}]}},"_links":{"self":[{"href":"https:\/\/aasageko.eu\/ru\/wp-json\/wp\/v2\/product\/18550","targetHints":{"allow":["GET"]}}],"collection":[{"href":"https:\/\/aasageko.eu\/ru\/wp-json\/wp\/v2\/product"}],"about":[{"href":"https:\/\/aasageko.eu\/ru\/wp-json\/wp\/v2\/types\/product"}],"version-history":[{"count":1,"href":"https:\/\/aasageko.eu\/ru\/wp-json\/wp\/v2\/product\/18550\/revisions"}],"predecessor-version":[{"id":18551,"href":"https:\/\/aasageko.eu\/ru\/wp-json\/wp\/v2\/product\/18550\/revisions\/18551"}],"wp:featuredmedia":[{"embeddable":true,"href":"https:\/\/aasageko.eu\/ru\/wp-json\/wp\/v2\/media\/18498"}],"wp:attachment":[{"href":"https:\/\/aasageko.eu\/ru\/wp-json\/wp\/v2\/media?parent=18550"}],"wp:term":[{"taxonomy":"product_brand","embeddable":true,"href":"https:\/\/aasageko.eu\/ru\/wp-json\/wp\/v2\/product_brand?post=18550"},{"taxonomy":"product_cat","embeddable":true,"href":"https:\/\/aasageko.eu\/ru\/wp-json\/wp\/v2\/product_cat?post=18550"},{"taxonomy":"product_tag","embeddable":true,"href":"https:\/\/aasageko.eu\/ru\/wp-json\/wp\/v2\/product_tag?post=18550"}],"curies":[{"name":"wp","href":"https:\/\/api.w.org\/{rel}","templated":true}]}}