{"id":12825,"date":"2021-05-13T08:51:31","date_gmt":"2021-05-13T08:51:31","guid":{"rendered":"https:\/\/aasageko.eu\/?post_type=product&#038;p=12825"},"modified":"2023-05-11T12:37:37","modified_gmt":"2023-05-11T12:37:37","slug":"ouemang-waboba-airlyft-ehk-lennutatav-silinder","status":"publish","type":"product","link":"https:\/\/aasageko.eu\/ru\/toode\/ouemang-waboba-airlyft-ehk-lennutatav-silinder\/","title":{"rendered":"\u00d5uem\u00e4ng AirLyft ehk lennutatav silinder"},"content":{"rendered":"","protected":false},"excerpt":{"rendered":"<p>AIRLYFT on uus \u00f5uem\u00e4ng, see on seest \u00f5\u00f5nes silinder \u00f5hku loopimiseks. Airlyfti lennutamise kaugus on kuni 30 meetrit! Spetsiaalselt \u00f5\u00f5nsana projekteeritud kuju laseb \u00f5hu l\u00e4bi tunneli ja annab Airlyftile maksimaalse t\u00f5ste ning pika lennu. Seda on iga\u00fchel lihtne visata ja olenevalt viskest lendab Airlift kas k\u00f5rgele v\u00f5i kaugele. Viska \u00fclek\u00e4e v\u00f5i altk\u00e4tt. Lennuta teda sabast v\u00f5i viska r\u00f5ngast!<\/p>\n<p>Sobib kogu pere meelelahutuseks. M\u00f5eldud m\u00e4ngimiseks rannaliival v\u00f5i murul. V\u00e4ltida koduloomade k\u00e4tte sattumist!<\/p>\n<p>Valikus on neli lahedat disaini. Vali oma lemmik!<\/p>\n<p>&nbsp;<\/p>\n<div id=\"hidden-link\">https:\/\/www.youtube.com\/watch?v=JPx-_ELZbpk<\/div>\n<p>[vc_row][vc_column width=&#8221;1\/2&#8243;]<div class=\"stats-block stats-top   wpb_custom_a517333ace5b1666c6af8bd4684f1de9\"><div class=\"stats-desc\"><div id=\"counter_196953330769f9d40173c78\" data-id=\"counter_196953330769f9d40173c78\" class=\"stats-number\" style=\" \" data-speed=\"1\" data-counter-value=\"6\" data-separator=\",\" data-decimal=\".\">0<\/div><div class=\"counter_suffix mycust\" style=\" \">+<\/div><div class=\"stats-text\" style=\"\">aastased<\/div><\/div><\/div>[\/vc_column][vc_column width=&#8221;1\/2&#8243;]<div class=\"stats-block stats-top   wpb_custom_a517333ace5b1666c6af8bd4684f1de9\"><div class=\"stats-desc\"><div id=\"counter_66125668069f9d40173d94\" data-id=\"counter_66125668069f9d40173d94\" class=\"stats-number\" style=\" \" data-speed=\"1\" data-counter-value=\"4\" data-separator=\",\" data-decimal=\".\">0<\/div><div class=\"stats-text\" style=\"\">versiooni<\/div><\/div><\/div>[\/vc_column][\/vc_row]<\/p>\n","protected":false},"featured_media":12846,"template":"","meta":{"footnotes":""},"product_brand":[],"product_cat":[145],"product_tag":[256],"class_list":{"0":"post-12825","1":"product","2":"type-product","3":"status-publish","4":"has-post-thumbnail","6":"product_cat-ouemangud","7":"product_tag-waboba","8":"pa_kaubamargid-waboba","10":"first","11":"instock","12":"taxable","13":"shipping-taxable","14":"purchasable","15":"product-type-variable"},"yoast_head":"<!-- This site is optimized with the Yoast SEO plugin v27.5 - https:\/\/yoast.com\/product\/yoast-seo-wordpress\/ -->\n<title>\u00d5uem\u00e4ng AirLyft ehk lennutatav silinder - M\u00e4nguasjade maaletooja<\/title>\n<meta name=\"description\" content=\"Arendavad \u00f5ue- ja spordim\u00e4ngud. Ole liikumises ja veeda aktiivselt vaba aega. Vanusele 6+ Airlift on kohe laos olemas. Kiire ja soodne transport.\" \/>\n<meta name=\"robots\" content=\"index, follow, max-snippet:-1, max-image-preview:large, max-video-preview:-1\" \/>\n<link rel=\"canonical\" href=\"https:\/\/aasageko.eu\/en\/toode\/ouemang-waboba-airlyft-ehk-lennutatav-silinder\/\" \/>\n<meta property=\"og:locale\" content=\"ru_RU\" \/>\n<meta property=\"og:type\" content=\"article\" \/>\n<meta property=\"og:title\" content=\"\u00d5uem\u00e4ng AirLyft ehk lennutatav silinder - M\u00e4nguasjade maaletooja\" \/>\n<meta property=\"og:description\" content=\"Arendavad \u00f5ue- ja spordim\u00e4ngud. Ole liikumises ja veeda aktiivselt vaba aega. Vanusele 6+ Airlift on kohe laos olemas. Kiire ja soodne transport.\" \/>\n<meta property=\"og:url\" content=\"https:\/\/aasageko.eu\/en\/toode\/ouemang-waboba-airlyft-ehk-lennutatav-silinder\/\" \/>\n<meta property=\"og:site_name\" content=\"\u0420\u0430\u0437\u0432\u0438\u0432\u0430\u044e\u0449\u0438\u0435 \u043f\u043b\u0430\u0441\u0442\u043c\u0430\u0441\u0441\u043e\u0432\u044b\u0435 \u0438\u0433\u0440\u0443\u0448\u043a\u0438\" \/>\n<meta property=\"article:publisher\" content=\"https:\/\/www.facebook.com\/aasageko\/community\/\" \/>\n<meta property=\"article:modified_time\" content=\"2023-05-11T12:37:37+00:00\" \/>\n<meta property=\"og:image\" content=\"https:\/\/aasageko.eu\/wp-content\/uploads\/2021\/05\/Kael.jpg\" \/>\n\t<meta property=\"og:image:width\" content=\"1200\" \/>\n\t<meta property=\"og:image:height\" content=\"800\" \/>\n\t<meta property=\"og:image:type\" content=\"image\/jpeg\" \/>\n<meta name=\"twitter:card\" content=\"summary_large_image\" \/>\n<script type=\"application\/ld+json\" class=\"yoast-schema-graph\">{\"@context\":\"https:\\\/\\\/schema.org\",\"@graph\":[{\"@type\":\"WebPage\",\"@id\":\"https:\\\/\\\/aasageko.eu\\\/en\\\/toode\\\/ouemang-waboba-airlyft-ehk-lennutatav-silinder\\\/\",\"url\":\"https:\\\/\\\/aasageko.eu\\\/en\\\/toode\\\/ouemang-waboba-airlyft-ehk-lennutatav-silinder\\\/\",\"name\":\"\u00d5uem\u00e4ng AirLyft ehk lennutatav silinder - M\u00e4nguasjade maaletooja\",\"isPartOf\":{\"@id\":\"https:\\\/\\\/aasageko.eu\\\/#website\"},\"primaryImageOfPage\":{\"@id\":\"https:\\\/\\\/aasageko.eu\\\/en\\\/toode\\\/ouemang-waboba-airlyft-ehk-lennutatav-silinder\\\/#primaryimage\"},\"image\":{\"@id\":\"https:\\\/\\\/aasageko.eu\\\/en\\\/toode\\\/ouemang-waboba-airlyft-ehk-lennutatav-silinder\\\/#primaryimage\"},\"thumbnailUrl\":\"https:\\\/\\\/aasageko.eu\\\/wp-content\\\/uploads\\\/2021\\\/05\\\/Kael.jpg\",\"datePublished\":\"2021-05-13T08:51:31+00:00\",\"dateModified\":\"2023-05-11T12:37:37+00:00\",\"description\":\"Arendavad \u00f5ue- ja spordim\u00e4ngud. Ole liikumises ja veeda aktiivselt vaba aega. Vanusele 6+ Airlift on kohe laos olemas. Kiire ja soodne transport.\",\"breadcrumb\":{\"@id\":\"https:\\\/\\\/aasageko.eu\\\/en\\\/toode\\\/ouemang-waboba-airlyft-ehk-lennutatav-silinder\\\/#breadcrumb\"},\"inLanguage\":\"ru-RU\",\"potentialAction\":[{\"@type\":\"ReadAction\",\"target\":[\"https:\\\/\\\/aasageko.eu\\\/en\\\/toode\\\/ouemang-waboba-airlyft-ehk-lennutatav-silinder\\\/\"]}]},{\"@type\":\"ImageObject\",\"inLanguage\":\"ru-RU\",\"@id\":\"https:\\\/\\\/aasageko.eu\\\/en\\\/toode\\\/ouemang-waboba-airlyft-ehk-lennutatav-silinder\\\/#primaryimage\",\"url\":\"https:\\\/\\\/aasageko.eu\\\/wp-content\\\/uploads\\\/2021\\\/05\\\/Kael.jpg\",\"contentUrl\":\"https:\\\/\\\/aasageko.eu\\\/wp-content\\\/uploads\\\/2021\\\/05\\\/Kael.jpg\",\"width\":1200,\"height\":800},{\"@type\":\"BreadcrumbList\",\"@id\":\"https:\\\/\\\/aasageko.eu\\\/en\\\/toode\\\/ouemang-waboba-airlyft-ehk-lennutatav-silinder\\\/#breadcrumb\",\"itemListElement\":[{\"@type\":\"ListItem\",\"position\":1,\"name\":\"Home\",\"item\":\"https:\\\/\\\/aasageko.eu\\\/ru\\\/\"},{\"@type\":\"ListItem\",\"position\":2,\"name\":\"Pood\",\"item\":\"https:\\\/\\\/aasageko.eu\\\/pood\\\/\"},{\"@type\":\"ListItem\",\"position\":3,\"name\":\"\u00d5uem\u00e4ng AirLyft ehk lennutatav silinder\"}]},{\"@type\":\"WebSite\",\"@id\":\"https:\\\/\\\/aasageko.eu\\\/#website\",\"url\":\"https:\\\/\\\/aasageko.eu\\\/\",\"name\":\"\u0420\u0430\u0437\u0432\u0438\u0432\u0430\u044e\u0449\u0438\u0435 \u043f\u043b\u0430\u0441\u0442\u043c\u0430\u0441\u0441\u043e\u0432\u044b\u0435 \u0438\u0433\u0440\u0443\u0448\u043a\u0438\",\"description\":\"\u0423 \u043d\u0430\u0441 \u0441\u0430\u043c\u044b\u0439 \u0448\u0438\u0440\u043e\u043a\u0438\u0439 \u0430\u0441\u0441\u043e\u0440\u0442\u0438\u043c\u0435\u043d\u0442 \u0440\u0430\u0437\u0432\u0438\u0432\u0430\u044e\u0449\u0438\u0445 \u0438\u0433\u0440\u0443\u0448\u0435\u043a \u0432 \u0418\u043d\u0442\u0435\u0440\u043d\u0435\u0442\u0435. \u041b\u0443\u0447\u0448\u0438\u0435 \u0431\u0440\u0435\u043d\u0434\u044b \u043f\u043e \u043e\u0442\u043b\u0438\u0447\u043d\u044b\u043c \u0446\u0435\u043d\u0430\u043c. \u0411\u044b\u0441\u0442\u0440\u0430\u044f \u0434\u043e\u0441\u0442\u0430\u0432\u043a\u0430. SmartGames, GeoSmart, Waboba, SmartMax, WildRepublic\",\"publisher\":{\"@id\":\"https:\\\/\\\/aasageko.eu\\\/#organization\"},\"potentialAction\":[{\"@type\":\"SearchAction\",\"target\":{\"@type\":\"EntryPoint\",\"urlTemplate\":\"https:\\\/\\\/aasageko.eu\\\/?s={search_term_string}\"},\"query-input\":{\"@type\":\"PropertyValueSpecification\",\"valueRequired\":true,\"valueName\":\"search_term_string\"}}],\"inLanguage\":\"ru-RU\"},{\"@type\":\"Organization\",\"@id\":\"https:\\\/\\\/aasageko.eu\\\/#organization\",\"name\":\"Aasageko\",\"url\":\"https:\\\/\\\/aasageko.eu\\\/\",\"logo\":{\"@type\":\"ImageObject\",\"inLanguage\":\"ru-RU\",\"@id\":\"https:\\\/\\\/aasageko.eu\\\/#\\\/schema\\\/logo\\\/image\\\/\",\"url\":\"https:\\\/\\\/aasageko.eu\\\/wp-content\\\/uploads\\\/2020\\\/03\\\/Aasageko_logo.png\",\"contentUrl\":\"https:\\\/\\\/aasageko.eu\\\/wp-content\\\/uploads\\\/2020\\\/03\\\/Aasageko_logo.png\",\"width\":282,\"height\":182,\"caption\":\"Aasageko\"},\"image\":{\"@id\":\"https:\\\/\\\/aasageko.eu\\\/#\\\/schema\\\/logo\\\/image\\\/\"},\"sameAs\":[\"https:\\\/\\\/www.facebook.com\\\/aasageko\\\/community\\\/\",\"https:\\\/\\\/www.instagram.com\\\/aasageko\\\/\",\"https:\\\/\\\/www.youtube.com\\\/channel\\\/UCBRdElCMa7oWzVFsjP2W5YQ\"]}]}<\/script>\n<!-- \/ Yoast SEO plugin. -->","yoast_head_json":{"title":"\u00d5uem\u00e4ng AirLyft ehk lennutatav silinder - M\u00e4nguasjade maaletooja","description":"Arendavad \u00f5ue- ja spordim\u00e4ngud. Ole liikumises ja veeda aktiivselt vaba aega. Vanusele 6+ Airlift on kohe laos olemas. Kiire ja soodne transport.","robots":{"index":"index","follow":"follow","max-snippet":"max-snippet:-1","max-image-preview":"max-image-preview:large","max-video-preview":"max-video-preview:-1"},"canonical":"https:\/\/aasageko.eu\/en\/toode\/ouemang-waboba-airlyft-ehk-lennutatav-silinder\/","og_locale":"ru_RU","og_type":"article","og_title":"\u00d5uem\u00e4ng AirLyft ehk lennutatav silinder - M\u00e4nguasjade maaletooja","og_description":"Arendavad \u00f5ue- ja spordim\u00e4ngud. Ole liikumises ja veeda aktiivselt vaba aega. Vanusele 6+ Airlift on kohe laos olemas. Kiire ja soodne transport.","og_url":"https:\/\/aasageko.eu\/en\/toode\/ouemang-waboba-airlyft-ehk-lennutatav-silinder\/","og_site_name":"\u0420\u0430\u0437\u0432\u0438\u0432\u0430\u044e\u0449\u0438\u0435 \u043f\u043b\u0430\u0441\u0442\u043c\u0430\u0441\u0441\u043e\u0432\u044b\u0435 \u0438\u0433\u0440\u0443\u0448\u043a\u0438","article_publisher":"https:\/\/www.facebook.com\/aasageko\/community\/","article_modified_time":"2023-05-11T12:37:37+00:00","og_image":[{"width":1200,"height":800,"url":"https:\/\/aasageko.eu\/wp-content\/uploads\/2021\/05\/Kael.jpg","type":"image\/jpeg"}],"twitter_card":"summary_large_image","schema":{"@context":"https:\/\/schema.org","@graph":[{"@type":"WebPage","@id":"https:\/\/aasageko.eu\/en\/toode\/ouemang-waboba-airlyft-ehk-lennutatav-silinder\/","url":"https:\/\/aasageko.eu\/en\/toode\/ouemang-waboba-airlyft-ehk-lennutatav-silinder\/","name":"\u00d5uem\u00e4ng AirLyft ehk lennutatav silinder - M\u00e4nguasjade maaletooja","isPartOf":{"@id":"https:\/\/aasageko.eu\/#website"},"primaryImageOfPage":{"@id":"https:\/\/aasageko.eu\/en\/toode\/ouemang-waboba-airlyft-ehk-lennutatav-silinder\/#primaryimage"},"image":{"@id":"https:\/\/aasageko.eu\/en\/toode\/ouemang-waboba-airlyft-ehk-lennutatav-silinder\/#primaryimage"},"thumbnailUrl":"https:\/\/aasageko.eu\/wp-content\/uploads\/2021\/05\/Kael.jpg","datePublished":"2021-05-13T08:51:31+00:00","dateModified":"2023-05-11T12:37:37+00:00","description":"Arendavad \u00f5ue- ja spordim\u00e4ngud. Ole liikumises ja veeda aktiivselt vaba aega. Vanusele 6+ Airlift on kohe laos olemas. Kiire ja soodne transport.","breadcrumb":{"@id":"https:\/\/aasageko.eu\/en\/toode\/ouemang-waboba-airlyft-ehk-lennutatav-silinder\/#breadcrumb"},"inLanguage":"ru-RU","potentialAction":[{"@type":"ReadAction","target":["https:\/\/aasageko.eu\/en\/toode\/ouemang-waboba-airlyft-ehk-lennutatav-silinder\/"]}]},{"@type":"ImageObject","inLanguage":"ru-RU","@id":"https:\/\/aasageko.eu\/en\/toode\/ouemang-waboba-airlyft-ehk-lennutatav-silinder\/#primaryimage","url":"https:\/\/aasageko.eu\/wp-content\/uploads\/2021\/05\/Kael.jpg","contentUrl":"https:\/\/aasageko.eu\/wp-content\/uploads\/2021\/05\/Kael.jpg","width":1200,"height":800},{"@type":"BreadcrumbList","@id":"https:\/\/aasageko.eu\/en\/toode\/ouemang-waboba-airlyft-ehk-lennutatav-silinder\/#breadcrumb","itemListElement":[{"@type":"ListItem","position":1,"name":"Home","item":"https:\/\/aasageko.eu\/ru\/"},{"@type":"ListItem","position":2,"name":"Pood","item":"https:\/\/aasageko.eu\/pood\/"},{"@type":"ListItem","position":3,"name":"\u00d5uem\u00e4ng AirLyft ehk lennutatav silinder"}]},{"@type":"WebSite","@id":"https:\/\/aasageko.eu\/#website","url":"https:\/\/aasageko.eu\/","name":"\u0420\u0430\u0437\u0432\u0438\u0432\u0430\u044e\u0449\u0438\u0435 \u043f\u043b\u0430\u0441\u0442\u043c\u0430\u0441\u0441\u043e\u0432\u044b\u0435 \u0438\u0433\u0440\u0443\u0448\u043a\u0438","description":"\u0423 \u043d\u0430\u0441 \u0441\u0430\u043c\u044b\u0439 \u0448\u0438\u0440\u043e\u043a\u0438\u0439 \u0430\u0441\u0441\u043e\u0440\u0442\u0438\u043c\u0435\u043d\u0442 \u0440\u0430\u0437\u0432\u0438\u0432\u0430\u044e\u0449\u0438\u0445 \u0438\u0433\u0440\u0443\u0448\u0435\u043a \u0432 \u0418\u043d\u0442\u0435\u0440\u043d\u0435\u0442\u0435. \u041b\u0443\u0447\u0448\u0438\u0435 \u0431\u0440\u0435\u043d\u0434\u044b \u043f\u043e \u043e\u0442\u043b\u0438\u0447\u043d\u044b\u043c \u0446\u0435\u043d\u0430\u043c. \u0411\u044b\u0441\u0442\u0440\u0430\u044f \u0434\u043e\u0441\u0442\u0430\u0432\u043a\u0430. SmartGames, GeoSmart, Waboba, SmartMax, WildRepublic","publisher":{"@id":"https:\/\/aasageko.eu\/#organization"},"potentialAction":[{"@type":"SearchAction","target":{"@type":"EntryPoint","urlTemplate":"https:\/\/aasageko.eu\/?s={search_term_string}"},"query-input":{"@type":"PropertyValueSpecification","valueRequired":true,"valueName":"search_term_string"}}],"inLanguage":"ru-RU"},{"@type":"Organization","@id":"https:\/\/aasageko.eu\/#organization","name":"Aasageko","url":"https:\/\/aasageko.eu\/","logo":{"@type":"ImageObject","inLanguage":"ru-RU","@id":"https:\/\/aasageko.eu\/#\/schema\/logo\/image\/","url":"https:\/\/aasageko.eu\/wp-content\/uploads\/2020\/03\/Aasageko_logo.png","contentUrl":"https:\/\/aasageko.eu\/wp-content\/uploads\/2020\/03\/Aasageko_logo.png","width":282,"height":182,"caption":"Aasageko"},"image":{"@id":"https:\/\/aasageko.eu\/#\/schema\/logo\/image\/"},"sameAs":["https:\/\/www.facebook.com\/aasageko\/community\/","https:\/\/www.instagram.com\/aasageko\/","https:\/\/www.youtube.com\/channel\/UCBRdElCMa7oWzVFsjP2W5YQ"]}]}},"_links":{"self":[{"href":"https:\/\/aasageko.eu\/ru\/wp-json\/wp\/v2\/product\/12825","targetHints":{"allow":["GET"]}}],"collection":[{"href":"https:\/\/aasageko.eu\/ru\/wp-json\/wp\/v2\/product"}],"about":[{"href":"https:\/\/aasageko.eu\/ru\/wp-json\/wp\/v2\/types\/product"}],"version-history":[{"count":3,"href":"https:\/\/aasageko.eu\/ru\/wp-json\/wp\/v2\/product\/12825\/revisions"}],"predecessor-version":[{"id":15459,"href":"https:\/\/aasageko.eu\/ru\/wp-json\/wp\/v2\/product\/12825\/revisions\/15459"}],"wp:featuredmedia":[{"embeddable":true,"href":"https:\/\/aasageko.eu\/ru\/wp-json\/wp\/v2\/media\/12846"}],"wp:attachment":[{"href":"https:\/\/aasageko.eu\/ru\/wp-json\/wp\/v2\/media?parent=12825"}],"wp:term":[{"taxonomy":"product_brand","embeddable":true,"href":"https:\/\/aasageko.eu\/ru\/wp-json\/wp\/v2\/product_brand?post=12825"},{"taxonomy":"product_cat","embeddable":true,"href":"https:\/\/aasageko.eu\/ru\/wp-json\/wp\/v2\/product_cat?post=12825"},{"taxonomy":"product_tag","embeddable":true,"href":"https:\/\/aasageko.eu\/ru\/wp-json\/wp\/v2\/product_tag?post=12825"}],"curies":[{"name":"wp","href":"https:\/\/api.w.org\/{rel}","templated":true}]}}