{"id":10389,"date":"2022-01-09T05:49:33","date_gmt":"2022-01-09T05:49:33","guid":{"rendered":"https:\/\/aasageko.eu\/?post_type=product&#038;p=10389"},"modified":"2026-04-07T06:19:15","modified_gmt":"2026-04-07T06:19:15","slug":"lauamang-pogenemistuba-3-mangu","status":"publish","type":"product","link":"https:\/\/aasageko.eu\/ru\/toode\/lauamang-pogenemistuba-3-mangu\/","title":{"rendered":"P\u00f5genemistuba, 3 m\u00e4ngu"},"content":{"rendered":"","protected":false},"excerpt":{"rendered":"<p>Tere tulemast p\u00f5genemistuppa. P\u00f5genemistuba ehk Escape Room on eestlaste seas \u00fcsna populaarne ja \u00fcle terve Eesti on kokku pea 100 erinevat p\u00f5genemistuba, kus panna ennast proovile. N\u00fc\u00fcd aga on sul v\u00f5imalus tunnetada p\u00f5nevust ja nautida P\u00f5genemistoa salap\u00e4ra oma enda kodus. Selles v\u00e4ljakutset esitavas ja ettearvamatus p\u00f5genemistoa lauam\u00e4ngus, tuleb teha koost\u00f6\u00f6d, et lahendada m\u00f5istatusi ja leida peidetud vihjeid. Pidevalt on v\u00f5idujooks ajaga: teil on aega ainult 60 minutit, et p\u00f5geneda.<br \/>\nKasuta oma aju! Meeskonnat\u00f6\u00f6, hea suhtlus, leidlikkus, loovus, loogika ja detailide m\u00e4rkamine on samuti v\u00e4ga t\u00e4htsad. M\u00e4ngule lisab v\u00fcrtsi kronodekooder, mis on laual k\u00f5igi pilkude all ja pidevalt aega v\u00e4hemaks tiksub. Kronodekooder on ka lahenduste kontrolliks, sisestades \u00f5ige v\u00f5tmete kombinatsiooni kronodekoodrisse, k\u00f5lab r\u00f5\u00f5mus k\u00f5ll aga kui sisestate vale koodi, kuulete vaid kronodekoodri pahurat heli ja 1 minut v\u00f5etakse teile j\u00e4\u00e4nud ajast maha.<\/p>\n<p>Karbis on 3 p\u00f5nevat seiklust j\u00e4rjest kasvava raskustasemega. P\u00f5genemistubade m\u00e4ngimise j\u00e4rjekord on:<\/p>\n<ol>\n<li>Vanglast p\u00f5genemine<\/li>\n<li>Viirus<\/li>\n<li>Pommimees<\/li>\n<\/ol>\n<p>Igal seiklusel on 3 osa. Igas osas pead leidma koodi, mis koosneb 4-st v\u00f5tmest ja v\u00f5tmed tuleb sisestada kronodekoodrisse. Leia 3 \u00f5iget koodi 60 minuti jooksul, et v\u00f5ita m\u00e4ng. Tehke koost\u00f6\u00f6d v\u00f5i p\u00f5ruge koos&#8230;<br \/>\nLoe veel selle m\u00e4ngu kohta <a href=\"https:\/\/escaperoomthegame.com\/et-ee\/\">Escape Room Eesti<\/a><\/p>\n<p>&nbsp;<\/p>\n<div id=\"hidden-link\">https:\/\/www.youtube.com\/watch?v=B_qM-qbLWro<\/div>\n<p>[vc_row][vc_column width=&#8221;1\/3&#8243;]<div class=\"stats-block stats-top   wpb_custom_a517333ace5b1666c6af8bd4684f1de9\"><div class=\"stats-desc\"><div id=\"counter_6004415969dede411d6cb\" data-id=\"counter_6004415969dede411d6cb\" class=\"stats-number\" style=\" \" data-speed=\"1\" data-counter-value=\"16\" data-separator=\",\" data-decimal=\".\">0<\/div><div class=\"counter_suffix mycust\" style=\" \">+<\/div><div class=\"stats-text\" style=\"\">aastased<\/div><\/div><\/div>[\/vc_column][vc_column width=&#8221;1\/3&#8243;]<div class=\"stats-block stats-top   wpb_custom_a517333ace5b1666c6af8bd4684f1de9\"><div class=\"stats-desc\"><div id=\"counter_35277529969dede411d7de\" data-id=\"counter_35277529969dede411d7de\" class=\"stats-number\" style=\" \" data-speed=\"3\" data-counter-value=\"3\" data-separator=\",\" data-decimal=\".\">0<\/div><div class=\"counter_suffix mycust\" style=\" \"> <\/div><div class=\"stats-text\" style=\"\">erinevat p\u00f5genemistuba<\/div><\/div><\/div>[\/vc_column][vc_column width=&#8221;1\/3&#8243;]<div class=\"stats-block stats-top   wpb_custom_a517333ace5b1666c6af8bd4684f1de9\"><div class=\"stats-desc\"><div id=\"counter_18178278869dede411d8a5\" data-id=\"counter_18178278869dede411d8a5\" class=\"stats-number\" style=\" \" data-speed=\"3\" data-counter-value=\"60\" data-separator=\",\" data-decimal=\".\">0<\/div><div class=\"counter_suffix mycust\" style=\" \">min.<\/div><div class=\"stats-text\" style=\"\">aega p\u00f5genemiseks<\/div><\/div><\/div>[\/vc_column][\/vc_row]<\/p>\n","protected":false},"featured_media":10418,"template":"","meta":{"footnotes":""},"product_brand":[],"product_cat":[126,1012],"product_tag":[252,1010],"class_list":{"0":"post-10389","1":"product","2":"type-product","3":"status-publish","4":"has-post-thumbnail","6":"product_cat-lauamangud","7":"product_cat-pogenemistoad","8":"product_tag-hariv-ja-hea","9":"product_tag-pogenemistuba","10":"pa_kaubamargid-hea-ja-hariv","11":"pa_kaubamargid-pogenemistuba","13":"first","14":"instock","15":"taxable","16":"shipping-taxable","17":"purchasable","18":"product-type-simple"},"yoast_head":"<!-- This site is optimized with the Yoast SEO plugin v27.3 - https:\/\/yoast.com\/product\/yoast-seo-wordpress\/ -->\n<title>P\u00f5genemistuba, 3 m\u00e4ngu - \u0420\u0430\u0437\u0432\u0438\u0432\u0430\u044e\u0449\u0438\u0435 \u043f\u043b\u0430\u0441\u0442\u043c\u0430\u0441\u0441\u043e\u0432\u044b\u0435 \u0438\u0433\u0440\u0443\u0448\u043a\u0438<\/title>\n<meta name=\"description\" content=\"P\u00f5nevad lauam\u00e4ngud. Kaasahaarav p\u00f5genemistuba ehk Escape Room Sinu enda kodus. Vanusele 16+. M\u00e4ng on kohe laos olemas. Kiire ja soodne transport.\" \/>\n<meta name=\"robots\" content=\"index, follow, max-snippet:-1, max-image-preview:large, max-video-preview:-1\" \/>\n<link rel=\"canonical\" href=\"https:\/\/aasageko.eu\/toode\/lauamang-pogenemistuba-3-mangu\/\" \/>\n<meta property=\"og:locale\" content=\"ru_RU\" \/>\n<meta property=\"og:type\" content=\"article\" \/>\n<meta property=\"og:title\" content=\"P\u00f5genemistuba, 3 m\u00e4ngu - \u0420\u0430\u0437\u0432\u0438\u0432\u0430\u044e\u0449\u0438\u0435 \u043f\u043b\u0430\u0441\u0442\u043c\u0430\u0441\u0441\u043e\u0432\u044b\u0435 \u0438\u0433\u0440\u0443\u0448\u043a\u0438\" \/>\n<meta property=\"og:description\" content=\"P\u00f5nevad lauam\u00e4ngud. Kaasahaarav p\u00f5genemistuba ehk Escape Room Sinu enda kodus. Vanusele 16+. M\u00e4ng on kohe laos olemas. Kiire ja soodne transport.\" \/>\n<meta property=\"og:url\" content=\"https:\/\/aasageko.eu\/toode\/lauamang-pogenemistuba-3-mangu\/\" \/>\n<meta property=\"og:site_name\" content=\"\u0420\u0430\u0437\u0432\u0438\u0432\u0430\u044e\u0449\u0438\u0435 \u043f\u043b\u0430\u0441\u0442\u043c\u0430\u0441\u0441\u043e\u0432\u044b\u0435 \u0438\u0433\u0440\u0443\u0448\u043a\u0438\" \/>\n<meta property=\"article:publisher\" content=\"https:\/\/www.facebook.com\/aasageko\/community\/\" \/>\n<meta property=\"article:modified_time\" content=\"2026-04-07T06:19:15+00:00\" \/>\n<meta property=\"og:image\" content=\"https:\/\/aasageko.eu\/wp-content\/uploads\/2020\/06\/EST_karp_chrono-1.jpg\" \/>\n\t<meta property=\"og:image:width\" content=\"1500\" \/>\n\t<meta property=\"og:image:height\" content=\"1694\" \/>\n\t<meta property=\"og:image:type\" content=\"image\/jpeg\" \/>\n<meta name=\"twitter:card\" content=\"summary_large_image\" \/>\n<script type=\"application\/ld+json\" class=\"yoast-schema-graph\">{\"@context\":\"https:\\\/\\\/schema.org\",\"@graph\":[{\"@type\":\"WebPage\",\"@id\":\"https:\\\/\\\/aasageko.eu\\\/toode\\\/lauamang-pogenemistuba-3-mangu\\\/\",\"url\":\"https:\\\/\\\/aasageko.eu\\\/toode\\\/lauamang-pogenemistuba-3-mangu\\\/\",\"name\":\"P\u00f5genemistuba, 3 m\u00e4ngu - \u0420\u0430\u0437\u0432\u0438\u0432\u0430\u044e\u0449\u0438\u0435 \u043f\u043b\u0430\u0441\u0442\u043c\u0430\u0441\u0441\u043e\u0432\u044b\u0435 \u0438\u0433\u0440\u0443\u0448\u043a\u0438\",\"isPartOf\":{\"@id\":\"https:\\\/\\\/aasageko.eu\\\/#website\"},\"primaryImageOfPage\":{\"@id\":\"https:\\\/\\\/aasageko.eu\\\/toode\\\/lauamang-pogenemistuba-3-mangu\\\/#primaryimage\"},\"image\":{\"@id\":\"https:\\\/\\\/aasageko.eu\\\/toode\\\/lauamang-pogenemistuba-3-mangu\\\/#primaryimage\"},\"thumbnailUrl\":\"https:\\\/\\\/aasageko.eu\\\/wp-content\\\/uploads\\\/2020\\\/06\\\/EST_karp_chrono-1.jpg\",\"datePublished\":\"2022-01-09T05:49:33+00:00\",\"dateModified\":\"2026-04-07T06:19:15+00:00\",\"description\":\"P\u00f5nevad lauam\u00e4ngud. Kaasahaarav p\u00f5genemistuba ehk Escape Room Sinu enda kodus. Vanusele 16+. M\u00e4ng on kohe laos olemas. Kiire ja soodne transport.\",\"breadcrumb\":{\"@id\":\"https:\\\/\\\/aasageko.eu\\\/toode\\\/lauamang-pogenemistuba-3-mangu\\\/#breadcrumb\"},\"inLanguage\":\"ru-RU\",\"potentialAction\":[{\"@type\":\"ReadAction\",\"target\":[\"https:\\\/\\\/aasageko.eu\\\/toode\\\/lauamang-pogenemistuba-3-mangu\\\/\"]}]},{\"@type\":\"ImageObject\",\"inLanguage\":\"ru-RU\",\"@id\":\"https:\\\/\\\/aasageko.eu\\\/toode\\\/lauamang-pogenemistuba-3-mangu\\\/#primaryimage\",\"url\":\"https:\\\/\\\/aasageko.eu\\\/wp-content\\\/uploads\\\/2020\\\/06\\\/EST_karp_chrono-1.jpg\",\"contentUrl\":\"https:\\\/\\\/aasageko.eu\\\/wp-content\\\/uploads\\\/2020\\\/06\\\/EST_karp_chrono-1.jpg\",\"width\":1500,\"height\":1694},{\"@type\":\"BreadcrumbList\",\"@id\":\"https:\\\/\\\/aasageko.eu\\\/toode\\\/lauamang-pogenemistuba-3-mangu\\\/#breadcrumb\",\"itemListElement\":[{\"@type\":\"ListItem\",\"position\":1,\"name\":\"Home\",\"item\":\"https:\\\/\\\/aasageko.eu\\\/ru\\\/\"},{\"@type\":\"ListItem\",\"position\":2,\"name\":\"Pood\",\"item\":\"https:\\\/\\\/aasageko.eu\\\/pood\\\/\"},{\"@type\":\"ListItem\",\"position\":3,\"name\":\"P\u00f5genemistuba, 3 m\u00e4ngu\"}]},{\"@type\":\"WebSite\",\"@id\":\"https:\\\/\\\/aasageko.eu\\\/#website\",\"url\":\"https:\\\/\\\/aasageko.eu\\\/\",\"name\":\"\u0420\u0430\u0437\u0432\u0438\u0432\u0430\u044e\u0449\u0438\u0435 \u043f\u043b\u0430\u0441\u0442\u043c\u0430\u0441\u0441\u043e\u0432\u044b\u0435 \u0438\u0433\u0440\u0443\u0448\u043a\u0438\",\"description\":\"\u0423 \u043d\u0430\u0441 \u0441\u0430\u043c\u044b\u0439 \u0448\u0438\u0440\u043e\u043a\u0438\u0439 \u0430\u0441\u0441\u043e\u0440\u0442\u0438\u043c\u0435\u043d\u0442 \u0440\u0430\u0437\u0432\u0438\u0432\u0430\u044e\u0449\u0438\u0445 \u0438\u0433\u0440\u0443\u0448\u0435\u043a \u0432 \u0418\u043d\u0442\u0435\u0440\u043d\u0435\u0442\u0435. \u041b\u0443\u0447\u0448\u0438\u0435 \u0431\u0440\u0435\u043d\u0434\u044b \u043f\u043e \u043e\u0442\u043b\u0438\u0447\u043d\u044b\u043c \u0446\u0435\u043d\u0430\u043c. \u0411\u044b\u0441\u0442\u0440\u0430\u044f \u0434\u043e\u0441\u0442\u0430\u0432\u043a\u0430. SmartGames, GeoSmart, Waboba, SmartMax, WildRepublic\",\"publisher\":{\"@id\":\"https:\\\/\\\/aasageko.eu\\\/#organization\"},\"potentialAction\":[{\"@type\":\"SearchAction\",\"target\":{\"@type\":\"EntryPoint\",\"urlTemplate\":\"https:\\\/\\\/aasageko.eu\\\/?s={search_term_string}\"},\"query-input\":{\"@type\":\"PropertyValueSpecification\",\"valueRequired\":true,\"valueName\":\"search_term_string\"}}],\"inLanguage\":\"ru-RU\"},{\"@type\":\"Organization\",\"@id\":\"https:\\\/\\\/aasageko.eu\\\/#organization\",\"name\":\"Aasageko\",\"url\":\"https:\\\/\\\/aasageko.eu\\\/\",\"logo\":{\"@type\":\"ImageObject\",\"inLanguage\":\"ru-RU\",\"@id\":\"https:\\\/\\\/aasageko.eu\\\/#\\\/schema\\\/logo\\\/image\\\/\",\"url\":\"https:\\\/\\\/aasageko.eu\\\/wp-content\\\/uploads\\\/2020\\\/03\\\/Aasageko_logo.png\",\"contentUrl\":\"https:\\\/\\\/aasageko.eu\\\/wp-content\\\/uploads\\\/2020\\\/03\\\/Aasageko_logo.png\",\"width\":282,\"height\":182,\"caption\":\"Aasageko\"},\"image\":{\"@id\":\"https:\\\/\\\/aasageko.eu\\\/#\\\/schema\\\/logo\\\/image\\\/\"},\"sameAs\":[\"https:\\\/\\\/www.facebook.com\\\/aasageko\\\/community\\\/\",\"https:\\\/\\\/www.instagram.com\\\/aasageko\\\/\",\"https:\\\/\\\/www.youtube.com\\\/channel\\\/UCBRdElCMa7oWzVFsjP2W5YQ\"]}]}<\/script>\n<!-- \/ Yoast SEO plugin. -->","yoast_head_json":{"title":"P\u00f5genemistuba, 3 m\u00e4ngu - \u0420\u0430\u0437\u0432\u0438\u0432\u0430\u044e\u0449\u0438\u0435 \u043f\u043b\u0430\u0441\u0442\u043c\u0430\u0441\u0441\u043e\u0432\u044b\u0435 \u0438\u0433\u0440\u0443\u0448\u043a\u0438","description":"P\u00f5nevad lauam\u00e4ngud. Kaasahaarav p\u00f5genemistuba ehk Escape Room Sinu enda kodus. Vanusele 16+. M\u00e4ng on kohe laos olemas. Kiire ja soodne transport.","robots":{"index":"index","follow":"follow","max-snippet":"max-snippet:-1","max-image-preview":"max-image-preview:large","max-video-preview":"max-video-preview:-1"},"canonical":"https:\/\/aasageko.eu\/toode\/lauamang-pogenemistuba-3-mangu\/","og_locale":"ru_RU","og_type":"article","og_title":"P\u00f5genemistuba, 3 m\u00e4ngu - \u0420\u0430\u0437\u0432\u0438\u0432\u0430\u044e\u0449\u0438\u0435 \u043f\u043b\u0430\u0441\u0442\u043c\u0430\u0441\u0441\u043e\u0432\u044b\u0435 \u0438\u0433\u0440\u0443\u0448\u043a\u0438","og_description":"P\u00f5nevad lauam\u00e4ngud. Kaasahaarav p\u00f5genemistuba ehk Escape Room Sinu enda kodus. Vanusele 16+. M\u00e4ng on kohe laos olemas. Kiire ja soodne transport.","og_url":"https:\/\/aasageko.eu\/toode\/lauamang-pogenemistuba-3-mangu\/","og_site_name":"\u0420\u0430\u0437\u0432\u0438\u0432\u0430\u044e\u0449\u0438\u0435 \u043f\u043b\u0430\u0441\u0442\u043c\u0430\u0441\u0441\u043e\u0432\u044b\u0435 \u0438\u0433\u0440\u0443\u0448\u043a\u0438","article_publisher":"https:\/\/www.facebook.com\/aasageko\/community\/","article_modified_time":"2026-04-07T06:19:15+00:00","og_image":[{"width":1500,"height":1694,"url":"https:\/\/aasageko.eu\/wp-content\/uploads\/2020\/06\/EST_karp_chrono-1.jpg","type":"image\/jpeg"}],"twitter_card":"summary_large_image","schema":{"@context":"https:\/\/schema.org","@graph":[{"@type":"WebPage","@id":"https:\/\/aasageko.eu\/toode\/lauamang-pogenemistuba-3-mangu\/","url":"https:\/\/aasageko.eu\/toode\/lauamang-pogenemistuba-3-mangu\/","name":"P\u00f5genemistuba, 3 m\u00e4ngu - \u0420\u0430\u0437\u0432\u0438\u0432\u0430\u044e\u0449\u0438\u0435 \u043f\u043b\u0430\u0441\u0442\u043c\u0430\u0441\u0441\u043e\u0432\u044b\u0435 \u0438\u0433\u0440\u0443\u0448\u043a\u0438","isPartOf":{"@id":"https:\/\/aasageko.eu\/#website"},"primaryImageOfPage":{"@id":"https:\/\/aasageko.eu\/toode\/lauamang-pogenemistuba-3-mangu\/#primaryimage"},"image":{"@id":"https:\/\/aasageko.eu\/toode\/lauamang-pogenemistuba-3-mangu\/#primaryimage"},"thumbnailUrl":"https:\/\/aasageko.eu\/wp-content\/uploads\/2020\/06\/EST_karp_chrono-1.jpg","datePublished":"2022-01-09T05:49:33+00:00","dateModified":"2026-04-07T06:19:15+00:00","description":"P\u00f5nevad lauam\u00e4ngud. Kaasahaarav p\u00f5genemistuba ehk Escape Room Sinu enda kodus. Vanusele 16+. M\u00e4ng on kohe laos olemas. Kiire ja soodne transport.","breadcrumb":{"@id":"https:\/\/aasageko.eu\/toode\/lauamang-pogenemistuba-3-mangu\/#breadcrumb"},"inLanguage":"ru-RU","potentialAction":[{"@type":"ReadAction","target":["https:\/\/aasageko.eu\/toode\/lauamang-pogenemistuba-3-mangu\/"]}]},{"@type":"ImageObject","inLanguage":"ru-RU","@id":"https:\/\/aasageko.eu\/toode\/lauamang-pogenemistuba-3-mangu\/#primaryimage","url":"https:\/\/aasageko.eu\/wp-content\/uploads\/2020\/06\/EST_karp_chrono-1.jpg","contentUrl":"https:\/\/aasageko.eu\/wp-content\/uploads\/2020\/06\/EST_karp_chrono-1.jpg","width":1500,"height":1694},{"@type":"BreadcrumbList","@id":"https:\/\/aasageko.eu\/toode\/lauamang-pogenemistuba-3-mangu\/#breadcrumb","itemListElement":[{"@type":"ListItem","position":1,"name":"Home","item":"https:\/\/aasageko.eu\/ru\/"},{"@type":"ListItem","position":2,"name":"Pood","item":"https:\/\/aasageko.eu\/pood\/"},{"@type":"ListItem","position":3,"name":"P\u00f5genemistuba, 3 m\u00e4ngu"}]},{"@type":"WebSite","@id":"https:\/\/aasageko.eu\/#website","url":"https:\/\/aasageko.eu\/","name":"\u0420\u0430\u0437\u0432\u0438\u0432\u0430\u044e\u0449\u0438\u0435 \u043f\u043b\u0430\u0441\u0442\u043c\u0430\u0441\u0441\u043e\u0432\u044b\u0435 \u0438\u0433\u0440\u0443\u0448\u043a\u0438","description":"\u0423 \u043d\u0430\u0441 \u0441\u0430\u043c\u044b\u0439 \u0448\u0438\u0440\u043e\u043a\u0438\u0439 \u0430\u0441\u0441\u043e\u0440\u0442\u0438\u043c\u0435\u043d\u0442 \u0440\u0430\u0437\u0432\u0438\u0432\u0430\u044e\u0449\u0438\u0445 \u0438\u0433\u0440\u0443\u0448\u0435\u043a \u0432 \u0418\u043d\u0442\u0435\u0440\u043d\u0435\u0442\u0435. \u041b\u0443\u0447\u0448\u0438\u0435 \u0431\u0440\u0435\u043d\u0434\u044b \u043f\u043e \u043e\u0442\u043b\u0438\u0447\u043d\u044b\u043c \u0446\u0435\u043d\u0430\u043c. \u0411\u044b\u0441\u0442\u0440\u0430\u044f \u0434\u043e\u0441\u0442\u0430\u0432\u043a\u0430. SmartGames, GeoSmart, Waboba, SmartMax, WildRepublic","publisher":{"@id":"https:\/\/aasageko.eu\/#organization"},"potentialAction":[{"@type":"SearchAction","target":{"@type":"EntryPoint","urlTemplate":"https:\/\/aasageko.eu\/?s={search_term_string}"},"query-input":{"@type":"PropertyValueSpecification","valueRequired":true,"valueName":"search_term_string"}}],"inLanguage":"ru-RU"},{"@type":"Organization","@id":"https:\/\/aasageko.eu\/#organization","name":"Aasageko","url":"https:\/\/aasageko.eu\/","logo":{"@type":"ImageObject","inLanguage":"ru-RU","@id":"https:\/\/aasageko.eu\/#\/schema\/logo\/image\/","url":"https:\/\/aasageko.eu\/wp-content\/uploads\/2020\/03\/Aasageko_logo.png","contentUrl":"https:\/\/aasageko.eu\/wp-content\/uploads\/2020\/03\/Aasageko_logo.png","width":282,"height":182,"caption":"Aasageko"},"image":{"@id":"https:\/\/aasageko.eu\/#\/schema\/logo\/image\/"},"sameAs":["https:\/\/www.facebook.com\/aasageko\/community\/","https:\/\/www.instagram.com\/aasageko\/","https:\/\/www.youtube.com\/channel\/UCBRdElCMa7oWzVFsjP2W5YQ"]}]}},"_links":{"self":[{"href":"https:\/\/aasageko.eu\/ru\/wp-json\/wp\/v2\/product\/10389","targetHints":{"allow":["GET"]}}],"collection":[{"href":"https:\/\/aasageko.eu\/ru\/wp-json\/wp\/v2\/product"}],"about":[{"href":"https:\/\/aasageko.eu\/ru\/wp-json\/wp\/v2\/types\/product"}],"version-history":[{"count":21,"href":"https:\/\/aasageko.eu\/ru\/wp-json\/wp\/v2\/product\/10389\/revisions"}],"predecessor-version":[{"id":14615,"href":"https:\/\/aasageko.eu\/ru\/wp-json\/wp\/v2\/product\/10389\/revisions\/14615"}],"wp:featuredmedia":[{"embeddable":true,"href":"https:\/\/aasageko.eu\/ru\/wp-json\/wp\/v2\/media\/10418"}],"wp:attachment":[{"href":"https:\/\/aasageko.eu\/ru\/wp-json\/wp\/v2\/media?parent=10389"}],"wp:term":[{"taxonomy":"product_brand","embeddable":true,"href":"https:\/\/aasageko.eu\/ru\/wp-json\/wp\/v2\/product_brand?post=10389"},{"taxonomy":"product_cat","embeddable":true,"href":"https:\/\/aasageko.eu\/ru\/wp-json\/wp\/v2\/product_cat?post=10389"},{"taxonomy":"product_tag","embeddable":true,"href":"https:\/\/aasageko.eu\/ru\/wp-json\/wp\/v2\/product_tag?post=10389"}],"curies":[{"name":"wp","href":"https:\/\/api.w.org\/{rel}","templated":true}]}}