{"id":8521,"date":"2020-05-13T13:21:00","date_gmt":"2020-04-16T07:21:00","guid":{"rendered":"https:\/\/aasageko.eu\/toode\/trikimang-200-maagilist-trikki\/"},"modified":"2020-04-30T16:50:52","modified_gmt":"2020-04-30T16:50:52","slug":"trikimang-200-maagilist-trikki","status":"publish","type":"product","link":"https:\/\/aasageko.eu\/en\/toode\/trikimang-200-maagilist-trikki\/","title":{"rendered":"Trikim\u00e4ng 200 maagilist trikki"},"content":{"rendered":"","protected":false},"excerpt":{"rendered":"<p>T\u00f5elise mustkunstihuvilise unistus ehk WOW Selectioni 200 trikiga mustkunstikomplekt. Usu v\u00f5i mitte aga selles karbis on trikke, mida teevad ka p\u00e4ris mustkunstnikud.<br \/>\nKarbis on trikivahendid, juhendid ja DVD video\u00f5petus. Komplektis on juhendid, kuidas koduste vahenditega teha paeluvaid teadustrikke. Komplektis on 104 lehek\u00fcljega eestikeelne trikkide \u00f5pik, mille trikid on teemade kaupa liigendatud ja \u00f5pikut on mugav ning lithne trikkide \u00f5ppimisel kasutada. Selle komplektiga saab igast pisikesest mustkunstihuvilisest t\u00f5eline mustkunstnik! M\u00e4ng arendab k\u00e4teosavust, p\u00fcsivust, enesev\u00e4ljendust ja esinemisoskust. Trikkide esitamisel tuleb juurde enesekindlust ja julgust.<\/p>\n","protected":false},"featured_media":4516,"template":"","meta":{"footnotes":""},"product_brand":[],"product_cat":[15],"product_tag":[418],"class_list":{"0":"post-8521","1":"product","2":"type-product","3":"status-publish","4":"has-post-thumbnail","6":"product_cat-uncategorized","7":"product_tag-eddy-en","9":"first","10":"outofstock","11":"taxable","12":"shipping-taxable","13":"purchasable","14":"product-type-simple"},"yoast_head":"<!-- This site is optimized with the Yoast SEO plugin v27.3 - https:\/\/yoast.com\/product\/yoast-seo-wordpress\/ -->\n<title>Trikim\u00e4ng 200 maagilist trikki - Buy Educational Toys Online Estonia | Wholesale<\/title>\n<meta name=\"robots\" content=\"index, follow, max-snippet:-1, max-image-preview:large, max-video-preview:-1\" \/>\n<link rel=\"canonical\" href=\"https:\/\/aasageko.eu\/en\/toode\/trikimang-200-maagilist-trikki\/\" \/>\n<meta property=\"og:locale\" content=\"en_US\" \/>\n<meta property=\"og:type\" content=\"article\" \/>\n<meta property=\"og:title\" content=\"Trikim\u00e4ng 200 maagilist trikki - Buy Educational Toys Online Estonia | Wholesale\" \/>\n<meta property=\"og:description\" content=\"T\u00f5elise mustkunstihuvilise unistus ehk WOW Selectioni 200 trikiga mustkunstikomplekt. Usu v\u00f5i mitte aga selles karbis on trikke, mida teevad ka p\u00e4ris mustkunstnikud. Karbis on trikivahendid, juhendid ja DVD video\u00f5petus. Komplektis on juhendid, kuidas koduste vahenditega teha paeluvaid teadustrikke. Komplektis on 104 lehek\u00fcljega eestikeelne trikkide \u00f5pik, mille trikid on teemade kaupa liigendatud ja \u00f5pikut on mugav ning lithne trikkide \u00f5ppimisel kasutada. Selle komplektiga saab igast pisikesest mustkunstihuvilisest t\u00f5eline mustkunstnik! M\u00e4ng arendab k\u00e4teosavust, p\u00fcsivust, enesev\u00e4ljendust ja esinemisoskust. Trikkide esitamisel tuleb juurde enesekindlust ja julgust.\" \/>\n<meta property=\"og:url\" content=\"https:\/\/aasageko.eu\/en\/toode\/trikimang-200-maagilist-trikki\/\" \/>\n<meta property=\"og:site_name\" content=\"Buy Educational Toys Online Estonia | Wholesale\" \/>\n<meta property=\"article:publisher\" content=\"https:\/\/www.facebook.com\/aasageko\/community\/\" \/>\n<meta property=\"article:modified_time\" content=\"2020-04-30T16:50:52+00:00\" \/>\n<meta property=\"og:image\" content=\"https:\/\/aasageko.eu\/wp-content\/uploads\/2020\/04\/200_trikki_pakend-min-1.jpg\" \/>\n\t<meta property=\"og:image:width\" content=\"1000\" \/>\n\t<meta property=\"og:image:height\" content=\"1000\" \/>\n\t<meta property=\"og:image:type\" content=\"image\/jpeg\" \/>\n<meta name=\"twitter:card\" content=\"summary_large_image\" \/>\n<script type=\"application\/ld+json\" class=\"yoast-schema-graph\">{\"@context\":\"https:\\\/\\\/schema.org\",\"@graph\":[{\"@type\":\"WebPage\",\"@id\":\"https:\\\/\\\/aasageko.eu\\\/en\\\/toode\\\/trikimang-200-maagilist-trikki\\\/\",\"url\":\"https:\\\/\\\/aasageko.eu\\\/en\\\/toode\\\/trikimang-200-maagilist-trikki\\\/\",\"name\":\"Trikim\u00e4ng 200 maagilist trikki - Buy Educational Toys Online Estonia | Wholesale\",\"isPartOf\":{\"@id\":\"https:\\\/\\\/aasageko.eu\\\/#website\"},\"primaryImageOfPage\":{\"@id\":\"https:\\\/\\\/aasageko.eu\\\/en\\\/toode\\\/trikimang-200-maagilist-trikki\\\/#primaryimage\"},\"image\":{\"@id\":\"https:\\\/\\\/aasageko.eu\\\/en\\\/toode\\\/trikimang-200-maagilist-trikki\\\/#primaryimage\"},\"thumbnailUrl\":\"https:\\\/\\\/aasageko.eu\\\/wp-content\\\/uploads\\\/2020\\\/04\\\/200_trikki_pakend-min-1.jpg\",\"datePublished\":\"2020-04-16T07:21:00+00:00\",\"dateModified\":\"2020-04-30T16:50:52+00:00\",\"breadcrumb\":{\"@id\":\"https:\\\/\\\/aasageko.eu\\\/en\\\/toode\\\/trikimang-200-maagilist-trikki\\\/#breadcrumb\"},\"inLanguage\":\"en-US\",\"potentialAction\":[{\"@type\":\"ReadAction\",\"target\":[\"https:\\\/\\\/aasageko.eu\\\/en\\\/toode\\\/trikimang-200-maagilist-trikki\\\/\"]}]},{\"@type\":\"ImageObject\",\"inLanguage\":\"en-US\",\"@id\":\"https:\\\/\\\/aasageko.eu\\\/en\\\/toode\\\/trikimang-200-maagilist-trikki\\\/#primaryimage\",\"url\":\"https:\\\/\\\/aasageko.eu\\\/wp-content\\\/uploads\\\/2020\\\/04\\\/200_trikki_pakend-min-1.jpg\",\"contentUrl\":\"https:\\\/\\\/aasageko.eu\\\/wp-content\\\/uploads\\\/2020\\\/04\\\/200_trikki_pakend-min-1.jpg\",\"width\":1000,\"height\":1000},{\"@type\":\"BreadcrumbList\",\"@id\":\"https:\\\/\\\/aasageko.eu\\\/en\\\/toode\\\/trikimang-200-maagilist-trikki\\\/#breadcrumb\",\"itemListElement\":[{\"@type\":\"ListItem\",\"position\":1,\"name\":\"Home\",\"item\":\"https:\\\/\\\/aasageko.eu\\\/en\\\/\"},{\"@type\":\"ListItem\",\"position\":2,\"name\":\"Pood\",\"item\":\"https:\\\/\\\/aasageko.eu\\\/pood\\\/\"},{\"@type\":\"ListItem\",\"position\":3,\"name\":\"Trikim\u00e4ng 200 maagilist trikki\"}]},{\"@type\":\"WebSite\",\"@id\":\"https:\\\/\\\/aasageko.eu\\\/#website\",\"url\":\"https:\\\/\\\/aasageko.eu\\\/\",\"name\":\"Buy Educational Toys Online Estonia | Wholesale\",\"description\":\"We have the widest range of educational toys online. Best brands at great prices. Fast Shipping. SmartGames, GeoSmart, Waboba, SmartMax, WildRepublic\",\"publisher\":{\"@id\":\"https:\\\/\\\/aasageko.eu\\\/#organization\"},\"potentialAction\":[{\"@type\":\"SearchAction\",\"target\":{\"@type\":\"EntryPoint\",\"urlTemplate\":\"https:\\\/\\\/aasageko.eu\\\/?s={search_term_string}\"},\"query-input\":{\"@type\":\"PropertyValueSpecification\",\"valueRequired\":true,\"valueName\":\"search_term_string\"}}],\"inLanguage\":\"en-US\"},{\"@type\":\"Organization\",\"@id\":\"https:\\\/\\\/aasageko.eu\\\/#organization\",\"name\":\"Aasageko\",\"url\":\"https:\\\/\\\/aasageko.eu\\\/\",\"logo\":{\"@type\":\"ImageObject\",\"inLanguage\":\"en-US\",\"@id\":\"https:\\\/\\\/aasageko.eu\\\/#\\\/schema\\\/logo\\\/image\\\/\",\"url\":\"https:\\\/\\\/aasageko.eu\\\/wp-content\\\/uploads\\\/2020\\\/03\\\/Aasageko_logo.png\",\"contentUrl\":\"https:\\\/\\\/aasageko.eu\\\/wp-content\\\/uploads\\\/2020\\\/03\\\/Aasageko_logo.png\",\"width\":282,\"height\":182,\"caption\":\"Aasageko\"},\"image\":{\"@id\":\"https:\\\/\\\/aasageko.eu\\\/#\\\/schema\\\/logo\\\/image\\\/\"},\"sameAs\":[\"https:\\\/\\\/www.facebook.com\\\/aasageko\\\/community\\\/\",\"https:\\\/\\\/www.instagram.com\\\/aasageko\\\/\",\"https:\\\/\\\/www.youtube.com\\\/channel\\\/UCBRdElCMa7oWzVFsjP2W5YQ\"]}]}<\/script>\n<!-- \/ Yoast SEO plugin. -->","yoast_head_json":{"title":"Trikim\u00e4ng 200 maagilist trikki - Buy Educational Toys Online Estonia | Wholesale","robots":{"index":"index","follow":"follow","max-snippet":"max-snippet:-1","max-image-preview":"max-image-preview:large","max-video-preview":"max-video-preview:-1"},"canonical":"https:\/\/aasageko.eu\/en\/toode\/trikimang-200-maagilist-trikki\/","og_locale":"en_US","og_type":"article","og_title":"Trikim\u00e4ng 200 maagilist trikki - Buy Educational Toys Online Estonia | Wholesale","og_description":"T\u00f5elise mustkunstihuvilise unistus ehk WOW Selectioni 200 trikiga mustkunstikomplekt. Usu v\u00f5i mitte aga selles karbis on trikke, mida teevad ka p\u00e4ris mustkunstnikud. Karbis on trikivahendid, juhendid ja DVD video\u00f5petus. Komplektis on juhendid, kuidas koduste vahenditega teha paeluvaid teadustrikke. Komplektis on 104 lehek\u00fcljega eestikeelne trikkide \u00f5pik, mille trikid on teemade kaupa liigendatud ja \u00f5pikut on mugav ning lithne trikkide \u00f5ppimisel kasutada. Selle komplektiga saab igast pisikesest mustkunstihuvilisest t\u00f5eline mustkunstnik! M\u00e4ng arendab k\u00e4teosavust, p\u00fcsivust, enesev\u00e4ljendust ja esinemisoskust. Trikkide esitamisel tuleb juurde enesekindlust ja julgust.","og_url":"https:\/\/aasageko.eu\/en\/toode\/trikimang-200-maagilist-trikki\/","og_site_name":"Buy Educational Toys Online Estonia | Wholesale","article_publisher":"https:\/\/www.facebook.com\/aasageko\/community\/","article_modified_time":"2020-04-30T16:50:52+00:00","og_image":[{"width":1000,"height":1000,"url":"https:\/\/aasageko.eu\/wp-content\/uploads\/2020\/04\/200_trikki_pakend-min-1.jpg","type":"image\/jpeg"}],"twitter_card":"summary_large_image","schema":{"@context":"https:\/\/schema.org","@graph":[{"@type":"WebPage","@id":"https:\/\/aasageko.eu\/en\/toode\/trikimang-200-maagilist-trikki\/","url":"https:\/\/aasageko.eu\/en\/toode\/trikimang-200-maagilist-trikki\/","name":"Trikim\u00e4ng 200 maagilist trikki - Buy Educational Toys Online Estonia | Wholesale","isPartOf":{"@id":"https:\/\/aasageko.eu\/#website"},"primaryImageOfPage":{"@id":"https:\/\/aasageko.eu\/en\/toode\/trikimang-200-maagilist-trikki\/#primaryimage"},"image":{"@id":"https:\/\/aasageko.eu\/en\/toode\/trikimang-200-maagilist-trikki\/#primaryimage"},"thumbnailUrl":"https:\/\/aasageko.eu\/wp-content\/uploads\/2020\/04\/200_trikki_pakend-min-1.jpg","datePublished":"2020-04-16T07:21:00+00:00","dateModified":"2020-04-30T16:50:52+00:00","breadcrumb":{"@id":"https:\/\/aasageko.eu\/en\/toode\/trikimang-200-maagilist-trikki\/#breadcrumb"},"inLanguage":"en-US","potentialAction":[{"@type":"ReadAction","target":["https:\/\/aasageko.eu\/en\/toode\/trikimang-200-maagilist-trikki\/"]}]},{"@type":"ImageObject","inLanguage":"en-US","@id":"https:\/\/aasageko.eu\/en\/toode\/trikimang-200-maagilist-trikki\/#primaryimage","url":"https:\/\/aasageko.eu\/wp-content\/uploads\/2020\/04\/200_trikki_pakend-min-1.jpg","contentUrl":"https:\/\/aasageko.eu\/wp-content\/uploads\/2020\/04\/200_trikki_pakend-min-1.jpg","width":1000,"height":1000},{"@type":"BreadcrumbList","@id":"https:\/\/aasageko.eu\/en\/toode\/trikimang-200-maagilist-trikki\/#breadcrumb","itemListElement":[{"@type":"ListItem","position":1,"name":"Home","item":"https:\/\/aasageko.eu\/en\/"},{"@type":"ListItem","position":2,"name":"Pood","item":"https:\/\/aasageko.eu\/pood\/"},{"@type":"ListItem","position":3,"name":"Trikim\u00e4ng 200 maagilist trikki"}]},{"@type":"WebSite","@id":"https:\/\/aasageko.eu\/#website","url":"https:\/\/aasageko.eu\/","name":"Buy Educational Toys Online Estonia | Wholesale","description":"We have the widest range of educational toys online. Best brands at great prices. Fast Shipping. SmartGames, GeoSmart, Waboba, SmartMax, WildRepublic","publisher":{"@id":"https:\/\/aasageko.eu\/#organization"},"potentialAction":[{"@type":"SearchAction","target":{"@type":"EntryPoint","urlTemplate":"https:\/\/aasageko.eu\/?s={search_term_string}"},"query-input":{"@type":"PropertyValueSpecification","valueRequired":true,"valueName":"search_term_string"}}],"inLanguage":"en-US"},{"@type":"Organization","@id":"https:\/\/aasageko.eu\/#organization","name":"Aasageko","url":"https:\/\/aasageko.eu\/","logo":{"@type":"ImageObject","inLanguage":"en-US","@id":"https:\/\/aasageko.eu\/#\/schema\/logo\/image\/","url":"https:\/\/aasageko.eu\/wp-content\/uploads\/2020\/03\/Aasageko_logo.png","contentUrl":"https:\/\/aasageko.eu\/wp-content\/uploads\/2020\/03\/Aasageko_logo.png","width":282,"height":182,"caption":"Aasageko"},"image":{"@id":"https:\/\/aasageko.eu\/#\/schema\/logo\/image\/"},"sameAs":["https:\/\/www.facebook.com\/aasageko\/community\/","https:\/\/www.instagram.com\/aasageko\/","https:\/\/www.youtube.com\/channel\/UCBRdElCMa7oWzVFsjP2W5YQ"]}]}},"_links":{"self":[{"href":"https:\/\/aasageko.eu\/en\/wp-json\/wp\/v2\/product\/8521","targetHints":{"allow":["GET"]}}],"collection":[{"href":"https:\/\/aasageko.eu\/en\/wp-json\/wp\/v2\/product"}],"about":[{"href":"https:\/\/aasageko.eu\/en\/wp-json\/wp\/v2\/types\/product"}],"version-history":[{"count":0,"href":"https:\/\/aasageko.eu\/en\/wp-json\/wp\/v2\/product\/8521\/revisions"}],"wp:featuredmedia":[{"embeddable":true,"href":"https:\/\/aasageko.eu\/en\/wp-json\/wp\/v2\/media\/4516"}],"wp:attachment":[{"href":"https:\/\/aasageko.eu\/en\/wp-json\/wp\/v2\/media?parent=8521"}],"wp:term":[{"taxonomy":"product_brand","embeddable":true,"href":"https:\/\/aasageko.eu\/en\/wp-json\/wp\/v2\/product_brand?post=8521"},{"taxonomy":"product_cat","embeddable":true,"href":"https:\/\/aasageko.eu\/en\/wp-json\/wp\/v2\/product_cat?post=8521"},{"taxonomy":"product_tag","embeddable":true,"href":"https:\/\/aasageko.eu\/en\/wp-json\/wp\/v2\/product_tag?post=8521"}],"curies":[{"name":"wp","href":"https:\/\/api.w.org\/{rel}","templated":true}]}}