{"id":8469,"date":"2020-04-16T16:29:43","date_gmt":"2020-04-16T16:29:43","guid":{"rendered":"https:\/\/aasageko.eu\/toode\/q-pusle-pop\/"},"modified":"2021-12-01T10:15:45","modified_gmt":"2021-12-01T10:15:45","slug":"q-pusle-pop","status":"publish","type":"product","link":"https:\/\/aasageko.eu\/en\/toode\/q-pusle-pop\/","title":{"rendered":"Q Pusle Fantaasia"},"content":{"rendered":"","protected":false},"excerpt":{"rendered":"<p>Q-Pusle p\u00f5hineb optilistel efektidel, mis on tingitud inimese taju erip\u00e4rast. Lihtsate kujundite, mustrite ja v\u00e4rvuste kordusel pildil on inimese silmale kas rahustav v\u00f5i \u00e4rritav m\u00f5ju ja selle t\u00f5ttu pilt tundub olevat kas t\u00f5eliselt ruumiline v\u00f5i v\u00e4relev.<br \/>\nQ-Pusle kokkupanek ergutab kujutlusv\u00f5imet, aitab l\u00f5dvestuda, keskenduda ja loob head emotsioonid. Pusle ja pusle karp on paksust kvaliteetsest materjalist ja kaetud mattlaminaadiga.<\/p>\n<p><strong>Pusle m\u00f5\u00f5t: 12,5 x 12,5 cm<\/strong><\/p>\n<p>[vc_row][vc_column width=&#8221;1\/2&#8243;]<div class=\"stats-block stats-top   wpb_custom_a517333ace5b1666c6af8bd4684f1de9\"><div class=\"stats-desc\"><div id=\"counter_115946250369e7978a16b22\" data-id=\"counter_115946250369e7978a16b22\" class=\"stats-number\" style=\" \" data-speed=\"1\" data-counter-value=\"6\" data-separator=\",\" data-decimal=\".\">0<\/div><div class=\"counter_suffix mycust\" style=\" \">+<\/div><div class=\"stats-text\" style=\"\">aastased<\/div><\/div><\/div>[\/vc_column][vc_column width=&#8221;1\/2&#8243;]<div class=\"stats-block stats-top   wpb_custom_a517333ace5b1666c6af8bd4684f1de9\"><div class=\"stats-desc\"><div id=\"counter_25021196069e7978a16c16\" data-id=\"counter_25021196069e7978a16c16\" class=\"stats-number\" style=\" \" data-speed=\"3\" data-counter-value=\"70\" data-separator=\",\" data-decimal=\".\">0<\/div><div class=\"stats-text\" style=\"\">t\u00fckki<\/div><\/div><\/div>[\/vc_column][\/vc_row]<\/p>\n","protected":false},"featured_media":4971,"template":"","meta":{"footnotes":""},"product_brand":[],"product_cat":[15],"product_tag":[426],"class_list":{"0":"post-8469","1":"product","2":"type-product","3":"status-publish","4":"has-post-thumbnail","6":"product_cat-uncategorized","7":"product_tag-q-pusle-en","9":"first","10":"instock","11":"taxable","12":"shipping-taxable","13":"purchasable","14":"product-type-simple"},"yoast_head":"<!-- This site is optimized with the Yoast SEO plugin v27.4 - https:\/\/yoast.com\/product\/yoast-seo-wordpress\/ -->\n<title>Q Pusle Fantaasia - Buy Educational Toys Online Estonia | Wholesale<\/title>\n<meta name=\"description\" content=\"Q-Pusle kokkupanek ergutab kujutlusv\u00f5imet, aitab l\u00f5dvestuda, keskenduda ja loob head emotsioonid. Telli kohe!\" \/>\n<meta name=\"robots\" content=\"index, follow, max-snippet:-1, max-image-preview:large, max-video-preview:-1\" \/>\n<link rel=\"canonical\" href=\"https:\/\/aasageko.eu\/en\/toode\/q-pusle-pop\/\" \/>\n<meta property=\"og:locale\" content=\"en_US\" \/>\n<meta property=\"og:type\" content=\"article\" \/>\n<meta property=\"og:title\" content=\"Q Pusle Fantaasia - Buy Educational Toys Online Estonia | Wholesale\" \/>\n<meta property=\"og:description\" content=\"Q-Pusle kokkupanek ergutab kujutlusv\u00f5imet, aitab l\u00f5dvestuda, keskenduda ja loob head emotsioonid. Telli kohe!\" \/>\n<meta property=\"og:url\" content=\"https:\/\/aasageko.eu\/en\/toode\/q-pusle-pop\/\" \/>\n<meta property=\"og:site_name\" content=\"Buy Educational Toys Online Estonia | Wholesale\" \/>\n<meta property=\"article:publisher\" content=\"https:\/\/www.facebook.com\/aasageko\/community\/\" \/>\n<meta property=\"article:modified_time\" content=\"2021-12-01T10:15:45+00:00\" \/>\n<meta property=\"og:image\" content=\"https:\/\/aasageko.eu\/wp-content\/uploads\/2020\/04\/Fantaasia-1.jpg\" \/>\n\t<meta property=\"og:image:width\" content=\"720\" \/>\n\t<meta property=\"og:image:height\" content=\"720\" \/>\n\t<meta property=\"og:image:type\" content=\"image\/jpeg\" \/>\n<meta name=\"twitter:card\" content=\"summary_large_image\" \/>\n<script type=\"application\/ld+json\" class=\"yoast-schema-graph\">{\"@context\":\"https:\\\/\\\/schema.org\",\"@graph\":[{\"@type\":\"WebPage\",\"@id\":\"https:\\\/\\\/aasageko.eu\\\/en\\\/toode\\\/q-pusle-pop\\\/\",\"url\":\"https:\\\/\\\/aasageko.eu\\\/en\\\/toode\\\/q-pusle-pop\\\/\",\"name\":\"Q Pusle Fantaasia - Buy Educational Toys Online Estonia | Wholesale\",\"isPartOf\":{\"@id\":\"https:\\\/\\\/aasageko.eu\\\/#website\"},\"primaryImageOfPage\":{\"@id\":\"https:\\\/\\\/aasageko.eu\\\/en\\\/toode\\\/q-pusle-pop\\\/#primaryimage\"},\"image\":{\"@id\":\"https:\\\/\\\/aasageko.eu\\\/en\\\/toode\\\/q-pusle-pop\\\/#primaryimage\"},\"thumbnailUrl\":\"https:\\\/\\\/aasageko.eu\\\/wp-content\\\/uploads\\\/2020\\\/04\\\/Fantaasia-1.jpg\",\"datePublished\":\"2020-04-16T16:29:43+00:00\",\"dateModified\":\"2021-12-01T10:15:45+00:00\",\"description\":\"Q-Pusle kokkupanek ergutab kujutlusv\u00f5imet, aitab l\u00f5dvestuda, keskenduda ja loob head emotsioonid. Telli kohe!\",\"breadcrumb\":{\"@id\":\"https:\\\/\\\/aasageko.eu\\\/en\\\/toode\\\/q-pusle-pop\\\/#breadcrumb\"},\"inLanguage\":\"en-US\",\"potentialAction\":[{\"@type\":\"ReadAction\",\"target\":[\"https:\\\/\\\/aasageko.eu\\\/en\\\/toode\\\/q-pusle-pop\\\/\"]}]},{\"@type\":\"ImageObject\",\"inLanguage\":\"en-US\",\"@id\":\"https:\\\/\\\/aasageko.eu\\\/en\\\/toode\\\/q-pusle-pop\\\/#primaryimage\",\"url\":\"https:\\\/\\\/aasageko.eu\\\/wp-content\\\/uploads\\\/2020\\\/04\\\/Fantaasia-1.jpg\",\"contentUrl\":\"https:\\\/\\\/aasageko.eu\\\/wp-content\\\/uploads\\\/2020\\\/04\\\/Fantaasia-1.jpg\",\"width\":720,\"height\":720},{\"@type\":\"BreadcrumbList\",\"@id\":\"https:\\\/\\\/aasageko.eu\\\/en\\\/toode\\\/q-pusle-pop\\\/#breadcrumb\",\"itemListElement\":[{\"@type\":\"ListItem\",\"position\":1,\"name\":\"Home\",\"item\":\"https:\\\/\\\/aasageko.eu\\\/en\\\/\"},{\"@type\":\"ListItem\",\"position\":2,\"name\":\"Pood\",\"item\":\"https:\\\/\\\/aasageko.eu\\\/pood\\\/\"},{\"@type\":\"ListItem\",\"position\":3,\"name\":\"Q Pusle Fantaasia\"}]},{\"@type\":\"WebSite\",\"@id\":\"https:\\\/\\\/aasageko.eu\\\/#website\",\"url\":\"https:\\\/\\\/aasageko.eu\\\/\",\"name\":\"Buy Educational Toys Online Estonia | Wholesale\",\"description\":\"We have the widest range of educational toys online. Best brands at great prices. Fast Shipping. SmartGames, GeoSmart, Waboba, SmartMax, WildRepublic\",\"publisher\":{\"@id\":\"https:\\\/\\\/aasageko.eu\\\/#organization\"},\"potentialAction\":[{\"@type\":\"SearchAction\",\"target\":{\"@type\":\"EntryPoint\",\"urlTemplate\":\"https:\\\/\\\/aasageko.eu\\\/?s={search_term_string}\"},\"query-input\":{\"@type\":\"PropertyValueSpecification\",\"valueRequired\":true,\"valueName\":\"search_term_string\"}}],\"inLanguage\":\"en-US\"},{\"@type\":\"Organization\",\"@id\":\"https:\\\/\\\/aasageko.eu\\\/#organization\",\"name\":\"Aasageko\",\"url\":\"https:\\\/\\\/aasageko.eu\\\/\",\"logo\":{\"@type\":\"ImageObject\",\"inLanguage\":\"en-US\",\"@id\":\"https:\\\/\\\/aasageko.eu\\\/#\\\/schema\\\/logo\\\/image\\\/\",\"url\":\"https:\\\/\\\/aasageko.eu\\\/wp-content\\\/uploads\\\/2020\\\/03\\\/Aasageko_logo.png\",\"contentUrl\":\"https:\\\/\\\/aasageko.eu\\\/wp-content\\\/uploads\\\/2020\\\/03\\\/Aasageko_logo.png\",\"width\":282,\"height\":182,\"caption\":\"Aasageko\"},\"image\":{\"@id\":\"https:\\\/\\\/aasageko.eu\\\/#\\\/schema\\\/logo\\\/image\\\/\"},\"sameAs\":[\"https:\\\/\\\/www.facebook.com\\\/aasageko\\\/community\\\/\",\"https:\\\/\\\/www.instagram.com\\\/aasageko\\\/\",\"https:\\\/\\\/www.youtube.com\\\/channel\\\/UCBRdElCMa7oWzVFsjP2W5YQ\"]}]}<\/script>\n<!-- \/ Yoast SEO plugin. -->","yoast_head_json":{"title":"Q Pusle Fantaasia - Buy Educational Toys Online Estonia | Wholesale","description":"Q-Pusle kokkupanek ergutab kujutlusv\u00f5imet, aitab l\u00f5dvestuda, keskenduda ja loob head emotsioonid. Telli kohe!","robots":{"index":"index","follow":"follow","max-snippet":"max-snippet:-1","max-image-preview":"max-image-preview:large","max-video-preview":"max-video-preview:-1"},"canonical":"https:\/\/aasageko.eu\/en\/toode\/q-pusle-pop\/","og_locale":"en_US","og_type":"article","og_title":"Q Pusle Fantaasia - Buy Educational Toys Online Estonia | Wholesale","og_description":"Q-Pusle kokkupanek ergutab kujutlusv\u00f5imet, aitab l\u00f5dvestuda, keskenduda ja loob head emotsioonid. Telli kohe!","og_url":"https:\/\/aasageko.eu\/en\/toode\/q-pusle-pop\/","og_site_name":"Buy Educational Toys Online Estonia | Wholesale","article_publisher":"https:\/\/www.facebook.com\/aasageko\/community\/","article_modified_time":"2021-12-01T10:15:45+00:00","og_image":[{"width":720,"height":720,"url":"https:\/\/aasageko.eu\/wp-content\/uploads\/2020\/04\/Fantaasia-1.jpg","type":"image\/jpeg"}],"twitter_card":"summary_large_image","schema":{"@context":"https:\/\/schema.org","@graph":[{"@type":"WebPage","@id":"https:\/\/aasageko.eu\/en\/toode\/q-pusle-pop\/","url":"https:\/\/aasageko.eu\/en\/toode\/q-pusle-pop\/","name":"Q Pusle Fantaasia - Buy Educational Toys Online Estonia | Wholesale","isPartOf":{"@id":"https:\/\/aasageko.eu\/#website"},"primaryImageOfPage":{"@id":"https:\/\/aasageko.eu\/en\/toode\/q-pusle-pop\/#primaryimage"},"image":{"@id":"https:\/\/aasageko.eu\/en\/toode\/q-pusle-pop\/#primaryimage"},"thumbnailUrl":"https:\/\/aasageko.eu\/wp-content\/uploads\/2020\/04\/Fantaasia-1.jpg","datePublished":"2020-04-16T16:29:43+00:00","dateModified":"2021-12-01T10:15:45+00:00","description":"Q-Pusle kokkupanek ergutab kujutlusv\u00f5imet, aitab l\u00f5dvestuda, keskenduda ja loob head emotsioonid. Telli kohe!","breadcrumb":{"@id":"https:\/\/aasageko.eu\/en\/toode\/q-pusle-pop\/#breadcrumb"},"inLanguage":"en-US","potentialAction":[{"@type":"ReadAction","target":["https:\/\/aasageko.eu\/en\/toode\/q-pusle-pop\/"]}]},{"@type":"ImageObject","inLanguage":"en-US","@id":"https:\/\/aasageko.eu\/en\/toode\/q-pusle-pop\/#primaryimage","url":"https:\/\/aasageko.eu\/wp-content\/uploads\/2020\/04\/Fantaasia-1.jpg","contentUrl":"https:\/\/aasageko.eu\/wp-content\/uploads\/2020\/04\/Fantaasia-1.jpg","width":720,"height":720},{"@type":"BreadcrumbList","@id":"https:\/\/aasageko.eu\/en\/toode\/q-pusle-pop\/#breadcrumb","itemListElement":[{"@type":"ListItem","position":1,"name":"Home","item":"https:\/\/aasageko.eu\/en\/"},{"@type":"ListItem","position":2,"name":"Pood","item":"https:\/\/aasageko.eu\/pood\/"},{"@type":"ListItem","position":3,"name":"Q Pusle Fantaasia"}]},{"@type":"WebSite","@id":"https:\/\/aasageko.eu\/#website","url":"https:\/\/aasageko.eu\/","name":"Buy Educational Toys Online Estonia | Wholesale","description":"We have the widest range of educational toys online. Best brands at great prices. Fast Shipping. SmartGames, GeoSmart, Waboba, SmartMax, WildRepublic","publisher":{"@id":"https:\/\/aasageko.eu\/#organization"},"potentialAction":[{"@type":"SearchAction","target":{"@type":"EntryPoint","urlTemplate":"https:\/\/aasageko.eu\/?s={search_term_string}"},"query-input":{"@type":"PropertyValueSpecification","valueRequired":true,"valueName":"search_term_string"}}],"inLanguage":"en-US"},{"@type":"Organization","@id":"https:\/\/aasageko.eu\/#organization","name":"Aasageko","url":"https:\/\/aasageko.eu\/","logo":{"@type":"ImageObject","inLanguage":"en-US","@id":"https:\/\/aasageko.eu\/#\/schema\/logo\/image\/","url":"https:\/\/aasageko.eu\/wp-content\/uploads\/2020\/03\/Aasageko_logo.png","contentUrl":"https:\/\/aasageko.eu\/wp-content\/uploads\/2020\/03\/Aasageko_logo.png","width":282,"height":182,"caption":"Aasageko"},"image":{"@id":"https:\/\/aasageko.eu\/#\/schema\/logo\/image\/"},"sameAs":["https:\/\/www.facebook.com\/aasageko\/community\/","https:\/\/www.instagram.com\/aasageko\/","https:\/\/www.youtube.com\/channel\/UCBRdElCMa7oWzVFsjP2W5YQ"]}]}},"_links":{"self":[{"href":"https:\/\/aasageko.eu\/en\/wp-json\/wp\/v2\/product\/8469","targetHints":{"allow":["GET"]}}],"collection":[{"href":"https:\/\/aasageko.eu\/en\/wp-json\/wp\/v2\/product"}],"about":[{"href":"https:\/\/aasageko.eu\/en\/wp-json\/wp\/v2\/types\/product"}],"version-history":[{"count":2,"href":"https:\/\/aasageko.eu\/en\/wp-json\/wp\/v2\/product\/8469\/revisions"}],"predecessor-version":[{"id":12554,"href":"https:\/\/aasageko.eu\/en\/wp-json\/wp\/v2\/product\/8469\/revisions\/12554"}],"wp:featuredmedia":[{"embeddable":true,"href":"https:\/\/aasageko.eu\/en\/wp-json\/wp\/v2\/media\/4971"}],"wp:attachment":[{"href":"https:\/\/aasageko.eu\/en\/wp-json\/wp\/v2\/media?parent=8469"}],"wp:term":[{"taxonomy":"product_brand","embeddable":true,"href":"https:\/\/aasageko.eu\/en\/wp-json\/wp\/v2\/product_brand?post=8469"},{"taxonomy":"product_cat","embeddable":true,"href":"https:\/\/aasageko.eu\/en\/wp-json\/wp\/v2\/product_cat?post=8469"},{"taxonomy":"product_tag","embeddable":true,"href":"https:\/\/aasageko.eu\/en\/wp-json\/wp\/v2\/product_tag?post=8469"}],"curies":[{"name":"wp","href":"https:\/\/api.w.org\/{rel}","templated":true}]}}