{"id":21026,"date":"2026-03-26T07:13:37","date_gmt":"2026-03-26T07:13:37","guid":{"rendered":"https:\/\/aasageko.eu\/toode\/waboba-uv-moon-porkepall\/"},"modified":"2026-04-07T06:19:25","modified_gmt":"2026-04-07T06:19:25","slug":"waboba-uv-moon-porkepall","status":"publish","type":"product","link":"https:\/\/aasageko.eu\/en\/toode\/waboba-uv-moon-porkepall\/","title":{"rendered":"Waboba UV Moon bouncing ball"},"content":{"rendered":"","protected":false},"excerpt":{"rendered":"<p><strong>Introducing the sunny side of the Moon Ball!<\/strong><\/p>\n<p>This special edition Moon Ball changes color in the sun.\u00a0Give your Moon Ball a new solar power that&#8217;s out of this world! Take it outside and watch how the craters change from yellow to red. Whenever you&#8217;re back indoors or put the ball away, the crater color changes back to yellow. Just another reason to enjoy a day under the sun.<\/p>\n<p><strong>Bounce it all day!<\/strong><\/p>\n<p>Youl may also like <a href=\"https:\/\/aasageko.eu\/en\/toode\/waboba-moon\/\">Waboba Moon<\/a>.<\/p>\n<p>&nbsp;<\/p>\n<p>[vc_row][vc_column width=&#8221;1\/2&#8243;]<div class=\"stats-block stats-top   wpb_custom_a517333ace5b1666c6af8bd4684f1de9\"><div class=\"stats-desc\"><div id=\"counter_185345791469e0215f94f5e\" data-id=\"counter_185345791469e0215f94f5e\" class=\"stats-number\" style=\" \" data-speed=\"1\" data-counter-value=\"3\" data-separator=\",\" data-decimal=\".\">0<\/div><div class=\"counter_suffix mycust\" style=\" \">+<\/div><div class=\"stats-text\" style=\"\">Age<\/div><\/div><\/div>[\/vc_column][vc_column width=&#8221;1\/2&#8243;]<div class=\"stats-block stats-top   wpb_custom_a517333ace5b1666c6af8bd4684f1de9\"><div class=\"stats-desc\"><div id=\"counter_64354183269e0215f95082\" data-id=\"counter_64354183269e0215f95082\" class=\"stats-number\" style=\" \" data-speed=\"1\" data-counter-value=\"30\" data-separator=\",\" data-decimal=\".\">0<\/div><div class=\"counter_suffix mycust\" style=\" \">m<\/div><div class=\"stats-text\" style=\"\">bounce hight<\/div><\/div><\/div>[\/vc_column][\/vc_row]<\/p>\n","protected":false},"featured_media":21020,"template":"","meta":{"footnotes":""},"product_brand":[],"product_cat":[414],"product_tag":[431],"class_list":{"0":"post-21026","1":"product","2":"type-product","3":"status-publish","4":"has-post-thumbnail","6":"product_cat-for-outdoor","7":"product_tag-waboba-en","8":"pa_kaubamargid-waboba-en","10":"first","11":"instock","12":"taxable","13":"shipping-taxable","14":"purchasable","15":"product-type-simple"},"yoast_head":"<!-- This site is optimized with the Yoast SEO plugin v27.3 - https:\/\/yoast.com\/product\/yoast-seo-wordpress\/ -->\n<title>\u00d5uem\u00e4ngud - P\u00f5rkepall NASA Moon - m\u00e4nguasjade maaletoojalt<\/title>\n<meta name=\"description\" content=\"Waboba UV Moon Ball makes a unique &quot;pop!&quot; Sound when it hits the pavement. This high-flying outdoor ball bounces up to 30 meters in the air!\" \/>\n<meta name=\"robots\" content=\"index, follow, max-snippet:-1, max-image-preview:large, max-video-preview:-1\" \/>\n<link rel=\"canonical\" href=\"https:\/\/aasageko.eu\/en\/toode\/waboba-uv-moon-porkepall\/\" \/>\n<meta property=\"og:locale\" content=\"en_US\" \/>\n<meta property=\"og:type\" content=\"article\" \/>\n<meta property=\"og:title\" content=\"\u00d5uem\u00e4ngud - P\u00f5rkepall NASA Moon - m\u00e4nguasjade maaletoojalt\" \/>\n<meta property=\"og:description\" content=\"Waboba UV Moon Ball makes a unique &quot;pop!&quot; Sound when it hits the pavement. This high-flying outdoor ball bounces up to 30 meters in the air!\" \/>\n<meta property=\"og:url\" content=\"https:\/\/aasageko.eu\/en\/toode\/waboba-uv-moon-porkepall\/\" \/>\n<meta property=\"og:site_name\" content=\"Buy Educational Toys Online Estonia | Wholesale\" \/>\n<meta property=\"article:publisher\" content=\"https:\/\/www.facebook.com\/aasageko\/community\/\" \/>\n<meta property=\"article:modified_time\" content=\"2026-04-07T06:19:25+00:00\" \/>\n<meta property=\"og:image\" content=\"https:\/\/aasageko.eu\/wp-content\/uploads\/2026\/03\/UV-Moon.jpg\" \/>\n\t<meta property=\"og:image:width\" content=\"1159\" \/>\n\t<meta property=\"og:image:height\" content=\"1136\" \/>\n\t<meta property=\"og:image:type\" content=\"image\/jpeg\" \/>\n<meta name=\"twitter:card\" content=\"summary_large_image\" \/>\n<meta name=\"twitter:label1\" content=\"Est. reading time\" \/>\n\t<meta name=\"twitter:data1\" content=\"1 minute\" \/>\n<script type=\"application\/ld+json\" class=\"yoast-schema-graph\">{\"@context\":\"https:\\\/\\\/schema.org\",\"@graph\":[{\"@type\":\"WebPage\",\"@id\":\"https:\\\/\\\/aasageko.eu\\\/en\\\/toode\\\/waboba-uv-moon-porkepall\\\/\",\"url\":\"https:\\\/\\\/aasageko.eu\\\/en\\\/toode\\\/waboba-uv-moon-porkepall\\\/\",\"name\":\"\u00d5uem\u00e4ngud - P\u00f5rkepall NASA Moon - m\u00e4nguasjade maaletoojalt\",\"isPartOf\":{\"@id\":\"https:\\\/\\\/aasageko.eu\\\/#website\"},\"primaryImageOfPage\":{\"@id\":\"https:\\\/\\\/aasageko.eu\\\/en\\\/toode\\\/waboba-uv-moon-porkepall\\\/#primaryimage\"},\"image\":{\"@id\":\"https:\\\/\\\/aasageko.eu\\\/en\\\/toode\\\/waboba-uv-moon-porkepall\\\/#primaryimage\"},\"thumbnailUrl\":\"https:\\\/\\\/aasageko.eu\\\/wp-content\\\/uploads\\\/2026\\\/03\\\/UV-Moon.jpg\",\"datePublished\":\"2026-03-26T07:13:37+00:00\",\"dateModified\":\"2026-04-07T06:19:25+00:00\",\"description\":\"Waboba UV Moon Ball makes a unique \\\"pop!\\\" Sound when it hits the pavement. This high-flying outdoor ball bounces up to 30 meters in the air!\",\"breadcrumb\":{\"@id\":\"https:\\\/\\\/aasageko.eu\\\/en\\\/toode\\\/waboba-uv-moon-porkepall\\\/#breadcrumb\"},\"inLanguage\":\"en-US\",\"potentialAction\":[{\"@type\":\"ReadAction\",\"target\":[\"https:\\\/\\\/aasageko.eu\\\/en\\\/toode\\\/waboba-uv-moon-porkepall\\\/\"]}]},{\"@type\":\"ImageObject\",\"inLanguage\":\"en-US\",\"@id\":\"https:\\\/\\\/aasageko.eu\\\/en\\\/toode\\\/waboba-uv-moon-porkepall\\\/#primaryimage\",\"url\":\"https:\\\/\\\/aasageko.eu\\\/wp-content\\\/uploads\\\/2026\\\/03\\\/UV-Moon.jpg\",\"contentUrl\":\"https:\\\/\\\/aasageko.eu\\\/wp-content\\\/uploads\\\/2026\\\/03\\\/UV-Moon.jpg\",\"width\":1159,\"height\":1136},{\"@type\":\"BreadcrumbList\",\"@id\":\"https:\\\/\\\/aasageko.eu\\\/en\\\/toode\\\/waboba-uv-moon-porkepall\\\/#breadcrumb\",\"itemListElement\":[{\"@type\":\"ListItem\",\"position\":1,\"name\":\"Home\",\"item\":\"https:\\\/\\\/aasageko.eu\\\/en\\\/\"},{\"@type\":\"ListItem\",\"position\":2,\"name\":\"Pood\",\"item\":\"https:\\\/\\\/aasageko.eu\\\/pood\\\/\"},{\"@type\":\"ListItem\",\"position\":3,\"name\":\"Waboba UV Moon bouncing ball\"}]},{\"@type\":\"WebSite\",\"@id\":\"https:\\\/\\\/aasageko.eu\\\/#website\",\"url\":\"https:\\\/\\\/aasageko.eu\\\/\",\"name\":\"Buy Educational Toys Online Estonia | Wholesale\",\"description\":\"We have the widest range of educational toys online. Best brands at great prices. Fast Shipping. SmartGames, GeoSmart, Waboba, SmartMax, WildRepublic\",\"publisher\":{\"@id\":\"https:\\\/\\\/aasageko.eu\\\/#organization\"},\"potentialAction\":[{\"@type\":\"SearchAction\",\"target\":{\"@type\":\"EntryPoint\",\"urlTemplate\":\"https:\\\/\\\/aasageko.eu\\\/?s={search_term_string}\"},\"query-input\":{\"@type\":\"PropertyValueSpecification\",\"valueRequired\":true,\"valueName\":\"search_term_string\"}}],\"inLanguage\":\"en-US\"},{\"@type\":\"Organization\",\"@id\":\"https:\\\/\\\/aasageko.eu\\\/#organization\",\"name\":\"Aasageko\",\"url\":\"https:\\\/\\\/aasageko.eu\\\/\",\"logo\":{\"@type\":\"ImageObject\",\"inLanguage\":\"en-US\",\"@id\":\"https:\\\/\\\/aasageko.eu\\\/#\\\/schema\\\/logo\\\/image\\\/\",\"url\":\"https:\\\/\\\/aasageko.eu\\\/wp-content\\\/uploads\\\/2020\\\/03\\\/Aasageko_logo.png\",\"contentUrl\":\"https:\\\/\\\/aasageko.eu\\\/wp-content\\\/uploads\\\/2020\\\/03\\\/Aasageko_logo.png\",\"width\":282,\"height\":182,\"caption\":\"Aasageko\"},\"image\":{\"@id\":\"https:\\\/\\\/aasageko.eu\\\/#\\\/schema\\\/logo\\\/image\\\/\"},\"sameAs\":[\"https:\\\/\\\/www.facebook.com\\\/aasageko\\\/community\\\/\",\"https:\\\/\\\/www.instagram.com\\\/aasageko\\\/\",\"https:\\\/\\\/www.youtube.com\\\/channel\\\/UCBRdElCMa7oWzVFsjP2W5YQ\"]}]}<\/script>\n<!-- \/ Yoast SEO plugin. -->","yoast_head_json":{"title":"\u00d5uem\u00e4ngud - P\u00f5rkepall NASA Moon - m\u00e4nguasjade maaletoojalt","description":"Waboba UV Moon Ball makes a unique \"pop!\" Sound when it hits the pavement. This high-flying outdoor ball bounces up to 30 meters in the air!","robots":{"index":"index","follow":"follow","max-snippet":"max-snippet:-1","max-image-preview":"max-image-preview:large","max-video-preview":"max-video-preview:-1"},"canonical":"https:\/\/aasageko.eu\/en\/toode\/waboba-uv-moon-porkepall\/","og_locale":"en_US","og_type":"article","og_title":"\u00d5uem\u00e4ngud - P\u00f5rkepall NASA Moon - m\u00e4nguasjade maaletoojalt","og_description":"Waboba UV Moon Ball makes a unique \"pop!\" Sound when it hits the pavement. This high-flying outdoor ball bounces up to 30 meters in the air!","og_url":"https:\/\/aasageko.eu\/en\/toode\/waboba-uv-moon-porkepall\/","og_site_name":"Buy Educational Toys Online Estonia | Wholesale","article_publisher":"https:\/\/www.facebook.com\/aasageko\/community\/","article_modified_time":"2026-04-07T06:19:25+00:00","og_image":[{"width":1159,"height":1136,"url":"https:\/\/aasageko.eu\/wp-content\/uploads\/2026\/03\/UV-Moon.jpg","type":"image\/jpeg"}],"twitter_card":"summary_large_image","twitter_misc":{"Est. reading time":"1 minute"},"schema":{"@context":"https:\/\/schema.org","@graph":[{"@type":"WebPage","@id":"https:\/\/aasageko.eu\/en\/toode\/waboba-uv-moon-porkepall\/","url":"https:\/\/aasageko.eu\/en\/toode\/waboba-uv-moon-porkepall\/","name":"\u00d5uem\u00e4ngud - P\u00f5rkepall NASA Moon - m\u00e4nguasjade maaletoojalt","isPartOf":{"@id":"https:\/\/aasageko.eu\/#website"},"primaryImageOfPage":{"@id":"https:\/\/aasageko.eu\/en\/toode\/waboba-uv-moon-porkepall\/#primaryimage"},"image":{"@id":"https:\/\/aasageko.eu\/en\/toode\/waboba-uv-moon-porkepall\/#primaryimage"},"thumbnailUrl":"https:\/\/aasageko.eu\/wp-content\/uploads\/2026\/03\/UV-Moon.jpg","datePublished":"2026-03-26T07:13:37+00:00","dateModified":"2026-04-07T06:19:25+00:00","description":"Waboba UV Moon Ball makes a unique \"pop!\" Sound when it hits the pavement. This high-flying outdoor ball bounces up to 30 meters in the air!","breadcrumb":{"@id":"https:\/\/aasageko.eu\/en\/toode\/waboba-uv-moon-porkepall\/#breadcrumb"},"inLanguage":"en-US","potentialAction":[{"@type":"ReadAction","target":["https:\/\/aasageko.eu\/en\/toode\/waboba-uv-moon-porkepall\/"]}]},{"@type":"ImageObject","inLanguage":"en-US","@id":"https:\/\/aasageko.eu\/en\/toode\/waboba-uv-moon-porkepall\/#primaryimage","url":"https:\/\/aasageko.eu\/wp-content\/uploads\/2026\/03\/UV-Moon.jpg","contentUrl":"https:\/\/aasageko.eu\/wp-content\/uploads\/2026\/03\/UV-Moon.jpg","width":1159,"height":1136},{"@type":"BreadcrumbList","@id":"https:\/\/aasageko.eu\/en\/toode\/waboba-uv-moon-porkepall\/#breadcrumb","itemListElement":[{"@type":"ListItem","position":1,"name":"Home","item":"https:\/\/aasageko.eu\/en\/"},{"@type":"ListItem","position":2,"name":"Pood","item":"https:\/\/aasageko.eu\/pood\/"},{"@type":"ListItem","position":3,"name":"Waboba UV Moon bouncing ball"}]},{"@type":"WebSite","@id":"https:\/\/aasageko.eu\/#website","url":"https:\/\/aasageko.eu\/","name":"Buy Educational Toys Online Estonia | Wholesale","description":"We have the widest range of educational toys online. Best brands at great prices. Fast Shipping. SmartGames, GeoSmart, Waboba, SmartMax, WildRepublic","publisher":{"@id":"https:\/\/aasageko.eu\/#organization"},"potentialAction":[{"@type":"SearchAction","target":{"@type":"EntryPoint","urlTemplate":"https:\/\/aasageko.eu\/?s={search_term_string}"},"query-input":{"@type":"PropertyValueSpecification","valueRequired":true,"valueName":"search_term_string"}}],"inLanguage":"en-US"},{"@type":"Organization","@id":"https:\/\/aasageko.eu\/#organization","name":"Aasageko","url":"https:\/\/aasageko.eu\/","logo":{"@type":"ImageObject","inLanguage":"en-US","@id":"https:\/\/aasageko.eu\/#\/schema\/logo\/image\/","url":"https:\/\/aasageko.eu\/wp-content\/uploads\/2020\/03\/Aasageko_logo.png","contentUrl":"https:\/\/aasageko.eu\/wp-content\/uploads\/2020\/03\/Aasageko_logo.png","width":282,"height":182,"caption":"Aasageko"},"image":{"@id":"https:\/\/aasageko.eu\/#\/schema\/logo\/image\/"},"sameAs":["https:\/\/www.facebook.com\/aasageko\/community\/","https:\/\/www.instagram.com\/aasageko\/","https:\/\/www.youtube.com\/channel\/UCBRdElCMa7oWzVFsjP2W5YQ"]}]}},"_links":{"self":[{"href":"https:\/\/aasageko.eu\/en\/wp-json\/wp\/v2\/product\/21026","targetHints":{"allow":["GET"]}}],"collection":[{"href":"https:\/\/aasageko.eu\/en\/wp-json\/wp\/v2\/product"}],"about":[{"href":"https:\/\/aasageko.eu\/en\/wp-json\/wp\/v2\/types\/product"}],"version-history":[{"count":2,"href":"https:\/\/aasageko.eu\/en\/wp-json\/wp\/v2\/product\/21026\/revisions"}],"predecessor-version":[{"id":21029,"href":"https:\/\/aasageko.eu\/en\/wp-json\/wp\/v2\/product\/21026\/revisions\/21029"}],"wp:featuredmedia":[{"embeddable":true,"href":"https:\/\/aasageko.eu\/en\/wp-json\/wp\/v2\/media\/21020"}],"wp:attachment":[{"href":"https:\/\/aasageko.eu\/en\/wp-json\/wp\/v2\/media?parent=21026"}],"wp:term":[{"taxonomy":"product_brand","embeddable":true,"href":"https:\/\/aasageko.eu\/en\/wp-json\/wp\/v2\/product_brand?post=21026"},{"taxonomy":"product_cat","embeddable":true,"href":"https:\/\/aasageko.eu\/en\/wp-json\/wp\/v2\/product_cat?post=21026"},{"taxonomy":"product_tag","embeddable":true,"href":"https:\/\/aasageko.eu\/en\/wp-json\/wp\/v2\/product_tag?post=21026"}],"curies":[{"name":"wp","href":"https:\/\/api.w.org\/{rel}","templated":true}]}}