{"id":18556,"date":"2022-04-10T14:48:02","date_gmt":"2022-04-10T14:48:02","guid":{"rendered":"https:\/\/aasageko.eu\/?post_type=product&#038;p=18556"},"modified":"2026-04-07T06:19:22","modified_gmt":"2026-04-07T06:19:22","slug":"haalega-lind-suitsupaasuke","status":"publish","type":"product","link":"https:\/\/aasageko.eu\/en\/toode\/haalega-lind-suitsupaasuke\/","title":{"rendered":"H\u00e4\u00e4lega lind suitsup\u00e4\u00e4suke"},"content":{"rendered":"","protected":false},"excerpt":{"rendered":"<p>Aita lapsel avastada ettekujutuse metsikut maailma Wild Republicu pehmete m\u00e4nguloomadega. Valmistatud kestvatest materjalidest ja v\u00f5imalikult p\u00e4rislooma sarnase disainiga. Need kvaliteetsed m\u00e4nguloomad on loodud kestma, on turvalised ja sobivad m\u00e4ngimiseks juba esimesest eluaastast. M\u00e4ngides arendadab kujutlusv\u00f5imet ja fantaasiat.<br \/>\nM\u00e4ngulinnu karv on m\u00f5nusalt pehme ja sile!<\/p>\n<p>Suitsup\u00e4\u00e4suke on Eesti rahvuslind. Suitsup\u00e4\u00e4sukesel on pikk harkis saba ja roostepunane laup ning kurgualune. Suitsup\u00e4\u00e4sukese kutseh\u00fc\u00fcd on &#8220;vidiit-vidiit&#8221;, laul on enamasti kiire ja pikk, meenutades vidinat. Linnu k\u00f5rgus pealaest k\u00f5huni on 10 cm ja k\u00f5hust sabaotsani 15 cm.<\/p>\n<p>[vc_row][vc_column width=&#8221;1\/2&#8243;]<div class=\"stats-block stats-top   wpb_custom_a517333ace5b1666c6af8bd4684f1de9\"><div class=\"stats-desc\"><div id=\"counter_108317254869de842bd21ef\" data-id=\"counter_108317254869de842bd21ef\" class=\"stats-number\" style=\" \" data-speed=\"1\" data-counter-value=\"0\" data-separator=\",\" data-decimal=\".\">0<\/div><div class=\"counter_suffix mycust\" style=\" \">+<\/div><div class=\"stats-text\" style=\"\">aastased<\/div><\/div><\/div>[\/vc_column][vc_column width=&#8221;1\/2&#8243;]<div class=\"stats-block stats-top   wpb_custom_a517333ace5b1666c6af8bd4684f1de9\"><div class=\"stats-desc\"><div id=\"counter_174867321269de842bd22f4\" data-id=\"counter_174867321269de842bd22f4\" class=\"stats-number\" style=\" \" data-speed=\"1\" data-counter-value=\"10\" data-separator=\",\" data-decimal=\".\">0<\/div><div class=\"counter_suffix mycust\" style=\" \">cm<\/div><div class=\"stats-text\" style=\"\">k\u00f5rgus<\/div><\/div><\/div>[\/vc_column][\/vc_row]<\/p>\n","protected":false},"featured_media":18507,"template":"","meta":{"footnotes":""},"product_brand":[],"product_cat":[128],"product_tag":[],"class_list":{"0":"post-18556","1":"product","2":"type-product","3":"status-publish","4":"has-post-thumbnail","6":"product_cat-pehmed-manguasjad","8":"first","9":"instock","10":"taxable","11":"shipping-taxable","12":"purchasable","13":"product-type-simple"},"yoast_head":"<!-- This site is optimized with the Yoast SEO plugin v27.3 - https:\/\/yoast.com\/product\/yoast-seo-wordpress\/ -->\n<title>H\u00e4\u00e4lega lind suitsup\u00e4\u00e4suke - Buy Educational Toys Online Estonia | Wholesale<\/title>\n<meta name=\"description\" content=\"Wild Republicu pehme m\u00e4nguasi suitsup\u00e4\u00e4suke on v\u00f5imalikult p\u00e4rislinnu sarnane. Seljale vajutades hakkab lind laulma. Kohe laos olemas, kiire transport!\" \/>\n<meta name=\"robots\" content=\"index, follow, max-snippet:-1, max-image-preview:large, max-video-preview:-1\" \/>\n<link rel=\"canonical\" href=\"https:\/\/aasageko.eu\/ru\/toode\/haalega-lind-suitsupaasuke\/\" \/>\n<meta property=\"og:locale\" content=\"en_US\" \/>\n<meta property=\"og:type\" content=\"article\" \/>\n<meta property=\"og:title\" content=\"H\u00e4\u00e4lega lind suitsup\u00e4\u00e4suke - Buy Educational Toys Online Estonia | Wholesale\" \/>\n<meta property=\"og:description\" content=\"Wild Republicu pehme m\u00e4nguasi suitsup\u00e4\u00e4suke on v\u00f5imalikult p\u00e4rislinnu sarnane. Seljale vajutades hakkab lind laulma. Kohe laos olemas, kiire transport!\" \/>\n<meta property=\"og:url\" content=\"https:\/\/aasageko.eu\/ru\/toode\/haalega-lind-suitsupaasuke\/\" \/>\n<meta property=\"og:site_name\" content=\"Buy Educational Toys Online Estonia | Wholesale\" \/>\n<meta property=\"article:publisher\" content=\"https:\/\/www.facebook.com\/aasageko\/community\/\" \/>\n<meta property=\"article:modified_time\" content=\"2026-04-07T06:19:22+00:00\" \/>\n<meta property=\"og:image\" content=\"https:\/\/aasageko.eu\/wp-content\/uploads\/2023\/12\/19595-Suitsupaasuke.jpg\" \/>\n\t<meta property=\"og:image:width\" content=\"1200\" \/>\n\t<meta property=\"og:image:height\" content=\"1191\" \/>\n\t<meta property=\"og:image:type\" content=\"image\/jpeg\" \/>\n<meta name=\"twitter:card\" content=\"summary_large_image\" \/>\n<script type=\"application\/ld+json\" class=\"yoast-schema-graph\">{\"@context\":\"https:\\\/\\\/schema.org\",\"@graph\":[{\"@type\":\"WebPage\",\"@id\":\"https:\\\/\\\/aasageko.eu\\\/ru\\\/toode\\\/haalega-lind-suitsupaasuke\\\/\",\"url\":\"https:\\\/\\\/aasageko.eu\\\/ru\\\/toode\\\/haalega-lind-suitsupaasuke\\\/\",\"name\":\"H\u00e4\u00e4lega lind suitsup\u00e4\u00e4suke - Buy Educational Toys Online Estonia | Wholesale\",\"isPartOf\":{\"@id\":\"https:\\\/\\\/aasageko.eu\\\/#website\"},\"primaryImageOfPage\":{\"@id\":\"https:\\\/\\\/aasageko.eu\\\/ru\\\/toode\\\/haalega-lind-suitsupaasuke\\\/#primaryimage\"},\"image\":{\"@id\":\"https:\\\/\\\/aasageko.eu\\\/ru\\\/toode\\\/haalega-lind-suitsupaasuke\\\/#primaryimage\"},\"thumbnailUrl\":\"https:\\\/\\\/aasageko.eu\\\/wp-content\\\/uploads\\\/2023\\\/12\\\/19595-Suitsupaasuke.jpg\",\"datePublished\":\"2022-04-10T14:48:02+00:00\",\"dateModified\":\"2026-04-07T06:19:22+00:00\",\"description\":\"Wild Republicu pehme m\u00e4nguasi suitsup\u00e4\u00e4suke on v\u00f5imalikult p\u00e4rislinnu sarnane. Seljale vajutades hakkab lind laulma. Kohe laos olemas, kiire transport!\",\"breadcrumb\":{\"@id\":\"https:\\\/\\\/aasageko.eu\\\/ru\\\/toode\\\/haalega-lind-suitsupaasuke\\\/#breadcrumb\"},\"inLanguage\":\"en-US\",\"potentialAction\":[{\"@type\":\"ReadAction\",\"target\":[\"https:\\\/\\\/aasageko.eu\\\/ru\\\/toode\\\/haalega-lind-suitsupaasuke\\\/\"]}]},{\"@type\":\"ImageObject\",\"inLanguage\":\"en-US\",\"@id\":\"https:\\\/\\\/aasageko.eu\\\/ru\\\/toode\\\/haalega-lind-suitsupaasuke\\\/#primaryimage\",\"url\":\"https:\\\/\\\/aasageko.eu\\\/wp-content\\\/uploads\\\/2023\\\/12\\\/19595-Suitsupaasuke.jpg\",\"contentUrl\":\"https:\\\/\\\/aasageko.eu\\\/wp-content\\\/uploads\\\/2023\\\/12\\\/19595-Suitsupaasuke.jpg\",\"width\":1200,\"height\":1191},{\"@type\":\"BreadcrumbList\",\"@id\":\"https:\\\/\\\/aasageko.eu\\\/ru\\\/toode\\\/haalega-lind-suitsupaasuke\\\/#breadcrumb\",\"itemListElement\":[{\"@type\":\"ListItem\",\"position\":1,\"name\":\"Home\",\"item\":\"https:\\\/\\\/aasageko.eu\\\/en\\\/\"},{\"@type\":\"ListItem\",\"position\":2,\"name\":\"Pood\",\"item\":\"https:\\\/\\\/aasageko.eu\\\/pood\\\/\"},{\"@type\":\"ListItem\",\"position\":3,\"name\":\"H\u00e4\u00e4lega lind suitsup\u00e4\u00e4suke\"}]},{\"@type\":\"WebSite\",\"@id\":\"https:\\\/\\\/aasageko.eu\\\/#website\",\"url\":\"https:\\\/\\\/aasageko.eu\\\/\",\"name\":\"Buy Educational Toys Online Estonia | Wholesale\",\"description\":\"We have the widest range of educational toys online. Best brands at great prices. Fast Shipping. SmartGames, GeoSmart, Waboba, SmartMax, WildRepublic\",\"publisher\":{\"@id\":\"https:\\\/\\\/aasageko.eu\\\/#organization\"},\"potentialAction\":[{\"@type\":\"SearchAction\",\"target\":{\"@type\":\"EntryPoint\",\"urlTemplate\":\"https:\\\/\\\/aasageko.eu\\\/?s={search_term_string}\"},\"query-input\":{\"@type\":\"PropertyValueSpecification\",\"valueRequired\":true,\"valueName\":\"search_term_string\"}}],\"inLanguage\":\"en-US\"},{\"@type\":\"Organization\",\"@id\":\"https:\\\/\\\/aasageko.eu\\\/#organization\",\"name\":\"Aasageko\",\"url\":\"https:\\\/\\\/aasageko.eu\\\/\",\"logo\":{\"@type\":\"ImageObject\",\"inLanguage\":\"en-US\",\"@id\":\"https:\\\/\\\/aasageko.eu\\\/#\\\/schema\\\/logo\\\/image\\\/\",\"url\":\"https:\\\/\\\/aasageko.eu\\\/wp-content\\\/uploads\\\/2020\\\/03\\\/Aasageko_logo.png\",\"contentUrl\":\"https:\\\/\\\/aasageko.eu\\\/wp-content\\\/uploads\\\/2020\\\/03\\\/Aasageko_logo.png\",\"width\":282,\"height\":182,\"caption\":\"Aasageko\"},\"image\":{\"@id\":\"https:\\\/\\\/aasageko.eu\\\/#\\\/schema\\\/logo\\\/image\\\/\"},\"sameAs\":[\"https:\\\/\\\/www.facebook.com\\\/aasageko\\\/community\\\/\",\"https:\\\/\\\/www.instagram.com\\\/aasageko\\\/\",\"https:\\\/\\\/www.youtube.com\\\/channel\\\/UCBRdElCMa7oWzVFsjP2W5YQ\"]}]}<\/script>\n<!-- \/ Yoast SEO plugin. -->","yoast_head_json":{"title":"H\u00e4\u00e4lega lind suitsup\u00e4\u00e4suke - Buy Educational Toys Online Estonia | Wholesale","description":"Wild Republicu pehme m\u00e4nguasi suitsup\u00e4\u00e4suke on v\u00f5imalikult p\u00e4rislinnu sarnane. Seljale vajutades hakkab lind laulma. Kohe laos olemas, kiire transport!","robots":{"index":"index","follow":"follow","max-snippet":"max-snippet:-1","max-image-preview":"max-image-preview:large","max-video-preview":"max-video-preview:-1"},"canonical":"https:\/\/aasageko.eu\/ru\/toode\/haalega-lind-suitsupaasuke\/","og_locale":"en_US","og_type":"article","og_title":"H\u00e4\u00e4lega lind suitsup\u00e4\u00e4suke - Buy Educational Toys Online Estonia | Wholesale","og_description":"Wild Republicu pehme m\u00e4nguasi suitsup\u00e4\u00e4suke on v\u00f5imalikult p\u00e4rislinnu sarnane. Seljale vajutades hakkab lind laulma. Kohe laos olemas, kiire transport!","og_url":"https:\/\/aasageko.eu\/ru\/toode\/haalega-lind-suitsupaasuke\/","og_site_name":"Buy Educational Toys Online Estonia | Wholesale","article_publisher":"https:\/\/www.facebook.com\/aasageko\/community\/","article_modified_time":"2026-04-07T06:19:22+00:00","og_image":[{"width":1200,"height":1191,"url":"https:\/\/aasageko.eu\/wp-content\/uploads\/2023\/12\/19595-Suitsupaasuke.jpg","type":"image\/jpeg"}],"twitter_card":"summary_large_image","schema":{"@context":"https:\/\/schema.org","@graph":[{"@type":"WebPage","@id":"https:\/\/aasageko.eu\/ru\/toode\/haalega-lind-suitsupaasuke\/","url":"https:\/\/aasageko.eu\/ru\/toode\/haalega-lind-suitsupaasuke\/","name":"H\u00e4\u00e4lega lind suitsup\u00e4\u00e4suke - Buy Educational Toys Online Estonia | Wholesale","isPartOf":{"@id":"https:\/\/aasageko.eu\/#website"},"primaryImageOfPage":{"@id":"https:\/\/aasageko.eu\/ru\/toode\/haalega-lind-suitsupaasuke\/#primaryimage"},"image":{"@id":"https:\/\/aasageko.eu\/ru\/toode\/haalega-lind-suitsupaasuke\/#primaryimage"},"thumbnailUrl":"https:\/\/aasageko.eu\/wp-content\/uploads\/2023\/12\/19595-Suitsupaasuke.jpg","datePublished":"2022-04-10T14:48:02+00:00","dateModified":"2026-04-07T06:19:22+00:00","description":"Wild Republicu pehme m\u00e4nguasi suitsup\u00e4\u00e4suke on v\u00f5imalikult p\u00e4rislinnu sarnane. Seljale vajutades hakkab lind laulma. Kohe laos olemas, kiire transport!","breadcrumb":{"@id":"https:\/\/aasageko.eu\/ru\/toode\/haalega-lind-suitsupaasuke\/#breadcrumb"},"inLanguage":"en-US","potentialAction":[{"@type":"ReadAction","target":["https:\/\/aasageko.eu\/ru\/toode\/haalega-lind-suitsupaasuke\/"]}]},{"@type":"ImageObject","inLanguage":"en-US","@id":"https:\/\/aasageko.eu\/ru\/toode\/haalega-lind-suitsupaasuke\/#primaryimage","url":"https:\/\/aasageko.eu\/wp-content\/uploads\/2023\/12\/19595-Suitsupaasuke.jpg","contentUrl":"https:\/\/aasageko.eu\/wp-content\/uploads\/2023\/12\/19595-Suitsupaasuke.jpg","width":1200,"height":1191},{"@type":"BreadcrumbList","@id":"https:\/\/aasageko.eu\/ru\/toode\/haalega-lind-suitsupaasuke\/#breadcrumb","itemListElement":[{"@type":"ListItem","position":1,"name":"Home","item":"https:\/\/aasageko.eu\/en\/"},{"@type":"ListItem","position":2,"name":"Pood","item":"https:\/\/aasageko.eu\/pood\/"},{"@type":"ListItem","position":3,"name":"H\u00e4\u00e4lega lind suitsup\u00e4\u00e4suke"}]},{"@type":"WebSite","@id":"https:\/\/aasageko.eu\/#website","url":"https:\/\/aasageko.eu\/","name":"Buy Educational Toys Online Estonia | Wholesale","description":"We have the widest range of educational toys online. Best brands at great prices. Fast Shipping. SmartGames, GeoSmart, Waboba, SmartMax, WildRepublic","publisher":{"@id":"https:\/\/aasageko.eu\/#organization"},"potentialAction":[{"@type":"SearchAction","target":{"@type":"EntryPoint","urlTemplate":"https:\/\/aasageko.eu\/?s={search_term_string}"},"query-input":{"@type":"PropertyValueSpecification","valueRequired":true,"valueName":"search_term_string"}}],"inLanguage":"en-US"},{"@type":"Organization","@id":"https:\/\/aasageko.eu\/#organization","name":"Aasageko","url":"https:\/\/aasageko.eu\/","logo":{"@type":"ImageObject","inLanguage":"en-US","@id":"https:\/\/aasageko.eu\/#\/schema\/logo\/image\/","url":"https:\/\/aasageko.eu\/wp-content\/uploads\/2020\/03\/Aasageko_logo.png","contentUrl":"https:\/\/aasageko.eu\/wp-content\/uploads\/2020\/03\/Aasageko_logo.png","width":282,"height":182,"caption":"Aasageko"},"image":{"@id":"https:\/\/aasageko.eu\/#\/schema\/logo\/image\/"},"sameAs":["https:\/\/www.facebook.com\/aasageko\/community\/","https:\/\/www.instagram.com\/aasageko\/","https:\/\/www.youtube.com\/channel\/UCBRdElCMa7oWzVFsjP2W5YQ"]}]}},"_links":{"self":[{"href":"https:\/\/aasageko.eu\/en\/wp-json\/wp\/v2\/product\/18556","targetHints":{"allow":["GET"]}}],"collection":[{"href":"https:\/\/aasageko.eu\/en\/wp-json\/wp\/v2\/product"}],"about":[{"href":"https:\/\/aasageko.eu\/en\/wp-json\/wp\/v2\/types\/product"}],"version-history":[{"count":1,"href":"https:\/\/aasageko.eu\/en\/wp-json\/wp\/v2\/product\/18556\/revisions"}],"predecessor-version":[{"id":18557,"href":"https:\/\/aasageko.eu\/en\/wp-json\/wp\/v2\/product\/18556\/revisions\/18557"}],"wp:featuredmedia":[{"embeddable":true,"href":"https:\/\/aasageko.eu\/en\/wp-json\/wp\/v2\/media\/18507"}],"wp:attachment":[{"href":"https:\/\/aasageko.eu\/en\/wp-json\/wp\/v2\/media?parent=18556"}],"wp:term":[{"taxonomy":"product_brand","embeddable":true,"href":"https:\/\/aasageko.eu\/en\/wp-json\/wp\/v2\/product_brand?post=18556"},{"taxonomy":"product_cat","embeddable":true,"href":"https:\/\/aasageko.eu\/en\/wp-json\/wp\/v2\/product_cat?post=18556"},{"taxonomy":"product_tag","embeddable":true,"href":"https:\/\/aasageko.eu\/en\/wp-json\/wp\/v2\/product_tag?post=18556"}],"curies":[{"name":"wp","href":"https:\/\/api.w.org\/{rel}","templated":true}]}}