{"id":16117,"date":"2023-04-18T13:12:43","date_gmt":"2023-04-18T13:12:43","guid":{"rendered":"https:\/\/aasageko.eu\/?post_type=product&#038;p=16117"},"modified":"2026-04-07T06:19:21","modified_gmt":"2026-04-07T06:19:21","slug":"muffiku-porandapusle-kaed-jalad","status":"publish","type":"product","link":"https:\/\/aasageko.eu\/en\/toode\/muffiku-porandapusle-kaed-jalad\/","title":{"rendered":"Muffiku p\u00f5randapusle k\u00e4ed &#038; jalad"},"content":{"rendered":"","protected":false},"excerpt":{"rendered":"<p><strong>Kas soovid lisaks keha treenimisele treenida ka oma aju?<\/strong><\/p>\n<p>Tee endale MUFFIKU m\u00e4ngu v\u00e4ljakutse! Kaasa m\u00f5lemad ajupoolkerad ja l\u00f5butse samal ajal. Just selleks on loodud komplekt K\u00e4ed &amp; jalad!!<\/p>\n<p>K\u00e4ed &amp; jalad komplekt sobitub kokku k\u00f5igi teiste <span style=\"color: black;\"><a href=\"https:\/\/aasageko.eu\/toode\/3d-ortopeediline-porandapusle-16-ruudukest\/\">Muffiku ortopeedulisele p\u00f5randapusledega<\/a><\/span>\u00a0ja koos teiste komplektidega saad kombineerida toreda raja.<\/p>\n<p><span style=\"color: black;\">K\u00f5ik detailid on hoole ja armastusega toodetud T\u0161ehhi v\u00e4ikeses pereettev\u00f5ttes ja vastavad EL rangetele turvastandarditele. Igale k\u00e4ele v\u00f5i jalale on loodud vastav puslematt.<\/span><\/p>\n<p>Komplektis on 4x parem k\u00e4si, 4x vasak k\u00e4si, 4x parem jalg ja 4x vasak jalg.<\/p>\n<p><strong>Kasulikud harjutused pole kunagi olnud nii l\u00f5busad!<\/strong><\/p>\n<div id=\"hidden-link\">https:\/\/www.youtube.com\/watch?v=kPwcWin3jog<\/div>\n<p>[vc_row][vc_column width=&#8221;1\/2&#8243;]<div class=\"stats-block stats-top   wpb_custom_a517333ace5b1666c6af8bd4684f1de9\"><div class=\"stats-desc\"><div id=\"counter_176030461969d8d5c3a6471\" data-id=\"counter_176030461969d8d5c3a6471\" class=\"stats-number\" style=\" \" data-speed=\"1\" data-counter-value=\"3+\" data-separator=\",\" data-decimal=\".\">0<\/div><div class=\"counter_suffix mycust\" style=\" \">+<\/div><div class=\"stats-text\" style=\"\">aastased<\/div><\/div><\/div>[\/vc_column][vc_column width=&#8221;1\/2&#8243;]<div class=\"stats-block stats-top   wpb_custom_a517333ace5b1666c6af8bd4684f1de9\"><div class=\"stats-desc\"><div id=\"counter_176310593269d8d5c3a6588\" data-id=\"counter_176310593269d8d5c3a6588\" class=\"stats-number\" style=\" \" data-speed=\"3\" data-counter-value=\"16\" data-separator=\",\" data-decimal=\".\">0<\/div><div class=\"stats-text\" style=\"\">puslematti<\/div><\/div><\/div>[\/vc_column][\/vc_row]<\/p>\n","protected":false},"featured_media":16131,"template":"","meta":{"footnotes":""},"product_brand":[],"product_cat":[1037],"product_tag":[1038],"class_list":{"0":"post-16117","1":"product","2":"type-product","3":"status-publish","4":"has-post-thumbnail","6":"product_cat-aktiivsed-mangud","7":"product_tag-muffik","8":"pa_kaubamargid-muffik","10":"first","11":"instock","12":"taxable","13":"shipping-taxable","14":"purchasable","15":"product-type-variable"},"yoast_head":"<!-- This site is optimized with the Yoast SEO plugin v27.3 - https:\/\/yoast.com\/product\/yoast-seo-wordpress\/ -->\n<title>Muffiku p\u00f5randapusle k\u00e4ed &amp; jalad - Buy Educational Toys Online Estonia | Wholesale<\/title>\n<meta name=\"description\" content=\"Treeni lisaks kehale ka oma aju! Kaasa m\u00f5lemad ajupoolkerad ja l\u00f5butse samal ajal. Just selleks on loodud komplekt K\u00e4ed &amp; jalad !!\" \/>\n<meta name=\"robots\" content=\"index, follow, max-snippet:-1, max-image-preview:large, max-video-preview:-1\" \/>\n<link rel=\"canonical\" href=\"https:\/\/aasageko.eu\/toode\/muffiku-porandapusle-kaed-jalad\/\" \/>\n<meta property=\"og:locale\" content=\"en_US\" \/>\n<meta property=\"og:type\" content=\"article\" \/>\n<meta property=\"og:title\" content=\"Muffiku p\u00f5randapusle k\u00e4ed &amp; jalad - Buy Educational Toys Online Estonia | Wholesale\" \/>\n<meta property=\"og:description\" content=\"Treeni lisaks kehale ka oma aju! Kaasa m\u00f5lemad ajupoolkerad ja l\u00f5butse samal ajal. Just selleks on loodud komplekt K\u00e4ed &amp; jalad !!\" \/>\n<meta property=\"og:url\" content=\"https:\/\/aasageko.eu\/toode\/muffiku-porandapusle-kaed-jalad\/\" \/>\n<meta property=\"og:site_name\" content=\"Buy Educational Toys Online Estonia | Wholesale\" \/>\n<meta property=\"article:publisher\" content=\"https:\/\/www.facebook.com\/aasageko\/community\/\" \/>\n<meta property=\"article:modified_time\" content=\"2026-04-07T06:19:21+00:00\" \/>\n<meta property=\"og:image\" content=\"https:\/\/aasageko.eu\/wp-content\/uploads\/2023\/04\/Magic-set-5012.png\" \/>\n\t<meta property=\"og:image:width\" content=\"2000\" \/>\n\t<meta property=\"og:image:height\" content=\"2000\" \/>\n\t<meta property=\"og:image:type\" content=\"image\/png\" \/>\n<meta name=\"twitter:card\" content=\"summary_large_image\" \/>\n<script type=\"application\/ld+json\" class=\"yoast-schema-graph\">{\"@context\":\"https:\\\/\\\/schema.org\",\"@graph\":[{\"@type\":\"WebPage\",\"@id\":\"https:\\\/\\\/aasageko.eu\\\/toode\\\/muffiku-porandapusle-kaed-jalad\\\/\",\"url\":\"https:\\\/\\\/aasageko.eu\\\/toode\\\/muffiku-porandapusle-kaed-jalad\\\/\",\"name\":\"Muffiku p\u00f5randapusle k\u00e4ed & jalad - Buy Educational Toys Online Estonia | Wholesale\",\"isPartOf\":{\"@id\":\"https:\\\/\\\/aasageko.eu\\\/#website\"},\"primaryImageOfPage\":{\"@id\":\"https:\\\/\\\/aasageko.eu\\\/toode\\\/muffiku-porandapusle-kaed-jalad\\\/#primaryimage\"},\"image\":{\"@id\":\"https:\\\/\\\/aasageko.eu\\\/toode\\\/muffiku-porandapusle-kaed-jalad\\\/#primaryimage\"},\"thumbnailUrl\":\"https:\\\/\\\/aasageko.eu\\\/wp-content\\\/uploads\\\/2023\\\/04\\\/Magic-set-5012.png\",\"datePublished\":\"2023-04-18T13:12:43+00:00\",\"dateModified\":\"2026-04-07T06:19:21+00:00\",\"description\":\"Treeni lisaks kehale ka oma aju! Kaasa m\u00f5lemad ajupoolkerad ja l\u00f5butse samal ajal. Just selleks on loodud komplekt K\u00e4ed & jalad !!\",\"breadcrumb\":{\"@id\":\"https:\\\/\\\/aasageko.eu\\\/toode\\\/muffiku-porandapusle-kaed-jalad\\\/#breadcrumb\"},\"inLanguage\":\"en-US\",\"potentialAction\":[{\"@type\":\"ReadAction\",\"target\":[\"https:\\\/\\\/aasageko.eu\\\/toode\\\/muffiku-porandapusle-kaed-jalad\\\/\"]}]},{\"@type\":\"ImageObject\",\"inLanguage\":\"en-US\",\"@id\":\"https:\\\/\\\/aasageko.eu\\\/toode\\\/muffiku-porandapusle-kaed-jalad\\\/#primaryimage\",\"url\":\"https:\\\/\\\/aasageko.eu\\\/wp-content\\\/uploads\\\/2023\\\/04\\\/Magic-set-5012.png\",\"contentUrl\":\"https:\\\/\\\/aasageko.eu\\\/wp-content\\\/uploads\\\/2023\\\/04\\\/Magic-set-5012.png\",\"width\":2000,\"height\":2000},{\"@type\":\"BreadcrumbList\",\"@id\":\"https:\\\/\\\/aasageko.eu\\\/toode\\\/muffiku-porandapusle-kaed-jalad\\\/#breadcrumb\",\"itemListElement\":[{\"@type\":\"ListItem\",\"position\":1,\"name\":\"Home\",\"item\":\"https:\\\/\\\/aasageko.eu\\\/en\\\/\"},{\"@type\":\"ListItem\",\"position\":2,\"name\":\"Pood\",\"item\":\"https:\\\/\\\/aasageko.eu\\\/pood\\\/\"},{\"@type\":\"ListItem\",\"position\":3,\"name\":\"Muffiku p\u00f5randapusle k\u00e4ed &#038; jalad\"}]},{\"@type\":\"WebSite\",\"@id\":\"https:\\\/\\\/aasageko.eu\\\/#website\",\"url\":\"https:\\\/\\\/aasageko.eu\\\/\",\"name\":\"Buy Educational Toys Online Estonia | Wholesale\",\"description\":\"We have the widest range of educational toys online. Best brands at great prices. Fast Shipping. SmartGames, GeoSmart, Waboba, SmartMax, WildRepublic\",\"publisher\":{\"@id\":\"https:\\\/\\\/aasageko.eu\\\/#organization\"},\"potentialAction\":[{\"@type\":\"SearchAction\",\"target\":{\"@type\":\"EntryPoint\",\"urlTemplate\":\"https:\\\/\\\/aasageko.eu\\\/?s={search_term_string}\"},\"query-input\":{\"@type\":\"PropertyValueSpecification\",\"valueRequired\":true,\"valueName\":\"search_term_string\"}}],\"inLanguage\":\"en-US\"},{\"@type\":\"Organization\",\"@id\":\"https:\\\/\\\/aasageko.eu\\\/#organization\",\"name\":\"Aasageko\",\"url\":\"https:\\\/\\\/aasageko.eu\\\/\",\"logo\":{\"@type\":\"ImageObject\",\"inLanguage\":\"en-US\",\"@id\":\"https:\\\/\\\/aasageko.eu\\\/#\\\/schema\\\/logo\\\/image\\\/\",\"url\":\"https:\\\/\\\/aasageko.eu\\\/wp-content\\\/uploads\\\/2020\\\/03\\\/Aasageko_logo.png\",\"contentUrl\":\"https:\\\/\\\/aasageko.eu\\\/wp-content\\\/uploads\\\/2020\\\/03\\\/Aasageko_logo.png\",\"width\":282,\"height\":182,\"caption\":\"Aasageko\"},\"image\":{\"@id\":\"https:\\\/\\\/aasageko.eu\\\/#\\\/schema\\\/logo\\\/image\\\/\"},\"sameAs\":[\"https:\\\/\\\/www.facebook.com\\\/aasageko\\\/community\\\/\",\"https:\\\/\\\/www.instagram.com\\\/aasageko\\\/\",\"https:\\\/\\\/www.youtube.com\\\/channel\\\/UCBRdElCMa7oWzVFsjP2W5YQ\"]}]}<\/script>\n<!-- \/ Yoast SEO plugin. -->","yoast_head_json":{"title":"Muffiku p\u00f5randapusle k\u00e4ed & jalad - Buy Educational Toys Online Estonia | Wholesale","description":"Treeni lisaks kehale ka oma aju! Kaasa m\u00f5lemad ajupoolkerad ja l\u00f5butse samal ajal. Just selleks on loodud komplekt K\u00e4ed & jalad !!","robots":{"index":"index","follow":"follow","max-snippet":"max-snippet:-1","max-image-preview":"max-image-preview:large","max-video-preview":"max-video-preview:-1"},"canonical":"https:\/\/aasageko.eu\/toode\/muffiku-porandapusle-kaed-jalad\/","og_locale":"en_US","og_type":"article","og_title":"Muffiku p\u00f5randapusle k\u00e4ed & jalad - Buy Educational Toys Online Estonia | Wholesale","og_description":"Treeni lisaks kehale ka oma aju! Kaasa m\u00f5lemad ajupoolkerad ja l\u00f5butse samal ajal. Just selleks on loodud komplekt K\u00e4ed & jalad !!","og_url":"https:\/\/aasageko.eu\/toode\/muffiku-porandapusle-kaed-jalad\/","og_site_name":"Buy Educational Toys Online Estonia | Wholesale","article_publisher":"https:\/\/www.facebook.com\/aasageko\/community\/","article_modified_time":"2026-04-07T06:19:21+00:00","og_image":[{"width":2000,"height":2000,"url":"https:\/\/aasageko.eu\/wp-content\/uploads\/2023\/04\/Magic-set-5012.png","type":"image\/png"}],"twitter_card":"summary_large_image","schema":{"@context":"https:\/\/schema.org","@graph":[{"@type":"WebPage","@id":"https:\/\/aasageko.eu\/toode\/muffiku-porandapusle-kaed-jalad\/","url":"https:\/\/aasageko.eu\/toode\/muffiku-porandapusle-kaed-jalad\/","name":"Muffiku p\u00f5randapusle k\u00e4ed & jalad - Buy Educational Toys Online Estonia | Wholesale","isPartOf":{"@id":"https:\/\/aasageko.eu\/#website"},"primaryImageOfPage":{"@id":"https:\/\/aasageko.eu\/toode\/muffiku-porandapusle-kaed-jalad\/#primaryimage"},"image":{"@id":"https:\/\/aasageko.eu\/toode\/muffiku-porandapusle-kaed-jalad\/#primaryimage"},"thumbnailUrl":"https:\/\/aasageko.eu\/wp-content\/uploads\/2023\/04\/Magic-set-5012.png","datePublished":"2023-04-18T13:12:43+00:00","dateModified":"2026-04-07T06:19:21+00:00","description":"Treeni lisaks kehale ka oma aju! Kaasa m\u00f5lemad ajupoolkerad ja l\u00f5butse samal ajal. Just selleks on loodud komplekt K\u00e4ed & jalad !!","breadcrumb":{"@id":"https:\/\/aasageko.eu\/toode\/muffiku-porandapusle-kaed-jalad\/#breadcrumb"},"inLanguage":"en-US","potentialAction":[{"@type":"ReadAction","target":["https:\/\/aasageko.eu\/toode\/muffiku-porandapusle-kaed-jalad\/"]}]},{"@type":"ImageObject","inLanguage":"en-US","@id":"https:\/\/aasageko.eu\/toode\/muffiku-porandapusle-kaed-jalad\/#primaryimage","url":"https:\/\/aasageko.eu\/wp-content\/uploads\/2023\/04\/Magic-set-5012.png","contentUrl":"https:\/\/aasageko.eu\/wp-content\/uploads\/2023\/04\/Magic-set-5012.png","width":2000,"height":2000},{"@type":"BreadcrumbList","@id":"https:\/\/aasageko.eu\/toode\/muffiku-porandapusle-kaed-jalad\/#breadcrumb","itemListElement":[{"@type":"ListItem","position":1,"name":"Home","item":"https:\/\/aasageko.eu\/en\/"},{"@type":"ListItem","position":2,"name":"Pood","item":"https:\/\/aasageko.eu\/pood\/"},{"@type":"ListItem","position":3,"name":"Muffiku p\u00f5randapusle k\u00e4ed &#038; jalad"}]},{"@type":"WebSite","@id":"https:\/\/aasageko.eu\/#website","url":"https:\/\/aasageko.eu\/","name":"Buy Educational Toys Online Estonia | Wholesale","description":"We have the widest range of educational toys online. Best brands at great prices. Fast Shipping. SmartGames, GeoSmart, Waboba, SmartMax, WildRepublic","publisher":{"@id":"https:\/\/aasageko.eu\/#organization"},"potentialAction":[{"@type":"SearchAction","target":{"@type":"EntryPoint","urlTemplate":"https:\/\/aasageko.eu\/?s={search_term_string}"},"query-input":{"@type":"PropertyValueSpecification","valueRequired":true,"valueName":"search_term_string"}}],"inLanguage":"en-US"},{"@type":"Organization","@id":"https:\/\/aasageko.eu\/#organization","name":"Aasageko","url":"https:\/\/aasageko.eu\/","logo":{"@type":"ImageObject","inLanguage":"en-US","@id":"https:\/\/aasageko.eu\/#\/schema\/logo\/image\/","url":"https:\/\/aasageko.eu\/wp-content\/uploads\/2020\/03\/Aasageko_logo.png","contentUrl":"https:\/\/aasageko.eu\/wp-content\/uploads\/2020\/03\/Aasageko_logo.png","width":282,"height":182,"caption":"Aasageko"},"image":{"@id":"https:\/\/aasageko.eu\/#\/schema\/logo\/image\/"},"sameAs":["https:\/\/www.facebook.com\/aasageko\/community\/","https:\/\/www.instagram.com\/aasageko\/","https:\/\/www.youtube.com\/channel\/UCBRdElCMa7oWzVFsjP2W5YQ"]}]}},"_links":{"self":[{"href":"https:\/\/aasageko.eu\/en\/wp-json\/wp\/v2\/product\/16117","targetHints":{"allow":["GET"]}}],"collection":[{"href":"https:\/\/aasageko.eu\/en\/wp-json\/wp\/v2\/product"}],"about":[{"href":"https:\/\/aasageko.eu\/en\/wp-json\/wp\/v2\/types\/product"}],"version-history":[{"count":3,"href":"https:\/\/aasageko.eu\/en\/wp-json\/wp\/v2\/product\/16117\/revisions"}],"predecessor-version":[{"id":16139,"href":"https:\/\/aasageko.eu\/en\/wp-json\/wp\/v2\/product\/16117\/revisions\/16139"}],"wp:featuredmedia":[{"embeddable":true,"href":"https:\/\/aasageko.eu\/en\/wp-json\/wp\/v2\/media\/16131"}],"wp:attachment":[{"href":"https:\/\/aasageko.eu\/en\/wp-json\/wp\/v2\/media?parent=16117"}],"wp:term":[{"taxonomy":"product_brand","embeddable":true,"href":"https:\/\/aasageko.eu\/en\/wp-json\/wp\/v2\/product_brand?post=16117"},{"taxonomy":"product_cat","embeddable":true,"href":"https:\/\/aasageko.eu\/en\/wp-json\/wp\/v2\/product_cat?post=16117"},{"taxonomy":"product_tag","embeddable":true,"href":"https:\/\/aasageko.eu\/en\/wp-json\/wp\/v2\/product_tag?post=16117"}],"curies":[{"name":"wp","href":"https:\/\/api.w.org\/{rel}","templated":true}]}}