{"id":16065,"date":"2023-04-18T08:24:15","date_gmt":"2023-04-18T08:24:15","guid":{"rendered":"https:\/\/aasageko.eu\/?post_type=product&#038;p=16065"},"modified":"2026-04-07T06:19:21","modified_gmt":"2026-04-07T06:19:21","slug":"3d-ortopeediline-porandapusle-madu","status":"publish","type":"product","link":"https:\/\/aasageko.eu\/en\/toode\/3d-ortopeediline-porandapusle-madu\/","title":{"rendered":"3D ortopeediline p\u00f5randapusle MADU"},"content":{"rendered":"","protected":false},"excerpt":{"rendered":"<p><strong>USS-il k\u00f5nd on hea tasakaaluharjtus!<\/strong><\/p>\n<p><span style=\"color: black;\">Ortopeedilised Muffiku 3D p\u00f5randa ruudukesed teevad loodusl\u00e4hedase ja tervisliku paljajalu k\u00f5ndimise eriti lihtsaks. Samal ajal kui lapsed m\u00e4ngivad, stimuleerib see lapse arengut ja lapsed teevad kasulikke harjutusi. M\u00e4ngumati kasutamine m\u00f5jub lastele positiivselt, tervendavalt ja f\u00fcsioloogiat arendavalt. <\/span><\/p>\n<p><span style=\"color: black;\">K\u00f5ik detailid on hoole ja armastusega toodetud T\u0161ehhi v\u00e4ikeses pereettev\u00f5ttes ja vastavad EL rangetele turvastandarditele ning sobivad m\u00e4ngimiseks ka k\u00f5ige pisematele (alates 1.a). P\u00f5randaruudukeste materjal on m\u00f5nusalt elastne ja loodud tekstuurid loodusl\u00e4hedased.<\/span><\/p>\n<p>F\u00fcsioterapeudid \u00fctlevad, et jalgade \u201eellu \u00e4ratamiseks\u201c on vaja v\u00e4he. Jalgu tuleb kasutada. Jalgu tuleb kasutada t\u00e4pselt nii nagu need on loodud \u2013 paljajalu ja maastikul, mis on neile ette n\u00e4htud (looduslikud tekstuurid). Oluline on mitmekesisus.<\/p>\n<p>Komplektis on 6 suurt (25 x 25 cm) ussi detailidega puslematti.<\/p>\n<p><strong>Kasulikud harjutused pole kunagi olnud nii l\u00f5busad!<\/strong><\/p>\n<div id=\"hidden-link\">https:\/\/www.youtube.com\/watch?v=6GV1dvsM2Pw<\/div>\n<p>[vc_row][vc_column width=&#8221;1\/2&#8243;]<div class=\"stats-block stats-top   wpb_custom_a517333ace5b1666c6af8bd4684f1de9\"><div class=\"stats-desc\"><div id=\"counter_113742263969e788ff11796\" data-id=\"counter_113742263969e788ff11796\" class=\"stats-number\" style=\" \" data-speed=\"1\" data-counter-value=\"5\" data-separator=\",\" data-decimal=\".\">0<\/div><div class=\"counter_suffix mycust\" style=\" \">+<\/div><div class=\"stats-text\" style=\"\">aastased<\/div><\/div><\/div>[\/vc_column][vc_column width=&#8221;1\/2&#8243;]<div class=\"stats-block stats-top   wpb_custom_a517333ace5b1666c6af8bd4684f1de9\"><div class=\"stats-desc\"><div id=\"counter_31658400769e788ff1189b\" data-id=\"counter_31658400769e788ff1189b\" class=\"stats-number\" style=\" \" data-speed=\"3\" data-counter-value=\"6\" data-separator=\",\" data-decimal=\".\">0<\/div><div class=\"stats-text\" style=\"\">detaili<\/div><\/div><\/div>[\/vc_column][\/vc_row]<\/p>\n","protected":false},"featured_media":16073,"template":"","meta":{"footnotes":""},"product_brand":[],"product_cat":[1037],"product_tag":[1038],"class_list":{"0":"post-16065","1":"product","2":"type-product","3":"status-publish","4":"has-post-thumbnail","6":"product_cat-aktiivsed-mangud","7":"product_tag-muffik","8":"pa_kaubamargid-muffik","10":"first","11":"instock","12":"taxable","13":"shipping-taxable","14":"purchasable","15":"product-type-variable"},"yoast_head":"<!-- This site is optimized with the Yoast SEO plugin v27.4 - https:\/\/yoast.com\/product\/yoast-seo-wordpress\/ -->\n<title>3D ortopeediline p\u00f5randapusle MADU - Buy Educational Toys Online Estonia | Wholesale<\/title>\n<meta name=\"description\" content=\"Samal ajal kui lapsed m\u00e4ngivad ortopeedilise p\u00f5randapusle mattidel, stimuleerib see lapse arengut ja lapsed teevad kasulikke harjutusi.\" \/>\n<meta name=\"robots\" content=\"index, follow, max-snippet:-1, max-image-preview:large, max-video-preview:-1\" \/>\n<link rel=\"canonical\" href=\"https:\/\/aasageko.eu\/toode\/3d-ortopeediline-porandapusle-madu\/\" \/>\n<meta property=\"og:locale\" content=\"en_US\" \/>\n<meta property=\"og:type\" content=\"article\" \/>\n<meta property=\"og:title\" content=\"3D ortopeediline p\u00f5randapusle MADU - Buy Educational Toys Online Estonia | Wholesale\" \/>\n<meta property=\"og:description\" content=\"Samal ajal kui lapsed m\u00e4ngivad ortopeedilise p\u00f5randapusle mattidel, stimuleerib see lapse arengut ja lapsed teevad kasulikke harjutusi.\" \/>\n<meta property=\"og:url\" content=\"https:\/\/aasageko.eu\/toode\/3d-ortopeediline-porandapusle-madu\/\" \/>\n<meta property=\"og:site_name\" content=\"Buy Educational Toys Online Estonia | Wholesale\" \/>\n<meta property=\"article:publisher\" content=\"https:\/\/www.facebook.com\/aasageko\/community\/\" \/>\n<meta property=\"article:modified_time\" content=\"2026-04-07T06:19:21+00:00\" \/>\n<meta property=\"og:image\" content=\"https:\/\/aasageko.eu\/wp-content\/uploads\/2023\/04\/Snake-set_3-kopie.jpg\" \/>\n\t<meta property=\"og:image:width\" content=\"2000\" \/>\n\t<meta property=\"og:image:height\" content=\"2000\" \/>\n\t<meta property=\"og:image:type\" content=\"image\/jpeg\" \/>\n<meta name=\"twitter:card\" content=\"summary_large_image\" \/>\n<meta name=\"twitter:label1\" content=\"Est. reading time\" \/>\n\t<meta name=\"twitter:data1\" content=\"1 minute\" \/>\n<script type=\"application\/ld+json\" class=\"yoast-schema-graph\">{\"@context\":\"https:\\\/\\\/schema.org\",\"@graph\":[{\"@type\":\"WebPage\",\"@id\":\"https:\\\/\\\/aasageko.eu\\\/toode\\\/3d-ortopeediline-porandapusle-madu\\\/\",\"url\":\"https:\\\/\\\/aasageko.eu\\\/toode\\\/3d-ortopeediline-porandapusle-madu\\\/\",\"name\":\"3D ortopeediline p\u00f5randapusle MADU - Buy Educational Toys Online Estonia | Wholesale\",\"isPartOf\":{\"@id\":\"https:\\\/\\\/aasageko.eu\\\/#website\"},\"primaryImageOfPage\":{\"@id\":\"https:\\\/\\\/aasageko.eu\\\/toode\\\/3d-ortopeediline-porandapusle-madu\\\/#primaryimage\"},\"image\":{\"@id\":\"https:\\\/\\\/aasageko.eu\\\/toode\\\/3d-ortopeediline-porandapusle-madu\\\/#primaryimage\"},\"thumbnailUrl\":\"https:\\\/\\\/aasageko.eu\\\/wp-content\\\/uploads\\\/2023\\\/04\\\/Snake-set_3-kopie.jpg\",\"datePublished\":\"2023-04-18T08:24:15+00:00\",\"dateModified\":\"2026-04-07T06:19:21+00:00\",\"description\":\"Samal ajal kui lapsed m\u00e4ngivad ortopeedilise p\u00f5randapusle mattidel, stimuleerib see lapse arengut ja lapsed teevad kasulikke harjutusi.\",\"breadcrumb\":{\"@id\":\"https:\\\/\\\/aasageko.eu\\\/toode\\\/3d-ortopeediline-porandapusle-madu\\\/#breadcrumb\"},\"inLanguage\":\"en-US\",\"potentialAction\":[{\"@type\":\"ReadAction\",\"target\":[\"https:\\\/\\\/aasageko.eu\\\/toode\\\/3d-ortopeediline-porandapusle-madu\\\/\"]}]},{\"@type\":\"ImageObject\",\"inLanguage\":\"en-US\",\"@id\":\"https:\\\/\\\/aasageko.eu\\\/toode\\\/3d-ortopeediline-porandapusle-madu\\\/#primaryimage\",\"url\":\"https:\\\/\\\/aasageko.eu\\\/wp-content\\\/uploads\\\/2023\\\/04\\\/Snake-set_3-kopie.jpg\",\"contentUrl\":\"https:\\\/\\\/aasageko.eu\\\/wp-content\\\/uploads\\\/2023\\\/04\\\/Snake-set_3-kopie.jpg\",\"width\":2000,\"height\":2000},{\"@type\":\"BreadcrumbList\",\"@id\":\"https:\\\/\\\/aasageko.eu\\\/toode\\\/3d-ortopeediline-porandapusle-madu\\\/#breadcrumb\",\"itemListElement\":[{\"@type\":\"ListItem\",\"position\":1,\"name\":\"Home\",\"item\":\"https:\\\/\\\/aasageko.eu\\\/en\\\/\"},{\"@type\":\"ListItem\",\"position\":2,\"name\":\"Pood\",\"item\":\"https:\\\/\\\/aasageko.eu\\\/pood\\\/\"},{\"@type\":\"ListItem\",\"position\":3,\"name\":\"3D ortopeediline p\u00f5randapusle MADU\"}]},{\"@type\":\"WebSite\",\"@id\":\"https:\\\/\\\/aasageko.eu\\\/#website\",\"url\":\"https:\\\/\\\/aasageko.eu\\\/\",\"name\":\"Buy Educational Toys Online Estonia | Wholesale\",\"description\":\"We have the widest range of educational toys online. Best brands at great prices. Fast Shipping. SmartGames, GeoSmart, Waboba, SmartMax, WildRepublic\",\"publisher\":{\"@id\":\"https:\\\/\\\/aasageko.eu\\\/#organization\"},\"potentialAction\":[{\"@type\":\"SearchAction\",\"target\":{\"@type\":\"EntryPoint\",\"urlTemplate\":\"https:\\\/\\\/aasageko.eu\\\/?s={search_term_string}\"},\"query-input\":{\"@type\":\"PropertyValueSpecification\",\"valueRequired\":true,\"valueName\":\"search_term_string\"}}],\"inLanguage\":\"en-US\"},{\"@type\":\"Organization\",\"@id\":\"https:\\\/\\\/aasageko.eu\\\/#organization\",\"name\":\"Aasageko\",\"url\":\"https:\\\/\\\/aasageko.eu\\\/\",\"logo\":{\"@type\":\"ImageObject\",\"inLanguage\":\"en-US\",\"@id\":\"https:\\\/\\\/aasageko.eu\\\/#\\\/schema\\\/logo\\\/image\\\/\",\"url\":\"https:\\\/\\\/aasageko.eu\\\/wp-content\\\/uploads\\\/2020\\\/03\\\/Aasageko_logo.png\",\"contentUrl\":\"https:\\\/\\\/aasageko.eu\\\/wp-content\\\/uploads\\\/2020\\\/03\\\/Aasageko_logo.png\",\"width\":282,\"height\":182,\"caption\":\"Aasageko\"},\"image\":{\"@id\":\"https:\\\/\\\/aasageko.eu\\\/#\\\/schema\\\/logo\\\/image\\\/\"},\"sameAs\":[\"https:\\\/\\\/www.facebook.com\\\/aasageko\\\/community\\\/\",\"https:\\\/\\\/www.instagram.com\\\/aasageko\\\/\",\"https:\\\/\\\/www.youtube.com\\\/channel\\\/UCBRdElCMa7oWzVFsjP2W5YQ\"]}]}<\/script>\n<!-- \/ Yoast SEO plugin. -->","yoast_head_json":{"title":"3D ortopeediline p\u00f5randapusle MADU - Buy Educational Toys Online Estonia | Wholesale","description":"Samal ajal kui lapsed m\u00e4ngivad ortopeedilise p\u00f5randapusle mattidel, stimuleerib see lapse arengut ja lapsed teevad kasulikke harjutusi.","robots":{"index":"index","follow":"follow","max-snippet":"max-snippet:-1","max-image-preview":"max-image-preview:large","max-video-preview":"max-video-preview:-1"},"canonical":"https:\/\/aasageko.eu\/toode\/3d-ortopeediline-porandapusle-madu\/","og_locale":"en_US","og_type":"article","og_title":"3D ortopeediline p\u00f5randapusle MADU - Buy Educational Toys Online Estonia | Wholesale","og_description":"Samal ajal kui lapsed m\u00e4ngivad ortopeedilise p\u00f5randapusle mattidel, stimuleerib see lapse arengut ja lapsed teevad kasulikke harjutusi.","og_url":"https:\/\/aasageko.eu\/toode\/3d-ortopeediline-porandapusle-madu\/","og_site_name":"Buy Educational Toys Online Estonia | Wholesale","article_publisher":"https:\/\/www.facebook.com\/aasageko\/community\/","article_modified_time":"2026-04-07T06:19:21+00:00","og_image":[{"width":2000,"height":2000,"url":"https:\/\/aasageko.eu\/wp-content\/uploads\/2023\/04\/Snake-set_3-kopie.jpg","type":"image\/jpeg"}],"twitter_card":"summary_large_image","twitter_misc":{"Est. reading time":"1 minute"},"schema":{"@context":"https:\/\/schema.org","@graph":[{"@type":"WebPage","@id":"https:\/\/aasageko.eu\/toode\/3d-ortopeediline-porandapusle-madu\/","url":"https:\/\/aasageko.eu\/toode\/3d-ortopeediline-porandapusle-madu\/","name":"3D ortopeediline p\u00f5randapusle MADU - Buy Educational Toys Online Estonia | Wholesale","isPartOf":{"@id":"https:\/\/aasageko.eu\/#website"},"primaryImageOfPage":{"@id":"https:\/\/aasageko.eu\/toode\/3d-ortopeediline-porandapusle-madu\/#primaryimage"},"image":{"@id":"https:\/\/aasageko.eu\/toode\/3d-ortopeediline-porandapusle-madu\/#primaryimage"},"thumbnailUrl":"https:\/\/aasageko.eu\/wp-content\/uploads\/2023\/04\/Snake-set_3-kopie.jpg","datePublished":"2023-04-18T08:24:15+00:00","dateModified":"2026-04-07T06:19:21+00:00","description":"Samal ajal kui lapsed m\u00e4ngivad ortopeedilise p\u00f5randapusle mattidel, stimuleerib see lapse arengut ja lapsed teevad kasulikke harjutusi.","breadcrumb":{"@id":"https:\/\/aasageko.eu\/toode\/3d-ortopeediline-porandapusle-madu\/#breadcrumb"},"inLanguage":"en-US","potentialAction":[{"@type":"ReadAction","target":["https:\/\/aasageko.eu\/toode\/3d-ortopeediline-porandapusle-madu\/"]}]},{"@type":"ImageObject","inLanguage":"en-US","@id":"https:\/\/aasageko.eu\/toode\/3d-ortopeediline-porandapusle-madu\/#primaryimage","url":"https:\/\/aasageko.eu\/wp-content\/uploads\/2023\/04\/Snake-set_3-kopie.jpg","contentUrl":"https:\/\/aasageko.eu\/wp-content\/uploads\/2023\/04\/Snake-set_3-kopie.jpg","width":2000,"height":2000},{"@type":"BreadcrumbList","@id":"https:\/\/aasageko.eu\/toode\/3d-ortopeediline-porandapusle-madu\/#breadcrumb","itemListElement":[{"@type":"ListItem","position":1,"name":"Home","item":"https:\/\/aasageko.eu\/en\/"},{"@type":"ListItem","position":2,"name":"Pood","item":"https:\/\/aasageko.eu\/pood\/"},{"@type":"ListItem","position":3,"name":"3D ortopeediline p\u00f5randapusle MADU"}]},{"@type":"WebSite","@id":"https:\/\/aasageko.eu\/#website","url":"https:\/\/aasageko.eu\/","name":"Buy Educational Toys Online Estonia | Wholesale","description":"We have the widest range of educational toys online. Best brands at great prices. Fast Shipping. SmartGames, GeoSmart, Waboba, SmartMax, WildRepublic","publisher":{"@id":"https:\/\/aasageko.eu\/#organization"},"potentialAction":[{"@type":"SearchAction","target":{"@type":"EntryPoint","urlTemplate":"https:\/\/aasageko.eu\/?s={search_term_string}"},"query-input":{"@type":"PropertyValueSpecification","valueRequired":true,"valueName":"search_term_string"}}],"inLanguage":"en-US"},{"@type":"Organization","@id":"https:\/\/aasageko.eu\/#organization","name":"Aasageko","url":"https:\/\/aasageko.eu\/","logo":{"@type":"ImageObject","inLanguage":"en-US","@id":"https:\/\/aasageko.eu\/#\/schema\/logo\/image\/","url":"https:\/\/aasageko.eu\/wp-content\/uploads\/2020\/03\/Aasageko_logo.png","contentUrl":"https:\/\/aasageko.eu\/wp-content\/uploads\/2020\/03\/Aasageko_logo.png","width":282,"height":182,"caption":"Aasageko"},"image":{"@id":"https:\/\/aasageko.eu\/#\/schema\/logo\/image\/"},"sameAs":["https:\/\/www.facebook.com\/aasageko\/community\/","https:\/\/www.instagram.com\/aasageko\/","https:\/\/www.youtube.com\/channel\/UCBRdElCMa7oWzVFsjP2W5YQ"]}]}},"_links":{"self":[{"href":"https:\/\/aasageko.eu\/en\/wp-json\/wp\/v2\/product\/16065","targetHints":{"allow":["GET"]}}],"collection":[{"href":"https:\/\/aasageko.eu\/en\/wp-json\/wp\/v2\/product"}],"about":[{"href":"https:\/\/aasageko.eu\/en\/wp-json\/wp\/v2\/types\/product"}],"version-history":[{"count":3,"href":"https:\/\/aasageko.eu\/en\/wp-json\/wp\/v2\/product\/16065\/revisions"}],"predecessor-version":[{"id":20286,"href":"https:\/\/aasageko.eu\/en\/wp-json\/wp\/v2\/product\/16065\/revisions\/20286"}],"wp:featuredmedia":[{"embeddable":true,"href":"https:\/\/aasageko.eu\/en\/wp-json\/wp\/v2\/media\/16073"}],"wp:attachment":[{"href":"https:\/\/aasageko.eu\/en\/wp-json\/wp\/v2\/media?parent=16065"}],"wp:term":[{"taxonomy":"product_brand","embeddable":true,"href":"https:\/\/aasageko.eu\/en\/wp-json\/wp\/v2\/product_brand?post=16065"},{"taxonomy":"product_cat","embeddable":true,"href":"https:\/\/aasageko.eu\/en\/wp-json\/wp\/v2\/product_cat?post=16065"},{"taxonomy":"product_tag","embeddable":true,"href":"https:\/\/aasageko.eu\/en\/wp-json\/wp\/v2\/product_tag?post=16065"}],"curies":[{"name":"wp","href":"https:\/\/api.w.org\/{rel}","templated":true}]}}