{"id":14583,"date":"2022-05-18T06:56:12","date_gmt":"2022-05-18T06:56:12","guid":{"rendered":"https:\/\/aasageko.eu\/?post_type=product&#038;p=14583"},"modified":"2026-04-07T06:19:19","modified_gmt":"2026-04-07T06:19:19","slug":"pogenemistuba-2-le-mangijale","status":"publish","type":"product","link":"https:\/\/aasageko.eu\/en\/toode\/pogenemistuba-2-le-mangijale\/","title":{"rendered":"P\u00f5genemistuba 2-le m\u00e4ngijale"},"content":{"rendered":"","protected":false},"excerpt":{"rendered":"<p>Tere tulemast p\u00f5genemistuppa! Tunneta p\u00f5nevust ja naudi P\u00f5genemistoa salap\u00e4ra oma enda kodus. Selles v\u00e4ljakutset esitavas ja ettearvamatus m\u00e4ngus tuleb teha koost\u00f6\u00f6d, et lahendada m\u00f5istatusi ja leida peidetud vihjeid. Pidevalt on v\u00f5idujooks ajaga: teil on aega ainult 60 minutit, et p\u00f5geneda.<\/p>\n<p>Karbis on 2 p\u00f5nevat seiklust j\u00e4rjest kasvava raskustasemega ja \u00fcks 15 minutiline sissejuhatav seiklus. K\u00f5igepealt soovitame sisseelamiseks m\u00e4ngida tutvustusm\u00e4ngu. P\u00f5genemistubade m\u00e4ngimise j\u00e4rjekord on:<\/p>\n<ol>\n<li>R\u00f6\u00f6vitud &#8211; tutvustusm\u00e4ng (15 min)<\/li>\n<li>Vanglasaar<\/li>\n<li>Varjupaik<\/li>\n<\/ol>\n<p>60 minutilistel seiklustel on 3 osa. Igas osas pead leidma koodi, mis koosneb 4-st v\u00f5tmest ja v\u00f5tmed tuleb sisestada kronodekoodrisse. Leia 3 \u00f5iget koodi 60 minuti jooksul, et v\u00f5ita m\u00e4ng. Tehke koost\u00f6\u00f6d v\u00f5i p\u00f5ruge koos&#8230;<\/p>\n<p>M\u00e4ngule lisab v\u00fcrtsi kronodekooder. Kui sul on olemas p\u00f5him\u00e4ng, siis saad kasutada p\u00f5him\u00e4ngu kroodekoodrit ja v\u00f5tmeid aga kui ei ole, siis saad alla laadida kronodekoodri \u00e4pi.<\/p>\n<p>Meeskonnat\u00f6\u00f6, hea suhtlus, leidlikkus, loovus, loogika ja detailide m\u00e4rkamine on samuti v\u00e4ga t\u00e4htsad.<\/p>\n<p>Loe veel selle m\u00e4ngu kohta <a href=\"https:\/\/escaperoomthegame.com\/et-ee\/\">Escape Room Eesti<\/a><\/p>\n<p>&nbsp;<\/p>\n<div id=\"hidden-link\">https:\/\/www.youtube.com\/watch?v=rooW6zOjN-I<\/div>\n<p>[vc_row][vc_column width=&#8221;1\/3&#8243;]<div class=\"stats-block stats-top   wpb_custom_a517333ace5b1666c6af8bd4684f1de9\"><div class=\"stats-desc\"><div id=\"counter_76292225069dedc39700a1\" data-id=\"counter_76292225069dedc39700a1\" class=\"stats-number\" style=\" \" data-speed=\"1\" data-counter-value=\"16\" data-separator=\",\" data-decimal=\".\">0<\/div><div class=\"counter_suffix mycust\" style=\" \">+<\/div><div class=\"stats-text\" style=\"\">aastased<\/div><\/div><\/div>[\/vc_column][vc_column width=&#8221;1\/3&#8243;]<div class=\"stats-block stats-top   wpb_custom_a517333ace5b1666c6af8bd4684f1de9\"><div class=\"stats-desc\"><div id=\"counter_202635434569dedc397019a\" data-id=\"counter_202635434569dedc397019a\" class=\"stats-number\" style=\" \" data-speed=\"3\" data-counter-value=\"2\" data-separator=\",\" data-decimal=\".\">0<\/div><div class=\"counter_suffix mycust\" style=\" \"> <\/div><div class=\"stats-text\" style=\"\"> erinevat p\u00f5genemistuba<\/div><\/div><\/div>[\/vc_column][vc_column width=&#8221;1\/3&#8243;]<div class=\"stats-block stats-top   wpb_custom_a517333ace5b1666c6af8bd4684f1de9\"><div class=\"stats-desc\"><div id=\"counter_116236250869dedc397024b\" data-id=\"counter_116236250869dedc397024b\" class=\"stats-number\" style=\" \" data-speed=\"3\" data-counter-value=\"60\" data-separator=\",\" data-decimal=\".\">0<\/div><div class=\"counter_suffix mycust\" style=\" \">min.<\/div><div class=\"stats-text\" style=\"\">aega p\u00f5genemiseks<\/div><\/div><\/div>[\/vc_column][\/vc_row]<\/p>\n","protected":false},"featured_media":14587,"template":"","meta":{"footnotes":""},"product_brand":[],"product_cat":[126,1012],"product_tag":[252,1010],"class_list":{"0":"post-14583","1":"product","2":"type-product","3":"status-publish","4":"has-post-thumbnail","6":"product_cat-lauamangud","7":"product_cat-pogenemistoad","8":"product_tag-hariv-ja-hea","9":"product_tag-pogenemistuba","10":"pa_kaubamargid-hea-ja-hariv","11":"pa_kaubamargid-pogenemistuba","13":"first","14":"instock","15":"taxable","16":"shipping-taxable","17":"purchasable","18":"product-type-simple"},"yoast_head":"<!-- This site is optimized with the Yoast SEO plugin v27.3 - https:\/\/yoast.com\/product\/yoast-seo-wordpress\/ -->\n<title>P\u00f5genemistuba 2-le m\u00e4ngijale - Buy Educational Toys Online Estonia | Wholesale<\/title>\n<meta name=\"description\" content=\"P\u00f5nevad lauam\u00e4ngud. Kaasahaarav p\u00f5genemistuba ehk Escape Room 2-le m\u00e4ngiale sinu enda kodus. Vanusele 16+. M\u00e4ng on kohe laos olemas.\" \/>\n<meta name=\"robots\" content=\"index, follow, max-snippet:-1, max-image-preview:large, max-video-preview:-1\" \/>\n<link rel=\"canonical\" href=\"https:\/\/aasageko.eu\/toode\/pogenemistuba-2-le-mangijale\/\" \/>\n<meta property=\"og:locale\" content=\"en_US\" \/>\n<meta property=\"og:type\" content=\"article\" \/>\n<meta property=\"og:title\" content=\"P\u00f5genemistuba 2-le m\u00e4ngijale - Buy Educational Toys Online Estonia | Wholesale\" \/>\n<meta property=\"og:description\" content=\"P\u00f5nevad lauam\u00e4ngud. Kaasahaarav p\u00f5genemistuba ehk Escape Room 2-le m\u00e4ngiale sinu enda kodus. Vanusele 16+. M\u00e4ng on kohe laos olemas.\" \/>\n<meta property=\"og:url\" content=\"https:\/\/aasageko.eu\/toode\/pogenemistuba-2-le-mangijale\/\" \/>\n<meta property=\"og:site_name\" content=\"Buy Educational Toys Online Estonia | Wholesale\" \/>\n<meta property=\"article:publisher\" content=\"https:\/\/www.facebook.com\/aasageko\/community\/\" \/>\n<meta property=\"article:modified_time\" content=\"2026-04-07T06:19:19+00:00\" \/>\n<meta property=\"og:image\" content=\"https:\/\/aasageko.eu\/wp-content\/uploads\/2022\/05\/2mangijat_EST_karp.jpg\" \/>\n\t<meta property=\"og:image:width\" content=\"2000\" \/>\n\t<meta property=\"og:image:height\" content=\"2274\" \/>\n\t<meta property=\"og:image:type\" content=\"image\/jpeg\" \/>\n<meta name=\"twitter:card\" content=\"summary_large_image\" \/>\n<script type=\"application\/ld+json\" class=\"yoast-schema-graph\">{\"@context\":\"https:\\\/\\\/schema.org\",\"@graph\":[{\"@type\":\"WebPage\",\"@id\":\"https:\\\/\\\/aasageko.eu\\\/toode\\\/pogenemistuba-2-le-mangijale\\\/\",\"url\":\"https:\\\/\\\/aasageko.eu\\\/toode\\\/pogenemistuba-2-le-mangijale\\\/\",\"name\":\"P\u00f5genemistuba 2-le m\u00e4ngijale - Buy Educational Toys Online Estonia | Wholesale\",\"isPartOf\":{\"@id\":\"https:\\\/\\\/aasageko.eu\\\/#website\"},\"primaryImageOfPage\":{\"@id\":\"https:\\\/\\\/aasageko.eu\\\/toode\\\/pogenemistuba-2-le-mangijale\\\/#primaryimage\"},\"image\":{\"@id\":\"https:\\\/\\\/aasageko.eu\\\/toode\\\/pogenemistuba-2-le-mangijale\\\/#primaryimage\"},\"thumbnailUrl\":\"https:\\\/\\\/aasageko.eu\\\/wp-content\\\/uploads\\\/2022\\\/05\\\/2mangijat_EST_karp.jpg\",\"datePublished\":\"2022-05-18T06:56:12+00:00\",\"dateModified\":\"2026-04-07T06:19:19+00:00\",\"description\":\"P\u00f5nevad lauam\u00e4ngud. Kaasahaarav p\u00f5genemistuba ehk Escape Room 2-le m\u00e4ngiale sinu enda kodus. Vanusele 16+. M\u00e4ng on kohe laos olemas.\",\"breadcrumb\":{\"@id\":\"https:\\\/\\\/aasageko.eu\\\/toode\\\/pogenemistuba-2-le-mangijale\\\/#breadcrumb\"},\"inLanguage\":\"en-US\",\"potentialAction\":[{\"@type\":\"ReadAction\",\"target\":[\"https:\\\/\\\/aasageko.eu\\\/toode\\\/pogenemistuba-2-le-mangijale\\\/\"]}]},{\"@type\":\"ImageObject\",\"inLanguage\":\"en-US\",\"@id\":\"https:\\\/\\\/aasageko.eu\\\/toode\\\/pogenemistuba-2-le-mangijale\\\/#primaryimage\",\"url\":\"https:\\\/\\\/aasageko.eu\\\/wp-content\\\/uploads\\\/2022\\\/05\\\/2mangijat_EST_karp.jpg\",\"contentUrl\":\"https:\\\/\\\/aasageko.eu\\\/wp-content\\\/uploads\\\/2022\\\/05\\\/2mangijat_EST_karp.jpg\",\"width\":2000,\"height\":2274},{\"@type\":\"BreadcrumbList\",\"@id\":\"https:\\\/\\\/aasageko.eu\\\/toode\\\/pogenemistuba-2-le-mangijale\\\/#breadcrumb\",\"itemListElement\":[{\"@type\":\"ListItem\",\"position\":1,\"name\":\"Home\",\"item\":\"https:\\\/\\\/aasageko.eu\\\/en\\\/\"},{\"@type\":\"ListItem\",\"position\":2,\"name\":\"Pood\",\"item\":\"https:\\\/\\\/aasageko.eu\\\/pood\\\/\"},{\"@type\":\"ListItem\",\"position\":3,\"name\":\"P\u00f5genemistuba 2-le m\u00e4ngijale\"}]},{\"@type\":\"WebSite\",\"@id\":\"https:\\\/\\\/aasageko.eu\\\/#website\",\"url\":\"https:\\\/\\\/aasageko.eu\\\/\",\"name\":\"Buy Educational Toys Online Estonia | Wholesale\",\"description\":\"We have the widest range of educational toys online. Best brands at great prices. Fast Shipping. SmartGames, GeoSmart, Waboba, SmartMax, WildRepublic\",\"publisher\":{\"@id\":\"https:\\\/\\\/aasageko.eu\\\/#organization\"},\"potentialAction\":[{\"@type\":\"SearchAction\",\"target\":{\"@type\":\"EntryPoint\",\"urlTemplate\":\"https:\\\/\\\/aasageko.eu\\\/?s={search_term_string}\"},\"query-input\":{\"@type\":\"PropertyValueSpecification\",\"valueRequired\":true,\"valueName\":\"search_term_string\"}}],\"inLanguage\":\"en-US\"},{\"@type\":\"Organization\",\"@id\":\"https:\\\/\\\/aasageko.eu\\\/#organization\",\"name\":\"Aasageko\",\"url\":\"https:\\\/\\\/aasageko.eu\\\/\",\"logo\":{\"@type\":\"ImageObject\",\"inLanguage\":\"en-US\",\"@id\":\"https:\\\/\\\/aasageko.eu\\\/#\\\/schema\\\/logo\\\/image\\\/\",\"url\":\"https:\\\/\\\/aasageko.eu\\\/wp-content\\\/uploads\\\/2020\\\/03\\\/Aasageko_logo.png\",\"contentUrl\":\"https:\\\/\\\/aasageko.eu\\\/wp-content\\\/uploads\\\/2020\\\/03\\\/Aasageko_logo.png\",\"width\":282,\"height\":182,\"caption\":\"Aasageko\"},\"image\":{\"@id\":\"https:\\\/\\\/aasageko.eu\\\/#\\\/schema\\\/logo\\\/image\\\/\"},\"sameAs\":[\"https:\\\/\\\/www.facebook.com\\\/aasageko\\\/community\\\/\",\"https:\\\/\\\/www.instagram.com\\\/aasageko\\\/\",\"https:\\\/\\\/www.youtube.com\\\/channel\\\/UCBRdElCMa7oWzVFsjP2W5YQ\"]}]}<\/script>\n<!-- \/ Yoast SEO plugin. -->","yoast_head_json":{"title":"P\u00f5genemistuba 2-le m\u00e4ngijale - Buy Educational Toys Online Estonia | Wholesale","description":"P\u00f5nevad lauam\u00e4ngud. Kaasahaarav p\u00f5genemistuba ehk Escape Room 2-le m\u00e4ngiale sinu enda kodus. Vanusele 16+. M\u00e4ng on kohe laos olemas.","robots":{"index":"index","follow":"follow","max-snippet":"max-snippet:-1","max-image-preview":"max-image-preview:large","max-video-preview":"max-video-preview:-1"},"canonical":"https:\/\/aasageko.eu\/toode\/pogenemistuba-2-le-mangijale\/","og_locale":"en_US","og_type":"article","og_title":"P\u00f5genemistuba 2-le m\u00e4ngijale - Buy Educational Toys Online Estonia | Wholesale","og_description":"P\u00f5nevad lauam\u00e4ngud. Kaasahaarav p\u00f5genemistuba ehk Escape Room 2-le m\u00e4ngiale sinu enda kodus. Vanusele 16+. M\u00e4ng on kohe laos olemas.","og_url":"https:\/\/aasageko.eu\/toode\/pogenemistuba-2-le-mangijale\/","og_site_name":"Buy Educational Toys Online Estonia | Wholesale","article_publisher":"https:\/\/www.facebook.com\/aasageko\/community\/","article_modified_time":"2026-04-07T06:19:19+00:00","og_image":[{"width":2000,"height":2274,"url":"https:\/\/aasageko.eu\/wp-content\/uploads\/2022\/05\/2mangijat_EST_karp.jpg","type":"image\/jpeg"}],"twitter_card":"summary_large_image","schema":{"@context":"https:\/\/schema.org","@graph":[{"@type":"WebPage","@id":"https:\/\/aasageko.eu\/toode\/pogenemistuba-2-le-mangijale\/","url":"https:\/\/aasageko.eu\/toode\/pogenemistuba-2-le-mangijale\/","name":"P\u00f5genemistuba 2-le m\u00e4ngijale - Buy Educational Toys Online Estonia | Wholesale","isPartOf":{"@id":"https:\/\/aasageko.eu\/#website"},"primaryImageOfPage":{"@id":"https:\/\/aasageko.eu\/toode\/pogenemistuba-2-le-mangijale\/#primaryimage"},"image":{"@id":"https:\/\/aasageko.eu\/toode\/pogenemistuba-2-le-mangijale\/#primaryimage"},"thumbnailUrl":"https:\/\/aasageko.eu\/wp-content\/uploads\/2022\/05\/2mangijat_EST_karp.jpg","datePublished":"2022-05-18T06:56:12+00:00","dateModified":"2026-04-07T06:19:19+00:00","description":"P\u00f5nevad lauam\u00e4ngud. Kaasahaarav p\u00f5genemistuba ehk Escape Room 2-le m\u00e4ngiale sinu enda kodus. Vanusele 16+. M\u00e4ng on kohe laos olemas.","breadcrumb":{"@id":"https:\/\/aasageko.eu\/toode\/pogenemistuba-2-le-mangijale\/#breadcrumb"},"inLanguage":"en-US","potentialAction":[{"@type":"ReadAction","target":["https:\/\/aasageko.eu\/toode\/pogenemistuba-2-le-mangijale\/"]}]},{"@type":"ImageObject","inLanguage":"en-US","@id":"https:\/\/aasageko.eu\/toode\/pogenemistuba-2-le-mangijale\/#primaryimage","url":"https:\/\/aasageko.eu\/wp-content\/uploads\/2022\/05\/2mangijat_EST_karp.jpg","contentUrl":"https:\/\/aasageko.eu\/wp-content\/uploads\/2022\/05\/2mangijat_EST_karp.jpg","width":2000,"height":2274},{"@type":"BreadcrumbList","@id":"https:\/\/aasageko.eu\/toode\/pogenemistuba-2-le-mangijale\/#breadcrumb","itemListElement":[{"@type":"ListItem","position":1,"name":"Home","item":"https:\/\/aasageko.eu\/en\/"},{"@type":"ListItem","position":2,"name":"Pood","item":"https:\/\/aasageko.eu\/pood\/"},{"@type":"ListItem","position":3,"name":"P\u00f5genemistuba 2-le m\u00e4ngijale"}]},{"@type":"WebSite","@id":"https:\/\/aasageko.eu\/#website","url":"https:\/\/aasageko.eu\/","name":"Buy Educational Toys Online Estonia | Wholesale","description":"We have the widest range of educational toys online. Best brands at great prices. Fast Shipping. SmartGames, GeoSmart, Waboba, SmartMax, WildRepublic","publisher":{"@id":"https:\/\/aasageko.eu\/#organization"},"potentialAction":[{"@type":"SearchAction","target":{"@type":"EntryPoint","urlTemplate":"https:\/\/aasageko.eu\/?s={search_term_string}"},"query-input":{"@type":"PropertyValueSpecification","valueRequired":true,"valueName":"search_term_string"}}],"inLanguage":"en-US"},{"@type":"Organization","@id":"https:\/\/aasageko.eu\/#organization","name":"Aasageko","url":"https:\/\/aasageko.eu\/","logo":{"@type":"ImageObject","inLanguage":"en-US","@id":"https:\/\/aasageko.eu\/#\/schema\/logo\/image\/","url":"https:\/\/aasageko.eu\/wp-content\/uploads\/2020\/03\/Aasageko_logo.png","contentUrl":"https:\/\/aasageko.eu\/wp-content\/uploads\/2020\/03\/Aasageko_logo.png","width":282,"height":182,"caption":"Aasageko"},"image":{"@id":"https:\/\/aasageko.eu\/#\/schema\/logo\/image\/"},"sameAs":["https:\/\/www.facebook.com\/aasageko\/community\/","https:\/\/www.instagram.com\/aasageko\/","https:\/\/www.youtube.com\/channel\/UCBRdElCMa7oWzVFsjP2W5YQ"]}]}},"_links":{"self":[{"href":"https:\/\/aasageko.eu\/en\/wp-json\/wp\/v2\/product\/14583","targetHints":{"allow":["GET"]}}],"collection":[{"href":"https:\/\/aasageko.eu\/en\/wp-json\/wp\/v2\/product"}],"about":[{"href":"https:\/\/aasageko.eu\/en\/wp-json\/wp\/v2\/types\/product"}],"version-history":[{"count":6,"href":"https:\/\/aasageko.eu\/en\/wp-json\/wp\/v2\/product\/14583\/revisions"}],"predecessor-version":[{"id":14614,"href":"https:\/\/aasageko.eu\/en\/wp-json\/wp\/v2\/product\/14583\/revisions\/14614"}],"wp:featuredmedia":[{"embeddable":true,"href":"https:\/\/aasageko.eu\/en\/wp-json\/wp\/v2\/media\/14587"}],"wp:attachment":[{"href":"https:\/\/aasageko.eu\/en\/wp-json\/wp\/v2\/media?parent=14583"}],"wp:term":[{"taxonomy":"product_brand","embeddable":true,"href":"https:\/\/aasageko.eu\/en\/wp-json\/wp\/v2\/product_brand?post=14583"},{"taxonomy":"product_cat","embeddable":true,"href":"https:\/\/aasageko.eu\/en\/wp-json\/wp\/v2\/product_cat?post=14583"},{"taxonomy":"product_tag","embeddable":true,"href":"https:\/\/aasageko.eu\/en\/wp-json\/wp\/v2\/product_tag?post=14583"}],"curies":[{"name":"wp","href":"https:\/\/api.w.org\/{rel}","templated":true}]}}