{"id":11754,"date":"2020-02-14T08:36:18","date_gmt":"2020-02-14T08:36:18","guid":{"rendered":"https:\/\/aasageko.eu\/?post_type=product&#038;p=11754"},"modified":"2026-04-07T06:19:17","modified_gmt":"2026-04-07T06:19:17","slug":"kallistaja-kaheksajalg","status":"publish","type":"product","link":"https:\/\/aasageko.eu\/en\/toode\/kallistaja-kaheksajalg\/","title":{"rendered":"Kallistaja kaheksajalg"},"content":{"rendered":"","protected":false},"excerpt":{"rendered":"<p>Kallistajad on valmis sinuga tulema k\u00f5ikjale! Nad on armsad pehmed kaaslased, kes ei kao kunagi \u00e4ra, sest hoiavad ise sinust kinni ja jagavad sooje kallistusi \ud83d\ude0a<br \/>\nLoomakese k\u00e4ppade sees on kergest l\u00f6\u00f6gist rulli keerduv lint, mida on lihtne j\u00e4lle avada ja uuesti kinnitada. N\u00fc\u00fcd saad oma lemmik Kallistaja panna \u00fcmber oma k\u00e4e, jala, rattaraami pulga, seljakoti aasa v\u00f5i kuhu iganes soovid.<br \/>\nValmistatud kvaliteetsetest materjalidest, mis on loodud kestma l\u00f5pututel m\u00e4ngudel ja pikkadel jalutusk\u00e4ikudel v\u00f5i v\u00e4ljas\u00f5itudel.<br \/>\n<strong>Loomakese t\u00e4ide on tehtud taaskasutatud veepudelistest.<\/strong><br \/>\nKallistajaid on lihtne puhastada sooja vee ja seebiga. Peale kuivamist harja kohevaks.<br \/>\n<strong>Iga\u00fcks vajab aeg-ajalt kallistust!<\/strong><\/p>\n<p>[vc_row][vc_column width=&#8221;1\/2&#8243;]<div class=\"stats-block stats-top   wpb_custom_a517333ace5b1666c6af8bd4684f1de9\"><div class=\"stats-desc\"><div id=\"counter_168527223969d6a8dadc72e\" data-id=\"counter_168527223969d6a8dadc72e\" class=\"stats-number\" style=\" \" data-speed=\"1\" data-counter-value=\"0\" data-separator=\",\" data-decimal=\".\">0<\/div><div class=\"counter_suffix mycust\" style=\" \">+<\/div><div class=\"stats-text\" style=\"\">aastased<\/div><\/div><\/div>[\/vc_column][vc_column width=&#8221;1\/2&#8243;]<div class=\"stats-block stats-top   wpb_custom_a517333ace5b1666c6af8bd4684f1de9\"><div class=\"stats-desc\"><div id=\"counter_31305681769d6a8dadc822\" data-id=\"counter_31305681769d6a8dadc822\" class=\"stats-number\" style=\" \" data-speed=\"1\" data-counter-value=\"20\" data-separator=\",\" data-decimal=\".\">0<\/div><div class=\"counter_suffix mycust\" style=\" \">cm<\/div><div class=\"stats-text\" style=\"\">k\u00f5rgus<\/div><\/div><\/div>[\/vc_column][\/vc_row]<\/p>\n<div id=\"hidden-link\">https:\/\/www.youtube.com\/watch?v=UXK1dRrheek<\/div>\n","protected":false},"featured_media":11755,"template":"","meta":{"footnotes":""},"product_brand":[],"product_cat":[128],"product_tag":[],"class_list":{"0":"post-11754","1":"product","2":"type-product","3":"status-publish","4":"has-post-thumbnail","6":"product_cat-pehmed-manguasjad","8":"first","9":"outofstock","10":"taxable","11":"shipping-taxable","12":"purchasable","13":"product-type-simple"},"yoast_head":"<!-- This site is optimized with the Yoast SEO plugin v27.3 - https:\/\/yoast.com\/product\/yoast-seo-wordpress\/ -->\n<title>Kallistaja kaheksajalg - Buy Educational Toys Online Estonia | Wholesale<\/title>\n<meta name=\"description\" content=\"Arendavad m\u00e4ngud. Pehmed, t\u00f5etruud m\u00e4nguloomad, WildRepublic. M\u00e4ng on kohe laos olemas. Kiire ja soodne transport.\" \/>\n<meta name=\"robots\" content=\"index, follow, max-snippet:-1, max-image-preview:large, max-video-preview:-1\" \/>\n<link rel=\"canonical\" href=\"https:\/\/aasageko.eu\/toode\/kallistaja-kaheksajalg\/\" \/>\n<meta property=\"og:locale\" content=\"en_US\" \/>\n<meta property=\"og:type\" content=\"article\" \/>\n<meta property=\"og:title\" content=\"Kallistaja kaheksajalg - Buy Educational Toys Online Estonia | Wholesale\" \/>\n<meta property=\"og:description\" content=\"Arendavad m\u00e4ngud. Pehmed, t\u00f5etruud m\u00e4nguloomad, WildRepublic. M\u00e4ng on kohe laos olemas. Kiire ja soodne transport.\" \/>\n<meta property=\"og:url\" content=\"https:\/\/aasageko.eu\/toode\/kallistaja-kaheksajalg\/\" \/>\n<meta property=\"og:site_name\" content=\"Buy Educational Toys Online Estonia | Wholesale\" \/>\n<meta property=\"article:publisher\" content=\"https:\/\/www.facebook.com\/aasageko\/community\/\" \/>\n<meta property=\"article:modified_time\" content=\"2026-04-07T06:19:17+00:00\" \/>\n<meta property=\"og:image\" content=\"https:\/\/aasageko.eu\/wp-content\/uploads\/2020\/10\/21422-Huggers-Octopus.jpg\" \/>\n\t<meta property=\"og:image:width\" content=\"1500\" \/>\n\t<meta property=\"og:image:height\" content=\"876\" \/>\n\t<meta property=\"og:image:type\" content=\"image\/jpeg\" \/>\n<meta name=\"twitter:card\" content=\"summary_large_image\" \/>\n<script type=\"application\/ld+json\" class=\"yoast-schema-graph\">{\"@context\":\"https:\\\/\\\/schema.org\",\"@graph\":[{\"@type\":\"WebPage\",\"@id\":\"https:\\\/\\\/aasageko.eu\\\/toode\\\/kallistaja-kaheksajalg\\\/\",\"url\":\"https:\\\/\\\/aasageko.eu\\\/toode\\\/kallistaja-kaheksajalg\\\/\",\"name\":\"Kallistaja kaheksajalg - Buy Educational Toys Online Estonia | Wholesale\",\"isPartOf\":{\"@id\":\"https:\\\/\\\/aasageko.eu\\\/#website\"},\"primaryImageOfPage\":{\"@id\":\"https:\\\/\\\/aasageko.eu\\\/toode\\\/kallistaja-kaheksajalg\\\/#primaryimage\"},\"image\":{\"@id\":\"https:\\\/\\\/aasageko.eu\\\/toode\\\/kallistaja-kaheksajalg\\\/#primaryimage\"},\"thumbnailUrl\":\"https:\\\/\\\/aasageko.eu\\\/wp-content\\\/uploads\\\/2020\\\/10\\\/21422-Huggers-Octopus.jpg\",\"datePublished\":\"2020-02-14T08:36:18+00:00\",\"dateModified\":\"2026-04-07T06:19:17+00:00\",\"description\":\"Arendavad m\u00e4ngud. Pehmed, t\u00f5etruud m\u00e4nguloomad, WildRepublic. M\u00e4ng on kohe laos olemas. Kiire ja soodne transport.\",\"breadcrumb\":{\"@id\":\"https:\\\/\\\/aasageko.eu\\\/toode\\\/kallistaja-kaheksajalg\\\/#breadcrumb\"},\"inLanguage\":\"en-US\",\"potentialAction\":[{\"@type\":\"ReadAction\",\"target\":[\"https:\\\/\\\/aasageko.eu\\\/toode\\\/kallistaja-kaheksajalg\\\/\"]}]},{\"@type\":\"ImageObject\",\"inLanguage\":\"en-US\",\"@id\":\"https:\\\/\\\/aasageko.eu\\\/toode\\\/kallistaja-kaheksajalg\\\/#primaryimage\",\"url\":\"https:\\\/\\\/aasageko.eu\\\/wp-content\\\/uploads\\\/2020\\\/10\\\/21422-Huggers-Octopus.jpg\",\"contentUrl\":\"https:\\\/\\\/aasageko.eu\\\/wp-content\\\/uploads\\\/2020\\\/10\\\/21422-Huggers-Octopus.jpg\",\"width\":1500,\"height\":876,\"caption\":\"kaheksajalg\"},{\"@type\":\"BreadcrumbList\",\"@id\":\"https:\\\/\\\/aasageko.eu\\\/toode\\\/kallistaja-kaheksajalg\\\/#breadcrumb\",\"itemListElement\":[{\"@type\":\"ListItem\",\"position\":1,\"name\":\"Home\",\"item\":\"https:\\\/\\\/aasageko.eu\\\/en\\\/\"},{\"@type\":\"ListItem\",\"position\":2,\"name\":\"Pood\",\"item\":\"https:\\\/\\\/aasageko.eu\\\/pood\\\/\"},{\"@type\":\"ListItem\",\"position\":3,\"name\":\"Kallistaja kaheksajalg\"}]},{\"@type\":\"WebSite\",\"@id\":\"https:\\\/\\\/aasageko.eu\\\/#website\",\"url\":\"https:\\\/\\\/aasageko.eu\\\/\",\"name\":\"Buy Educational Toys Online Estonia | Wholesale\",\"description\":\"We have the widest range of educational toys online. Best brands at great prices. Fast Shipping. SmartGames, GeoSmart, Waboba, SmartMax, WildRepublic\",\"publisher\":{\"@id\":\"https:\\\/\\\/aasageko.eu\\\/#organization\"},\"potentialAction\":[{\"@type\":\"SearchAction\",\"target\":{\"@type\":\"EntryPoint\",\"urlTemplate\":\"https:\\\/\\\/aasageko.eu\\\/?s={search_term_string}\"},\"query-input\":{\"@type\":\"PropertyValueSpecification\",\"valueRequired\":true,\"valueName\":\"search_term_string\"}}],\"inLanguage\":\"en-US\"},{\"@type\":\"Organization\",\"@id\":\"https:\\\/\\\/aasageko.eu\\\/#organization\",\"name\":\"Aasageko\",\"url\":\"https:\\\/\\\/aasageko.eu\\\/\",\"logo\":{\"@type\":\"ImageObject\",\"inLanguage\":\"en-US\",\"@id\":\"https:\\\/\\\/aasageko.eu\\\/#\\\/schema\\\/logo\\\/image\\\/\",\"url\":\"https:\\\/\\\/aasageko.eu\\\/wp-content\\\/uploads\\\/2020\\\/03\\\/Aasageko_logo.png\",\"contentUrl\":\"https:\\\/\\\/aasageko.eu\\\/wp-content\\\/uploads\\\/2020\\\/03\\\/Aasageko_logo.png\",\"width\":282,\"height\":182,\"caption\":\"Aasageko\"},\"image\":{\"@id\":\"https:\\\/\\\/aasageko.eu\\\/#\\\/schema\\\/logo\\\/image\\\/\"},\"sameAs\":[\"https:\\\/\\\/www.facebook.com\\\/aasageko\\\/community\\\/\",\"https:\\\/\\\/www.instagram.com\\\/aasageko\\\/\",\"https:\\\/\\\/www.youtube.com\\\/channel\\\/UCBRdElCMa7oWzVFsjP2W5YQ\"]}]}<\/script>\n<!-- \/ Yoast SEO plugin. -->","yoast_head_json":{"title":"Kallistaja kaheksajalg - Buy Educational Toys Online Estonia | Wholesale","description":"Arendavad m\u00e4ngud. Pehmed, t\u00f5etruud m\u00e4nguloomad, WildRepublic. M\u00e4ng on kohe laos olemas. Kiire ja soodne transport.","robots":{"index":"index","follow":"follow","max-snippet":"max-snippet:-1","max-image-preview":"max-image-preview:large","max-video-preview":"max-video-preview:-1"},"canonical":"https:\/\/aasageko.eu\/toode\/kallistaja-kaheksajalg\/","og_locale":"en_US","og_type":"article","og_title":"Kallistaja kaheksajalg - Buy Educational Toys Online Estonia | Wholesale","og_description":"Arendavad m\u00e4ngud. Pehmed, t\u00f5etruud m\u00e4nguloomad, WildRepublic. M\u00e4ng on kohe laos olemas. Kiire ja soodne transport.","og_url":"https:\/\/aasageko.eu\/toode\/kallistaja-kaheksajalg\/","og_site_name":"Buy Educational Toys Online Estonia | Wholesale","article_publisher":"https:\/\/www.facebook.com\/aasageko\/community\/","article_modified_time":"2026-04-07T06:19:17+00:00","og_image":[{"width":1500,"height":876,"url":"https:\/\/aasageko.eu\/wp-content\/uploads\/2020\/10\/21422-Huggers-Octopus.jpg","type":"image\/jpeg"}],"twitter_card":"summary_large_image","schema":{"@context":"https:\/\/schema.org","@graph":[{"@type":"WebPage","@id":"https:\/\/aasageko.eu\/toode\/kallistaja-kaheksajalg\/","url":"https:\/\/aasageko.eu\/toode\/kallistaja-kaheksajalg\/","name":"Kallistaja kaheksajalg - Buy Educational Toys Online Estonia | Wholesale","isPartOf":{"@id":"https:\/\/aasageko.eu\/#website"},"primaryImageOfPage":{"@id":"https:\/\/aasageko.eu\/toode\/kallistaja-kaheksajalg\/#primaryimage"},"image":{"@id":"https:\/\/aasageko.eu\/toode\/kallistaja-kaheksajalg\/#primaryimage"},"thumbnailUrl":"https:\/\/aasageko.eu\/wp-content\/uploads\/2020\/10\/21422-Huggers-Octopus.jpg","datePublished":"2020-02-14T08:36:18+00:00","dateModified":"2026-04-07T06:19:17+00:00","description":"Arendavad m\u00e4ngud. Pehmed, t\u00f5etruud m\u00e4nguloomad, WildRepublic. M\u00e4ng on kohe laos olemas. Kiire ja soodne transport.","breadcrumb":{"@id":"https:\/\/aasageko.eu\/toode\/kallistaja-kaheksajalg\/#breadcrumb"},"inLanguage":"en-US","potentialAction":[{"@type":"ReadAction","target":["https:\/\/aasageko.eu\/toode\/kallistaja-kaheksajalg\/"]}]},{"@type":"ImageObject","inLanguage":"en-US","@id":"https:\/\/aasageko.eu\/toode\/kallistaja-kaheksajalg\/#primaryimage","url":"https:\/\/aasageko.eu\/wp-content\/uploads\/2020\/10\/21422-Huggers-Octopus.jpg","contentUrl":"https:\/\/aasageko.eu\/wp-content\/uploads\/2020\/10\/21422-Huggers-Octopus.jpg","width":1500,"height":876,"caption":"kaheksajalg"},{"@type":"BreadcrumbList","@id":"https:\/\/aasageko.eu\/toode\/kallistaja-kaheksajalg\/#breadcrumb","itemListElement":[{"@type":"ListItem","position":1,"name":"Home","item":"https:\/\/aasageko.eu\/en\/"},{"@type":"ListItem","position":2,"name":"Pood","item":"https:\/\/aasageko.eu\/pood\/"},{"@type":"ListItem","position":3,"name":"Kallistaja kaheksajalg"}]},{"@type":"WebSite","@id":"https:\/\/aasageko.eu\/#website","url":"https:\/\/aasageko.eu\/","name":"Buy Educational Toys Online Estonia | Wholesale","description":"We have the widest range of educational toys online. Best brands at great prices. Fast Shipping. SmartGames, GeoSmart, Waboba, SmartMax, WildRepublic","publisher":{"@id":"https:\/\/aasageko.eu\/#organization"},"potentialAction":[{"@type":"SearchAction","target":{"@type":"EntryPoint","urlTemplate":"https:\/\/aasageko.eu\/?s={search_term_string}"},"query-input":{"@type":"PropertyValueSpecification","valueRequired":true,"valueName":"search_term_string"}}],"inLanguage":"en-US"},{"@type":"Organization","@id":"https:\/\/aasageko.eu\/#organization","name":"Aasageko","url":"https:\/\/aasageko.eu\/","logo":{"@type":"ImageObject","inLanguage":"en-US","@id":"https:\/\/aasageko.eu\/#\/schema\/logo\/image\/","url":"https:\/\/aasageko.eu\/wp-content\/uploads\/2020\/03\/Aasageko_logo.png","contentUrl":"https:\/\/aasageko.eu\/wp-content\/uploads\/2020\/03\/Aasageko_logo.png","width":282,"height":182,"caption":"Aasageko"},"image":{"@id":"https:\/\/aasageko.eu\/#\/schema\/logo\/image\/"},"sameAs":["https:\/\/www.facebook.com\/aasageko\/community\/","https:\/\/www.instagram.com\/aasageko\/","https:\/\/www.youtube.com\/channel\/UCBRdElCMa7oWzVFsjP2W5YQ"]}]}},"_links":{"self":[{"href":"https:\/\/aasageko.eu\/en\/wp-json\/wp\/v2\/product\/11754","targetHints":{"allow":["GET"]}}],"collection":[{"href":"https:\/\/aasageko.eu\/en\/wp-json\/wp\/v2\/product"}],"about":[{"href":"https:\/\/aasageko.eu\/en\/wp-json\/wp\/v2\/types\/product"}],"version-history":[{"count":1,"href":"https:\/\/aasageko.eu\/en\/wp-json\/wp\/v2\/product\/11754\/revisions"}],"predecessor-version":[{"id":11758,"href":"https:\/\/aasageko.eu\/en\/wp-json\/wp\/v2\/product\/11754\/revisions\/11758"}],"wp:featuredmedia":[{"embeddable":true,"href":"https:\/\/aasageko.eu\/en\/wp-json\/wp\/v2\/media\/11755"}],"wp:attachment":[{"href":"https:\/\/aasageko.eu\/en\/wp-json\/wp\/v2\/media?parent=11754"}],"wp:term":[{"taxonomy":"product_brand","embeddable":true,"href":"https:\/\/aasageko.eu\/en\/wp-json\/wp\/v2\/product_brand?post=11754"},{"taxonomy":"product_cat","embeddable":true,"href":"https:\/\/aasageko.eu\/en\/wp-json\/wp\/v2\/product_cat?post=11754"},{"taxonomy":"product_tag","embeddable":true,"href":"https:\/\/aasageko.eu\/en\/wp-json\/wp\/v2\/product_tag?post=11754"}],"curies":[{"name":"wp","href":"https:\/\/api.w.org\/{rel}","templated":true}]}}