{"id":7892,"date":"2020-04-12T10:27:28","date_gmt":"2020-04-12T10:27:28","guid":{"rendered":"https:\/\/aasageko.eu\/tingimused\/"},"modified":"2020-04-27T07:41:20","modified_gmt":"2020-04-27T07:41:20","slug":"tingimused","status":"publish","type":"page","link":"https:\/\/aasageko.eu\/en\/tingimused\/","title":{"rendered":"Terms"},"content":{"rendered":"<p><strong>E-POE KASUTUSREEGLID JA -TINGIMUSED<\/strong><\/p>\n<p><strong>Aasageko O\u00dc<\/strong> veebipoe kasutamisega n\u00f5ustud ka e-poe kasutusreeglite ja -tingimustega ning annad n\u00f5usoleku k\u00e4ituda kasutusreeglite ja -tingimuste kohaselt. K\u00e4esolevad kasutusreeglid ja -tingimused on <strong>Sinu<\/strong> ja <strong>Aasageko O\u00dc<\/strong> vahelise m\u00fc\u00fcgilepingu tingimused.<\/p>\n<p>Soovin Sulle meeldivat k\u00fclastust!<br \/>\nIvo Nano<br \/>\njuhatuse liige<\/p>\n<p><strong>VEEBILEHE HALDAJA JA M\u00dc\u00dcJA<\/strong><br \/>\nVeebipoodi www.aasageko.eu haldab ja m\u00fc\u00fcgiga tegeleb Aasageko O\u00dc (registrikood 11640814). Veebilehe v\u00f5i toodetega seotud k\u00fcsimustes palun p\u00f6\u00f6rduge Aasageko O\u00dc poole, saates e-kiri info@aasageko.eu<\/p>\n<p><strong>VEEBIPOEST OSTMINE<\/strong><br \/>\n1. Vali v\u00e4lja sobiv toode ja vajuta selle juures olevale kollasele nupule \u201cLisa ostukorvi\u201d ning kaup r\u00e4ndab Sinu virtuaalsesse ostukorvi.<br \/>\n2. Kui soovid osta enam kui \u00fche toote, tee t\u00e4pslt nii mitu klikki kollasel nupul \u201cLisa ostukorvi\u201d, kui mitu toodet soovid. \u00dcleval veebilehe vasakus servas on n\u00e4ha Sinu ostukorv ja selles olevate toodete arv.<br \/>\n3. Ostmise vahepel v\u00f5id rahulikult kodulehel ringi vaadata ja pakutavate toodetega tutvuda ning kui oled k\u00f5ik vajaliku oma ostukorvi lisanud, siis vajuta \u00fcleval vasakus servas olevale ostukorvi nupukesele.<br \/>\n4. N\u00fc\u00fcd n\u00e4ed oma ostukorvi sisu. Siin saad soovi korral kauba kogust muuta ja vajadusel tooteid korvist eemaldada.<br \/>\n5. J\u00e4rgmisena vali kohaletoimetamise viis: Omniva pakiautomaat, SmartPOST pakiautomaat v\u00f5i kaup sinu valitud aadressile ja programm arvutab automaatselt kokku Sinu ostukorvi ja kohaletoimetamise eest tasutava summa.<br \/>\n6. Kauba kohale toimetamiseks on oluline \u00e4ra t\u00e4ita kliendi andmed. Kulleriga kauba tellimisel on vajalik nimi, aadress, postiindeks, telefon ja e-post. Pakiautomaati tellimisel on olulised andmed nimi, pakiautomaat (vali sobiv loendist), telefon ja e-post.<br \/>\n7. Makseviisidest on Swedbank-i ja SEB klientidel v\u00f5imalik maksta otse pangalingi kaudu (peale makse sooritamist palun \u00e4ra unusta vajutamast nupule &#8220;TAGASI KAUPMEHE JUURDE&#8221;). Teiste pankade klientidele pakume v\u00e4lja v\u00f5imaluse tasuda \u00fclekandega. Oma valiku kinnitamiseks klikka vastavale kastikesele: \u201cSwedbank alustan maksmist\u201d v\u00f5i \u201cTasun panga\u00fclekandega\u201d.<br \/>\n7.1 Valides \u201cTasun panga\u00fclekandega\u201d saadame kaubaarve sulle e-postile ja sa saad arve eest tasuda just sulle sobivas pangas.<br \/>\n8. Kui arve on tasutud, siis toimetame kauba kohale vastavalt valitud kohaletoimetamisviisile 2-4 t\u00f6\u00f6p\u00e4eva jooksul.<\/p>\n<p><strong>KAUBA TAGASTAMINE<\/strong><br \/>\nTarbijal on Aasageko veebipoest ostetud kaubale alates toote k\u00e4ttesaamisest 14 p\u00e4evane lepingust taganemise \u00f5igus (edaspidi 14 p\u00e4evane tagastus\u00f5igus) vastavalt allpool toodud lepingutingimustele. Tarbija on f\u00fc\u00fcsiline isik, kes on ostnud Aasageko veebipoest kaupa, mis ei seondu tema majandus- v\u00f5i kutsetegevusega.<br \/>\nTagastamis\u00f5igust v\u00f5ib tarbija kasutada p\u00f5hjust avaldamata.<br \/>\nOstes Aasageko veebipoest n\u00f5ustub tarbija tagastus\u00f5iguse kasutamiseks j\u00e4rgmiste tingimustega:<\/p>\n<p><strong>Tagastatav kaup peab olema kasutamata ja originaalpakendis<\/strong><br \/>\nKasutamise v\u00e4ljaselgitamisel j\u00e4rgib Aasageko m\u00f5istlikkuse p\u00f5him\u00f5tet, s.t. kui kauba sobivuse selgitamiseks on vajalik asja kasutamine, siis loetakse seda kasutamata asjaks.<br \/>\nTarbija peab toote originaalpakendi avama ettevaatlikult ja seda kahjustamata. Kui pakend ei ole avatav, siis ei pea tagastatav kaup olema originaalpakendis<br \/>\nTagastamis\u00f5iguse kasutamiseks toimetama ostetud kauba Aasageko valdusesse v\u00f5i esitama taganemisavalduse e-posti aadressil info@aasageko.eu 14 p\u00e4eva jooksul kauba k\u00e4ttesaamisest.<br \/>\nN\u00f5ustuma kandma tagastamiskulud kuni 3\u20ac, v\u00e4lja arvatud juhul kui tagastamisele kuuluv asi ei vasta tellimusele.<br \/>\nLepingust taganemisel tuleb ostetud toode viivitamatult (kuid mitte hiljem kui 30 p\u00e4eva jooksul) tagastada.<br \/>\nRaha tagastatud kauba eest kantakse samale arvelduskontole, millelt tasuti kauba eest, 3 t\u00f6\u00f6p\u00e4eva jooksul alates kauba j\u00f5udmisest Aasagekosse.<br \/>\nTagastada ei ole v\u00f5imalik kiviplokist v\u00e4lja kaevatud dinosauruseid, pakendist v\u00e4lja v\u00f5etud Plastiliiva<br \/>\nTarbija tagastus\u00f5igus on s\u00e4testatud V\u00f5la\u00f5igusseaduses.<\/p>\n<p><strong>PRIVAATSUS<\/strong><br \/>\nOstja poolt esitatud andmed on konfidentsiaalsed ja neid ei edastata kolmandatele osapooltele. Erandiks on kauba kohaletoimetamine, kus on vajalik edastada saaja nimi, telefoninumber ja kohaletoimetamise aadress kullerile. <\/p>\n<p><strong>GARANTII<\/strong><br \/>\nM\u00fc\u00fcgigarantiiks on Aasageko lubadus m\u00fc\u00fcdud defektiga toode tasuta parandada v\u00f5i v\u00e4lja vahetada. M\u00fc\u00fcgigarantii t\u00e4htaeg algab kauba vedaja poolt Sinu poolt m\u00e4\u00e4ratud saaja otsesesse valdusesse andmisest. M\u00fc\u00fcgigarantii annab garantiit\u00e4htajal \u00f5iguse n\u00f5uda defektiga toote tasuta parandamist v\u00f5i parandamise v\u00f5imatuse v\u00f5i eba\u00f5nnestumise korral selle asendamist. Aasageko parandab v\u00f5i asendab \u00fcksnes puudusega asja, mille puudus ei ole tekkinud valest kasutamisest ja on tingitud kauba tootjast v\u00f5i valmistajast. Garantiist tulenevate \u00f5iguste kasutamiseks tuleb saata e-kiri info@aasageko.eu. M\u00fc\u00fcgigarantii t\u00e4htaeg on 6 kuud ja see kehtib k\u00f5igile veebipoest ostetud kaupadele.<br \/>\nLisaks garantiist tulenevatele \u00f5igustele on tarbijal ka muud seadusest tulenevad \u00f5igused.<\/p>\n","protected":false},"excerpt":{"rendered":"<p>E-POE KASUTUSREEGLID JA -TINGIMUSED Aasageko O\u00dc veebipoe kasutamisega n\u00f5ustud ka e-poe kasutusreeglite ja -tingimustega ning annad n\u00f5usoleku k\u00e4ituda kasutusreeglite ja -tingimuste kohaselt. K\u00e4esolevad kasutusreeglid ja -tingimused on Sinu ja Aasageko O\u00dc vahelise m\u00fc\u00fcgilepingu tingimused. Soovin Sulle meeldivat k\u00fclastust! Ivo Nano juhatuse liige VEEBILEHE HALDAJA JA M\u00dc\u00dcJA Veebipoodi www.aasageko.eu haldab ja m\u00fc\u00fcgiga tegeleb Aasageko O\u00dc (registrikood [&hellip;]<\/p>\n","protected":false},"author":127,"featured_media":0,"parent":0,"menu_order":0,"comment_status":"closed","ping_status":"closed","template":"","meta":{"footnotes":""},"class_list":["post-7892","page","type-page","status-publish","hentry"],"yoast_head":"<!-- This site is optimized with the Yoast SEO plugin v27.3 - https:\/\/yoast.com\/product\/yoast-seo-wordpress\/ -->\n<title>Terms - Buy Educational Toys Online Estonia | Wholesale<\/title>\n<meta name=\"robots\" content=\"index, follow, max-snippet:-1, max-image-preview:large, max-video-preview:-1\" \/>\n<link rel=\"canonical\" href=\"https:\/\/aasageko.eu\/en\/tingimused\/\" \/>\n<meta property=\"og:locale\" content=\"en_US\" \/>\n<meta property=\"og:type\" content=\"article\" \/>\n<meta property=\"og:title\" content=\"Terms - Buy Educational Toys Online Estonia | Wholesale\" \/>\n<meta property=\"og:description\" content=\"E-POE KASUTUSREEGLID JA -TINGIMUSED Aasageko O\u00dc veebipoe kasutamisega n\u00f5ustud ka e-poe kasutusreeglite ja -tingimustega ning annad n\u00f5usoleku k\u00e4ituda kasutusreeglite ja -tingimuste kohaselt. K\u00e4esolevad kasutusreeglid ja -tingimused on Sinu ja Aasageko O\u00dc vahelise m\u00fc\u00fcgilepingu tingimused. Soovin Sulle meeldivat k\u00fclastust! Ivo Nano juhatuse liige VEEBILEHE HALDAJA JA M\u00dc\u00dcJA Veebipoodi www.aasageko.eu haldab ja m\u00fc\u00fcgiga tegeleb Aasageko O\u00dc (registrikood [&hellip;]\" \/>\n<meta property=\"og:url\" content=\"https:\/\/aasageko.eu\/en\/tingimused\/\" \/>\n<meta property=\"og:site_name\" content=\"Buy Educational Toys Online Estonia | Wholesale\" \/>\n<meta property=\"article:publisher\" content=\"https:\/\/www.facebook.com\/aasageko\/community\/\" \/>\n<meta property=\"article:modified_time\" content=\"2020-04-27T07:41:20+00:00\" \/>\n<meta property=\"og:image\" content=\"https:\/\/aasageko.eu\/wp-content\/uploads\/2020\/05\/Aasageko-min.jpg\" \/>\n\t<meta property=\"og:image:width\" content=\"700\" \/>\n\t<meta property=\"og:image:height\" content=\"467\" \/>\n\t<meta property=\"og:image:type\" content=\"image\/jpeg\" \/>\n<meta name=\"twitter:card\" content=\"summary_large_image\" \/>\n<meta name=\"twitter:label1\" content=\"Est. reading time\" \/>\n\t<meta name=\"twitter:data1\" content=\"3 minutes\" \/>\n<script type=\"application\/ld+json\" class=\"yoast-schema-graph\">{\"@context\":\"https:\\\/\\\/schema.org\",\"@graph\":[{\"@type\":\"WebPage\",\"@id\":\"https:\\\/\\\/aasageko.eu\\\/en\\\/tingimused\\\/\",\"url\":\"https:\\\/\\\/aasageko.eu\\\/en\\\/tingimused\\\/\",\"name\":\"Terms - Buy Educational Toys Online Estonia | Wholesale\",\"isPartOf\":{\"@id\":\"https:\\\/\\\/aasageko.eu\\\/#website\"},\"datePublished\":\"2020-04-12T10:27:28+00:00\",\"dateModified\":\"2020-04-27T07:41:20+00:00\",\"breadcrumb\":{\"@id\":\"https:\\\/\\\/aasageko.eu\\\/en\\\/tingimused\\\/#breadcrumb\"},\"inLanguage\":\"en-US\",\"potentialAction\":[{\"@type\":\"ReadAction\",\"target\":[\"https:\\\/\\\/aasageko.eu\\\/en\\\/tingimused\\\/\"]}]},{\"@type\":\"BreadcrumbList\",\"@id\":\"https:\\\/\\\/aasageko.eu\\\/en\\\/tingimused\\\/#breadcrumb\",\"itemListElement\":[{\"@type\":\"ListItem\",\"position\":1,\"name\":\"Home\",\"item\":\"https:\\\/\\\/aasageko.eu\\\/en\\\/\"},{\"@type\":\"ListItem\",\"position\":2,\"name\":\"Terms\"}]},{\"@type\":\"WebSite\",\"@id\":\"https:\\\/\\\/aasageko.eu\\\/#website\",\"url\":\"https:\\\/\\\/aasageko.eu\\\/\",\"name\":\"Buy Educational Toys Online Estonia | Wholesale\",\"description\":\"We have the widest range of educational toys online. Best brands at great prices. Fast Shipping. SmartGames, GeoSmart, Waboba, SmartMax, WildRepublic\",\"publisher\":{\"@id\":\"https:\\\/\\\/aasageko.eu\\\/#organization\"},\"potentialAction\":[{\"@type\":\"SearchAction\",\"target\":{\"@type\":\"EntryPoint\",\"urlTemplate\":\"https:\\\/\\\/aasageko.eu\\\/?s={search_term_string}\"},\"query-input\":{\"@type\":\"PropertyValueSpecification\",\"valueRequired\":true,\"valueName\":\"search_term_string\"}}],\"inLanguage\":\"en-US\"},{\"@type\":\"Organization\",\"@id\":\"https:\\\/\\\/aasageko.eu\\\/#organization\",\"name\":\"Aasageko\",\"url\":\"https:\\\/\\\/aasageko.eu\\\/\",\"logo\":{\"@type\":\"ImageObject\",\"inLanguage\":\"en-US\",\"@id\":\"https:\\\/\\\/aasageko.eu\\\/#\\\/schema\\\/logo\\\/image\\\/\",\"url\":\"https:\\\/\\\/aasageko.eu\\\/wp-content\\\/uploads\\\/2020\\\/03\\\/Aasageko_logo.png\",\"contentUrl\":\"https:\\\/\\\/aasageko.eu\\\/wp-content\\\/uploads\\\/2020\\\/03\\\/Aasageko_logo.png\",\"width\":282,\"height\":182,\"caption\":\"Aasageko\"},\"image\":{\"@id\":\"https:\\\/\\\/aasageko.eu\\\/#\\\/schema\\\/logo\\\/image\\\/\"},\"sameAs\":[\"https:\\\/\\\/www.facebook.com\\\/aasageko\\\/community\\\/\",\"https:\\\/\\\/www.instagram.com\\\/aasageko\\\/\",\"https:\\\/\\\/www.youtube.com\\\/channel\\\/UCBRdElCMa7oWzVFsjP2W5YQ\"]}]}<\/script>\n<!-- \/ Yoast SEO plugin. -->","yoast_head_json":{"title":"Terms - Buy Educational Toys Online Estonia | Wholesale","robots":{"index":"index","follow":"follow","max-snippet":"max-snippet:-1","max-image-preview":"max-image-preview:large","max-video-preview":"max-video-preview:-1"},"canonical":"https:\/\/aasageko.eu\/en\/tingimused\/","og_locale":"en_US","og_type":"article","og_title":"Terms - Buy Educational Toys Online Estonia | Wholesale","og_description":"E-POE KASUTUSREEGLID JA -TINGIMUSED Aasageko O\u00dc veebipoe kasutamisega n\u00f5ustud ka e-poe kasutusreeglite ja -tingimustega ning annad n\u00f5usoleku k\u00e4ituda kasutusreeglite ja -tingimuste kohaselt. K\u00e4esolevad kasutusreeglid ja -tingimused on Sinu ja Aasageko O\u00dc vahelise m\u00fc\u00fcgilepingu tingimused. Soovin Sulle meeldivat k\u00fclastust! Ivo Nano juhatuse liige VEEBILEHE HALDAJA JA M\u00dc\u00dcJA Veebipoodi www.aasageko.eu haldab ja m\u00fc\u00fcgiga tegeleb Aasageko O\u00dc (registrikood [&hellip;]","og_url":"https:\/\/aasageko.eu\/en\/tingimused\/","og_site_name":"Buy Educational Toys Online Estonia | Wholesale","article_publisher":"https:\/\/www.facebook.com\/aasageko\/community\/","article_modified_time":"2020-04-27T07:41:20+00:00","og_image":[{"width":700,"height":467,"url":"https:\/\/aasageko.eu\/wp-content\/uploads\/2020\/05\/Aasageko-min.jpg","type":"image\/jpeg"}],"twitter_card":"summary_large_image","twitter_misc":{"Est. reading time":"3 minutes"},"schema":{"@context":"https:\/\/schema.org","@graph":[{"@type":"WebPage","@id":"https:\/\/aasageko.eu\/en\/tingimused\/","url":"https:\/\/aasageko.eu\/en\/tingimused\/","name":"Terms - Buy Educational Toys Online Estonia | Wholesale","isPartOf":{"@id":"https:\/\/aasageko.eu\/#website"},"datePublished":"2020-04-12T10:27:28+00:00","dateModified":"2020-04-27T07:41:20+00:00","breadcrumb":{"@id":"https:\/\/aasageko.eu\/en\/tingimused\/#breadcrumb"},"inLanguage":"en-US","potentialAction":[{"@type":"ReadAction","target":["https:\/\/aasageko.eu\/en\/tingimused\/"]}]},{"@type":"BreadcrumbList","@id":"https:\/\/aasageko.eu\/en\/tingimused\/#breadcrumb","itemListElement":[{"@type":"ListItem","position":1,"name":"Home","item":"https:\/\/aasageko.eu\/en\/"},{"@type":"ListItem","position":2,"name":"Terms"}]},{"@type":"WebSite","@id":"https:\/\/aasageko.eu\/#website","url":"https:\/\/aasageko.eu\/","name":"Buy Educational Toys Online Estonia | Wholesale","description":"We have the widest range of educational toys online. Best brands at great prices. Fast Shipping. SmartGames, GeoSmart, Waboba, SmartMax, WildRepublic","publisher":{"@id":"https:\/\/aasageko.eu\/#organization"},"potentialAction":[{"@type":"SearchAction","target":{"@type":"EntryPoint","urlTemplate":"https:\/\/aasageko.eu\/?s={search_term_string}"},"query-input":{"@type":"PropertyValueSpecification","valueRequired":true,"valueName":"search_term_string"}}],"inLanguage":"en-US"},{"@type":"Organization","@id":"https:\/\/aasageko.eu\/#organization","name":"Aasageko","url":"https:\/\/aasageko.eu\/","logo":{"@type":"ImageObject","inLanguage":"en-US","@id":"https:\/\/aasageko.eu\/#\/schema\/logo\/image\/","url":"https:\/\/aasageko.eu\/wp-content\/uploads\/2020\/03\/Aasageko_logo.png","contentUrl":"https:\/\/aasageko.eu\/wp-content\/uploads\/2020\/03\/Aasageko_logo.png","width":282,"height":182,"caption":"Aasageko"},"image":{"@id":"https:\/\/aasageko.eu\/#\/schema\/logo\/image\/"},"sameAs":["https:\/\/www.facebook.com\/aasageko\/community\/","https:\/\/www.instagram.com\/aasageko\/","https:\/\/www.youtube.com\/channel\/UCBRdElCMa7oWzVFsjP2W5YQ"]}]}},"_links":{"self":[{"href":"https:\/\/aasageko.eu\/en\/wp-json\/wp\/v2\/pages\/7892","targetHints":{"allow":["GET"]}}],"collection":[{"href":"https:\/\/aasageko.eu\/en\/wp-json\/wp\/v2\/pages"}],"about":[{"href":"https:\/\/aasageko.eu\/en\/wp-json\/wp\/v2\/types\/page"}],"author":[{"embeddable":true,"href":"https:\/\/aasageko.eu\/en\/wp-json\/wp\/v2\/users\/127"}],"replies":[{"embeddable":true,"href":"https:\/\/aasageko.eu\/en\/wp-json\/wp\/v2\/comments?post=7892"}],"version-history":[{"count":1,"href":"https:\/\/aasageko.eu\/en\/wp-json\/wp\/v2\/pages\/7892\/revisions"}],"predecessor-version":[{"id":7924,"href":"https:\/\/aasageko.eu\/en\/wp-json\/wp\/v2\/pages\/7892\/revisions\/7924"}],"wp:attachment":[{"href":"https:\/\/aasageko.eu\/en\/wp-json\/wp\/v2\/media?parent=7892"}],"curies":[{"name":"wp","href":"https:\/\/api.w.org\/{rel}","templated":true}]}}