{"id":7886,"date":"2020-04-22T17:22:00","date_gmt":"2020-04-22T17:22:00","guid":{"rendered":"https:\/\/aasageko.eu\/q-pusle\/"},"modified":"2020-04-27T07:36:37","modified_gmt":"2020-04-27T07:36:37","slug":"q-pusle","status":"publish","type":"page","link":"https:\/\/aasageko.eu\/en\/q-pusle\/","title":{"rendered":"Q Puzzle"},"content":{"rendered":"<div class=\"wpb-content-wrapper\"><p>[vc_row el_class=&#8221;hariv-body brand-body&#8221;][vc_column][vc_row_inner][vc_column_inner el_class=&#8221;first-block&#8221; width=&#8221;1\/2&#8243;][vc_column_text el_class=&#8221;first-tx-block&#8221;]<div class=\"porto-animation\"  data-appear-animation=\"fadeInUp\">\n<h2>Q-Pusle<\/h2>\n<h3>Q-Pusle kokkupanek ergutab kujutlusv\u00f5imet.<\/h3>\n<\/div>\nQ-Pusle p\u00f5hineb optilistel efektidel, mis on tingitud inimese taju erip\u00e4rast. Lihtsate kujundite, mustrite ja v\u00e4rvuste kordusel pildil on inimese silmale kas rahustav v\u00f5i \u00e4rritav m\u00f5ju ja selle t\u00f5ttu pilt tundub olevat kas t\u00f5eliselt ruumiline v\u00f5i v\u00e4relev.<br \/>\nQ-Pusle kokkupanek ergutab kujutlusv\u00f5imet, aitab l\u00f5dvestuda, keskenduda ja loob head emotsioonid.[\/vc_column_text][vc_column_text css_animation=&#8221;fadeInUp&#8221; el_class=&#8221;cta&#8221;]<\/p>\n<h2>Vaata k\u00f5iki Q-Pusle tooteid<\/h2>\n<p><a class=\"brand-button\" href=\"https:\/\/aasageko.eu\/en\/kaubamargid\/q-pusle-en\/\">Pood<\/a>[\/vc_column_text][\/vc_column_inner][vc_column_inner el_class=&#8221;toy-block2&#8243; width=&#8221;1\/2&#8243;][vc_gallery interval=&#8221;5&#8243; images=&#8221;5033,5030,5027,5024&#8243; img_size=&#8221;large&#8221; onclick=&#8221;&#8221;][\/vc_column_inner][\/vc_row_inner][\/vc_column][\/vc_row][vc_row][vc_column][vc_column_text el_class=&#8221;cta wholesale&#8221;]<strong>Hulgi ostjatele on meil koostatud hulgim\u00fc\u00fcgi hinnakiri. Kui oled huvitatud meie lastekaupadest, v\u00f5ta meiega \u00fchendust:<\/strong><br \/>\nIvo Nano<br \/>\nhulgim\u00fc\u00fck, tootejuht<br \/>\nTel: (+372) <a href=\"tel:56455528\">56455528<\/a><br \/>\nE-mail: <a href=\"mailto:ivo@aasageko.eu\">ivo@aasageko.eu<\/a>[\/vc_column_text][\/vc_column][\/vc_row]<\/p>\n<\/div>","protected":false},"excerpt":{"rendered":"<p>[vc_row el_class=&#8221;hariv-body brand-body&#8221;][vc_column][vc_row_inner][vc_column_inner el_class=&#8221;first-block&#8221; width=&#8221;1\/2&#8243;][vc_column_text el_class=&#8221;first-tx-block&#8221;] Q-Pusle p\u00f5hineb optilistel efektidel, mis on tingitud inimese taju erip\u00e4rast. Lihtsate kujundite, mustrite ja v\u00e4rvuste kordusel pildil on inimese silmale kas rahustav v\u00f5i \u00e4rritav m\u00f5ju ja selle t\u00f5ttu pilt tundub olevat kas t\u00f5eliselt ruumiline v\u00f5i v\u00e4relev. Q-Pusle kokkupanek ergutab kujutlusv\u00f5imet, aitab l\u00f5dvestuda, keskenduda ja loob head emotsioonid.[\/vc_column_text][vc_column_text css_animation=&#8221;fadeInUp&#8221; el_class=&#8221;cta&#8221;] [&hellip;]<\/p>\n","protected":false},"author":127,"featured_media":0,"parent":0,"menu_order":0,"comment_status":"closed","ping_status":"closed","template":"","meta":{"footnotes":""},"class_list":["post-7886","page","type-page","status-publish","hentry"],"yoast_head":"<!-- This site is optimized with the Yoast SEO plugin v27.3 - https:\/\/yoast.com\/product\/yoast-seo-wordpress\/ -->\n<title>Q Puzzle - Buy Educational Toys Online Estonia | Wholesale<\/title>\n<meta name=\"robots\" content=\"index, follow, max-snippet:-1, max-image-preview:large, max-video-preview:-1\" \/>\n<link rel=\"canonical\" href=\"https:\/\/aasageko.eu\/en\/q-pusle\/\" \/>\n<meta property=\"og:locale\" content=\"en_US\" \/>\n<meta property=\"og:type\" content=\"article\" \/>\n<meta property=\"og:title\" content=\"Q Puzzle - Buy Educational Toys Online Estonia | Wholesale\" \/>\n<meta property=\"og:description\" content=\"[vc_row el_class=&#8221;hariv-body brand-body&#8221;][vc_column][vc_row_inner][vc_column_inner el_class=&#8221;first-block&#8221; width=&#8221;1\/2&#8243;][vc_column_text el_class=&#8221;first-tx-block&#8221;] Q-Pusle p\u00f5hineb optilistel efektidel, mis on tingitud inimese taju erip\u00e4rast. Lihtsate kujundite, mustrite ja v\u00e4rvuste kordusel pildil on inimese silmale kas rahustav v\u00f5i \u00e4rritav m\u00f5ju ja selle t\u00f5ttu pilt tundub olevat kas t\u00f5eliselt ruumiline v\u00f5i v\u00e4relev. Q-Pusle kokkupanek ergutab kujutlusv\u00f5imet, aitab l\u00f5dvestuda, keskenduda ja loob head emotsioonid.[\/vc_column_text][vc_column_text css_animation=&#8221;fadeInUp&#8221; el_class=&#8221;cta&#8221;] [&hellip;]\" \/>\n<meta property=\"og:url\" content=\"https:\/\/aasageko.eu\/en\/q-pusle\/\" \/>\n<meta property=\"og:site_name\" content=\"Buy Educational Toys Online Estonia | Wholesale\" \/>\n<meta property=\"article:publisher\" content=\"https:\/\/www.facebook.com\/aasageko\/community\/\" \/>\n<meta property=\"article:modified_time\" content=\"2020-04-27T07:36:37+00:00\" \/>\n<meta property=\"og:image\" content=\"https:\/\/aasageko.eu\/wp-content\/uploads\/2020\/05\/Aasageko-min.jpg\" \/>\n\t<meta property=\"og:image:width\" content=\"700\" \/>\n\t<meta property=\"og:image:height\" content=\"467\" \/>\n\t<meta property=\"og:image:type\" content=\"image\/jpeg\" \/>\n<meta name=\"twitter:card\" content=\"summary_large_image\" \/>\n<meta name=\"twitter:label1\" content=\"Est. reading time\" \/>\n\t<meta name=\"twitter:data1\" content=\"1 minute\" \/>\n<script type=\"application\/ld+json\" class=\"yoast-schema-graph\">{\"@context\":\"https:\\\/\\\/schema.org\",\"@graph\":[{\"@type\":\"WebPage\",\"@id\":\"https:\\\/\\\/aasageko.eu\\\/en\\\/q-pusle\\\/\",\"url\":\"https:\\\/\\\/aasageko.eu\\\/en\\\/q-pusle\\\/\",\"name\":\"Q Puzzle - Buy Educational Toys Online Estonia | Wholesale\",\"isPartOf\":{\"@id\":\"https:\\\/\\\/aasageko.eu\\\/#website\"},\"datePublished\":\"2020-04-22T17:22:00+00:00\",\"dateModified\":\"2020-04-27T07:36:37+00:00\",\"breadcrumb\":{\"@id\":\"https:\\\/\\\/aasageko.eu\\\/en\\\/q-pusle\\\/#breadcrumb\"},\"inLanguage\":\"en-US\",\"potentialAction\":[{\"@type\":\"ReadAction\",\"target\":[\"https:\\\/\\\/aasageko.eu\\\/en\\\/q-pusle\\\/\"]}]},{\"@type\":\"BreadcrumbList\",\"@id\":\"https:\\\/\\\/aasageko.eu\\\/en\\\/q-pusle\\\/#breadcrumb\",\"itemListElement\":[{\"@type\":\"ListItem\",\"position\":1,\"name\":\"Home\",\"item\":\"https:\\\/\\\/aasageko.eu\\\/en\\\/\"},{\"@type\":\"ListItem\",\"position\":2,\"name\":\"Q Puzzle\"}]},{\"@type\":\"WebSite\",\"@id\":\"https:\\\/\\\/aasageko.eu\\\/#website\",\"url\":\"https:\\\/\\\/aasageko.eu\\\/\",\"name\":\"Buy Educational Toys Online Estonia | Wholesale\",\"description\":\"We have the widest range of educational toys online. Best brands at great prices. Fast Shipping. SmartGames, GeoSmart, Waboba, SmartMax, WildRepublic\",\"publisher\":{\"@id\":\"https:\\\/\\\/aasageko.eu\\\/#organization\"},\"potentialAction\":[{\"@type\":\"SearchAction\",\"target\":{\"@type\":\"EntryPoint\",\"urlTemplate\":\"https:\\\/\\\/aasageko.eu\\\/?s={search_term_string}\"},\"query-input\":{\"@type\":\"PropertyValueSpecification\",\"valueRequired\":true,\"valueName\":\"search_term_string\"}}],\"inLanguage\":\"en-US\"},{\"@type\":\"Organization\",\"@id\":\"https:\\\/\\\/aasageko.eu\\\/#organization\",\"name\":\"Aasageko\",\"url\":\"https:\\\/\\\/aasageko.eu\\\/\",\"logo\":{\"@type\":\"ImageObject\",\"inLanguage\":\"en-US\",\"@id\":\"https:\\\/\\\/aasageko.eu\\\/#\\\/schema\\\/logo\\\/image\\\/\",\"url\":\"https:\\\/\\\/aasageko.eu\\\/wp-content\\\/uploads\\\/2020\\\/03\\\/Aasageko_logo.png\",\"contentUrl\":\"https:\\\/\\\/aasageko.eu\\\/wp-content\\\/uploads\\\/2020\\\/03\\\/Aasageko_logo.png\",\"width\":282,\"height\":182,\"caption\":\"Aasageko\"},\"image\":{\"@id\":\"https:\\\/\\\/aasageko.eu\\\/#\\\/schema\\\/logo\\\/image\\\/\"},\"sameAs\":[\"https:\\\/\\\/www.facebook.com\\\/aasageko\\\/community\\\/\",\"https:\\\/\\\/www.instagram.com\\\/aasageko\\\/\",\"https:\\\/\\\/www.youtube.com\\\/channel\\\/UCBRdElCMa7oWzVFsjP2W5YQ\"]}]}<\/script>\n<!-- \/ Yoast SEO plugin. -->","yoast_head_json":{"title":"Q Puzzle - Buy Educational Toys Online Estonia | Wholesale","robots":{"index":"index","follow":"follow","max-snippet":"max-snippet:-1","max-image-preview":"max-image-preview:large","max-video-preview":"max-video-preview:-1"},"canonical":"https:\/\/aasageko.eu\/en\/q-pusle\/","og_locale":"en_US","og_type":"article","og_title":"Q Puzzle - Buy Educational Toys Online Estonia | Wholesale","og_description":"[vc_row el_class=&#8221;hariv-body brand-body&#8221;][vc_column][vc_row_inner][vc_column_inner el_class=&#8221;first-block&#8221; width=&#8221;1\/2&#8243;][vc_column_text el_class=&#8221;first-tx-block&#8221;] Q-Pusle p\u00f5hineb optilistel efektidel, mis on tingitud inimese taju erip\u00e4rast. Lihtsate kujundite, mustrite ja v\u00e4rvuste kordusel pildil on inimese silmale kas rahustav v\u00f5i \u00e4rritav m\u00f5ju ja selle t\u00f5ttu pilt tundub olevat kas t\u00f5eliselt ruumiline v\u00f5i v\u00e4relev. Q-Pusle kokkupanek ergutab kujutlusv\u00f5imet, aitab l\u00f5dvestuda, keskenduda ja loob head emotsioonid.[\/vc_column_text][vc_column_text css_animation=&#8221;fadeInUp&#8221; el_class=&#8221;cta&#8221;] [&hellip;]","og_url":"https:\/\/aasageko.eu\/en\/q-pusle\/","og_site_name":"Buy Educational Toys Online Estonia | Wholesale","article_publisher":"https:\/\/www.facebook.com\/aasageko\/community\/","article_modified_time":"2020-04-27T07:36:37+00:00","og_image":[{"width":700,"height":467,"url":"https:\/\/aasageko.eu\/wp-content\/uploads\/2020\/05\/Aasageko-min.jpg","type":"image\/jpeg"}],"twitter_card":"summary_large_image","twitter_misc":{"Est. reading time":"1 minute"},"schema":{"@context":"https:\/\/schema.org","@graph":[{"@type":"WebPage","@id":"https:\/\/aasageko.eu\/en\/q-pusle\/","url":"https:\/\/aasageko.eu\/en\/q-pusle\/","name":"Q Puzzle - Buy Educational Toys Online Estonia | Wholesale","isPartOf":{"@id":"https:\/\/aasageko.eu\/#website"},"datePublished":"2020-04-22T17:22:00+00:00","dateModified":"2020-04-27T07:36:37+00:00","breadcrumb":{"@id":"https:\/\/aasageko.eu\/en\/q-pusle\/#breadcrumb"},"inLanguage":"en-US","potentialAction":[{"@type":"ReadAction","target":["https:\/\/aasageko.eu\/en\/q-pusle\/"]}]},{"@type":"BreadcrumbList","@id":"https:\/\/aasageko.eu\/en\/q-pusle\/#breadcrumb","itemListElement":[{"@type":"ListItem","position":1,"name":"Home","item":"https:\/\/aasageko.eu\/en\/"},{"@type":"ListItem","position":2,"name":"Q Puzzle"}]},{"@type":"WebSite","@id":"https:\/\/aasageko.eu\/#website","url":"https:\/\/aasageko.eu\/","name":"Buy Educational Toys Online Estonia | Wholesale","description":"We have the widest range of educational toys online. Best brands at great prices. Fast Shipping. SmartGames, GeoSmart, Waboba, SmartMax, WildRepublic","publisher":{"@id":"https:\/\/aasageko.eu\/#organization"},"potentialAction":[{"@type":"SearchAction","target":{"@type":"EntryPoint","urlTemplate":"https:\/\/aasageko.eu\/?s={search_term_string}"},"query-input":{"@type":"PropertyValueSpecification","valueRequired":true,"valueName":"search_term_string"}}],"inLanguage":"en-US"},{"@type":"Organization","@id":"https:\/\/aasageko.eu\/#organization","name":"Aasageko","url":"https:\/\/aasageko.eu\/","logo":{"@type":"ImageObject","inLanguage":"en-US","@id":"https:\/\/aasageko.eu\/#\/schema\/logo\/image\/","url":"https:\/\/aasageko.eu\/wp-content\/uploads\/2020\/03\/Aasageko_logo.png","contentUrl":"https:\/\/aasageko.eu\/wp-content\/uploads\/2020\/03\/Aasageko_logo.png","width":282,"height":182,"caption":"Aasageko"},"image":{"@id":"https:\/\/aasageko.eu\/#\/schema\/logo\/image\/"},"sameAs":["https:\/\/www.facebook.com\/aasageko\/community\/","https:\/\/www.instagram.com\/aasageko\/","https:\/\/www.youtube.com\/channel\/UCBRdElCMa7oWzVFsjP2W5YQ"]}]}},"_links":{"self":[{"href":"https:\/\/aasageko.eu\/en\/wp-json\/wp\/v2\/pages\/7886","targetHints":{"allow":["GET"]}}],"collection":[{"href":"https:\/\/aasageko.eu\/en\/wp-json\/wp\/v2\/pages"}],"about":[{"href":"https:\/\/aasageko.eu\/en\/wp-json\/wp\/v2\/types\/page"}],"author":[{"embeddable":true,"href":"https:\/\/aasageko.eu\/en\/wp-json\/wp\/v2\/users\/127"}],"replies":[{"embeddable":true,"href":"https:\/\/aasageko.eu\/en\/wp-json\/wp\/v2\/comments?post=7886"}],"version-history":[{"count":1,"href":"https:\/\/aasageko.eu\/en\/wp-json\/wp\/v2\/pages\/7886\/revisions"}],"predecessor-version":[{"id":7900,"href":"https:\/\/aasageko.eu\/en\/wp-json\/wp\/v2\/pages\/7886\/revisions\/7900"}],"wp:attachment":[{"href":"https:\/\/aasageko.eu\/en\/wp-json\/wp\/v2\/media?parent=7886"}],"curies":[{"name":"wp","href":"https:\/\/api.w.org\/{rel}","templated":true}]}}