{"id":7866,"date":"2020-03-25T18:51:11","date_gmt":"2020-03-25T18:51:11","guid":{"rendered":"https:\/\/aasageko.eu\/kaubamargid\/"},"modified":"2020-04-27T07:40:02","modified_gmt":"2020-04-27T07:40:02","slug":"brands","status":"publish","type":"page","link":"https:\/\/aasageko.eu\/en\/brands\/","title":{"rendered":"Brands"},"content":{"rendered":"<div class=\"wpb-content-wrapper\"><p>[vc_row el_class=&#8221;geosmart-body brand-body&#8221;][vc_column][vc_row_inner][vc_column_inner el_class=&#8221;first-block&#8221; width=&#8221;1\/2&#8243;]<div class=\"porto-animation\" ><\/div>[vc_column_text el_class=&#8221;first-tx-block&#8221;]<div class=\"porto-animation\"  data-appear-animation=\"fadeInUp\">\n<h2>GeoSmart magnetkonstruktorid<\/h2>\n<h3>GeoSmart on uus p\u00f5nev viis magnetitega m\u00e4ngimiseks<\/h3>\n<\/div>\nGeoSmardi magnetid on kinnitatud plastikusse topeltturvas\u00fcsteemiga. Detailid on erksav\u00e4rvilised ja valikus on palju erinevaid elemente. Konstruktoris on \u00fchendatud \u00fcletamatu turvalisus ja kestvus, tagamaks maksimaalse m\u00e4ngur\u00f5\u00f5mu.<br \/>\nGeoSmart magnetkonstruktor sobib m\u00e4ngimiseks alates 5. eluaastast. Roostevabast terasest \u00fcmbris katab turvaliselt plastikusse lukustatud magneteid. See uus patenteeritud lukustuss\u00fcsteem teeb magnetitega m\u00e4ngu turvaliseks, konstruktori tugevaks ja vastupidavamaks. GeoSmart magnetid on loodud kestma ja neid on lihtne puhastada.[\/vc_column_text][\/vc_column_inner][vc_column_inner width=&#8221;1\/2&#8243;][vc_video link=&#8221;https:\/\/www.youtube.com\/watch?v=HFjTy6VD11o&#8221; css_animation=&#8221;fadeInRight&#8221; el_class=&#8221;brand-video&#8221;][\/vc_column_inner][\/vc_row_inner][vc_row_inner][vc_column_inner el_class=&#8221;toy-block&#8221; width=&#8221;1\/2&#8243;][\/vc_column_inner][vc_column_inner width=&#8221;1\/2&#8243;][vc_column_text css_animation=&#8221;fadeInUp&#8221; el_class=&#8221;second-tx-block&#8221;]<\/p>\n<h3>GeoSmart komplektides on 6 erinevat geomeetrilist kujundit ja 9 s\u00e4ravat v\u00e4rvi<\/h3>\n<p>Kasutades v\u00f5rdk\u00fclgset v\u00f5i v\u00f5rdhaarset kolmnurka, ruutu, ristk\u00fclikut, rombi v\u00f5i trapetsit, saad luua l\u00f5putuid kujundeid ja vorme. Ehita mis iganes m\u00f5ttesse tuleb. Saad kasutada lihtsalt kujuneid v\u00f5i v\u00f5tta m\u00e4ngu ka rattad, tuled v\u00f5i kaugjuhtimise \u2013 see lisab m\u00e4ngulisust.[\/vc_column_text][vc_column_text css_animation=&#8221;fadeInRight&#8221; el_class=&#8221;third-tx-block&#8221;]<\/p>\n<h3>Geosmardi p\u00f5nevad lisad<\/h3>\n<ul>\n<li>P\u00f6\u00f6rdalus: andmaks ehitisele liikuvuse. P\u00f6\u00f6rdalust on lihtne panna magnetruudu k\u00fclge.<\/li>\n<li>Rattad: kasuta fantaasiat, et luua 4-ja v\u00f5i 6-e rattalisi s\u00f5idukeid.<\/li>\n<li>Roomikud: ehita roomikutega veokeid!<\/li>\n<li>\u00dchendused: ehita haagiseid, mida saad kergesti \u00fchendada oma s\u00f5idukitega.<\/li>\n<li>LED-tuled: l\u00f6\u00f6 oma ehitis s\u00e4rama, \u00fche 6-st LED v\u00e4rvist valgustiga. Paneele on lihtne kinnitada magnetruutudele.<\/li>\n<li>Pult: s\u00f5ida ringi oma masinaga v\u00f5i pane ehitis automaatselt p\u00f6\u00f6rlema.<\/li>\n<\/ul>\n<p>[\/vc_column_text][\/vc_column_inner][\/vc_row_inner][vc_row_inner][vc_column_inner width=&#8221;1\/2&#8243;][vc_column_text css_animation=&#8221;fadeInUp&#8221; el_class=&#8221;fourth-tx-block&#8221;]<\/p>\n<h3>GeoSmardil on tore hariv v\u00e4\u00e4rtus, konstruktoriga on hea l\u00e4bi m\u00e4ngu \u00f5ppida ja kogeda<\/h3>\n<ul>\n<li>Ruumitaju: luues 3D vorme<\/li>\n<li>K\u00e4e- ja silmakoordinatsioon: ehitamiseks kasutatakse m\u00f5lemat k\u00e4tt<\/li>\n<li>Keskendumine ja loogiline m\u00f5tlemine: loomaks stabiilseid ehitisi<\/li>\n<li>Loovus: ehitada ikka ja j\u00e4lle uusi vorme v\u00f5i luues konstruktsioone ja masinaid, mida on n\u00e4htud p\u00e4riselus<\/li>\n<li>STEM: \u00f5pitakse tundma k\u00f5iki 6-te erinevat geomeetrilist kujundit ja tutvutakse kuidas neid k\u00f5ige paremini kasutada<\/li>\n<\/ul>\n<p>[\/vc_column_text][vc_column_text el_class=&#8221;fifth-tx-block&#8221;]See on nupukas avastamisr\u00f5\u00f5m magnetitega! Lapsed saavad n\u00fc\u00fcd turvaliselt tutvuda magnetite maailmaga. Magnetitega on l\u00f5putuid v\u00f5imalusi m\u00e4ngimiseks ja see ergutab kujutlusv\u00f5imet.<br \/>\nNupukate magnetitega saavad lapsed avastada magnetite v\u00f5luj\u00f5udu. M\u00e4ngides \u00f5pivad lapsed ehitama suuremaid ja fantaasiarikkamaid ehitisi. K\u00f5ik detailid \u00fchilduvad 100% teiste GeoSmart komplektide ja teiste analoogsete magnetkonstruktoritega. Neist saab ehitada uhkeid v\u00e4rvikirevaid fantaasialinnu v\u00f5i mis iganes teisi p\u00f5nevaid vorme. T\u00e4nu magnetitele on konstruktor kui \u201ev\u00f5lum\u00e4ng\u201c.[\/vc_column_text][\/vc_column_inner][vc_column_inner el_class=&#8221;toy-block2&#8243; width=&#8221;1\/2&#8243;][vc_gallery interval=&#8221;5&#8243; images=&#8221;4584,4587,4617,4578,4620,4629,4632&#8243; img_size=&#8221;full&#8221;][\/vc_column_inner][\/vc_row_inner][vc_row_inner][vc_column_inner width=&#8221;2\/3&#8243;][vc_column_text el_class=&#8221;sixth-tx-block&#8221;]GEOSMART \u00ae- detailid vastavad ASTM, EN71 ja CE turvastandarditele. GeoSmart magnetid on turvalised!<br \/>\nHoiatus! Magnetid hoida alati eemal tundlikest seadmetest nagu pangakaart, arvuti, magnet- ja meditsiiniseadmed. Hoida kuivas.<br \/>\nM\u00e4ng arendab: silma ja k\u00e4e kordinatsiooni, loogilist m\u00f5tlemist, 2D ja 3D \u00e4ra tundmist, koost\u00f6\u00f6d, loendamist, fantaasiat ja loovust.[\/vc_column_text][\/vc_column_inner][vc_column_inner width=&#8221;1\/3&#8243;][vc_column_text css_animation=&#8221;fadeInRight&#8221; el_class=&#8221;cta&#8221;]<\/p>\n<h2>Vaata k\u00f5iki GeoSmart tooteid<\/h2>\n<p><a class=\"brand-button\" href=\"https:\/\/aasageko.eu\/en\/kaubamargid\/geosmart-en\/\">Pood<\/a>[\/vc_column_text][\/vc_column_inner][\/vc_row_inner][\/vc_column][\/vc_row]<\/p>\n<\/div>","protected":false},"excerpt":{"rendered":"<p>[vc_row el_class=&#8221;geosmart-body brand-body&#8221;][vc_column][vc_row_inner][vc_column_inner el_class=&#8221;first-block&#8221; width=&#8221;1\/2&#8243;][vc_column_text el_class=&#8221;first-tx-block&#8221;] GeoSmardi magnetid on kinnitatud plastikusse topeltturvas\u00fcsteemiga. Detailid on erksav\u00e4rvilised ja valikus on palju erinevaid elemente. Konstruktoris on \u00fchendatud \u00fcletamatu turvalisus ja kestvus, tagamaks maksimaalse m\u00e4ngur\u00f5\u00f5mu. GeoSmart magnetkonstruktor sobib m\u00e4ngimiseks alates 5. eluaastast. Roostevabast terasest \u00fcmbris katab turvaliselt plastikusse lukustatud magneteid. See uus patenteeritud lukustuss\u00fcsteem teeb magnetitega m\u00e4ngu turvaliseks, konstruktori [&hellip;]<\/p>\n","protected":false},"author":127,"featured_media":0,"parent":0,"menu_order":0,"comment_status":"closed","ping_status":"closed","template":"","meta":{"footnotes":""},"class_list":["post-7866","page","type-page","status-publish","hentry"],"yoast_head":"<!-- This site is optimized with the Yoast SEO plugin v27.3 - https:\/\/yoast.com\/product\/yoast-seo-wordpress\/ -->\n<title>Brands - Buy Educational Toys Online Estonia | Wholesale<\/title>\n<meta name=\"robots\" content=\"index, follow, max-snippet:-1, max-image-preview:large, max-video-preview:-1\" \/>\n<link rel=\"canonical\" href=\"https:\/\/aasageko.eu\/en\/brands\/\" \/>\n<meta property=\"og:locale\" content=\"en_US\" \/>\n<meta property=\"og:type\" content=\"article\" \/>\n<meta property=\"og:title\" content=\"Brands - Buy Educational Toys Online Estonia | Wholesale\" \/>\n<meta property=\"og:description\" content=\"[vc_row el_class=&#8221;geosmart-body brand-body&#8221;][vc_column][vc_row_inner][vc_column_inner el_class=&#8221;first-block&#8221; width=&#8221;1\/2&#8243;][vc_column_text el_class=&#8221;first-tx-block&#8221;] GeoSmardi magnetid on kinnitatud plastikusse topeltturvas\u00fcsteemiga. Detailid on erksav\u00e4rvilised ja valikus on palju erinevaid elemente. Konstruktoris on \u00fchendatud \u00fcletamatu turvalisus ja kestvus, tagamaks maksimaalse m\u00e4ngur\u00f5\u00f5mu. GeoSmart magnetkonstruktor sobib m\u00e4ngimiseks alates 5. eluaastast. Roostevabast terasest \u00fcmbris katab turvaliselt plastikusse lukustatud magneteid. See uus patenteeritud lukustuss\u00fcsteem teeb magnetitega m\u00e4ngu turvaliseks, konstruktori [&hellip;]\" \/>\n<meta property=\"og:url\" content=\"https:\/\/aasageko.eu\/en\/brands\/\" \/>\n<meta property=\"og:site_name\" content=\"Buy Educational Toys Online Estonia | Wholesale\" \/>\n<meta property=\"article:publisher\" content=\"https:\/\/www.facebook.com\/aasageko\/community\/\" \/>\n<meta property=\"article:modified_time\" content=\"2020-04-27T07:40:02+00:00\" \/>\n<meta property=\"og:image\" content=\"https:\/\/aasageko.eu\/wp-content\/uploads\/2020\/05\/Aasageko-min.jpg\" \/>\n\t<meta property=\"og:image:width\" content=\"700\" \/>\n\t<meta property=\"og:image:height\" content=\"467\" \/>\n\t<meta property=\"og:image:type\" content=\"image\/jpeg\" \/>\n<meta name=\"twitter:card\" content=\"summary_large_image\" \/>\n<meta name=\"twitter:label1\" content=\"Est. reading time\" \/>\n\t<meta name=\"twitter:data1\" content=\"3 minutes\" \/>\n<script type=\"application\/ld+json\" class=\"yoast-schema-graph\">{\"@context\":\"https:\\\/\\\/schema.org\",\"@graph\":[{\"@type\":\"WebPage\",\"@id\":\"https:\\\/\\\/aasageko.eu\\\/en\\\/brands\\\/\",\"url\":\"https:\\\/\\\/aasageko.eu\\\/en\\\/brands\\\/\",\"name\":\"Brands - Buy Educational Toys Online Estonia | Wholesale\",\"isPartOf\":{\"@id\":\"https:\\\/\\\/aasageko.eu\\\/#website\"},\"datePublished\":\"2020-03-25T18:51:11+00:00\",\"dateModified\":\"2020-04-27T07:40:02+00:00\",\"breadcrumb\":{\"@id\":\"https:\\\/\\\/aasageko.eu\\\/en\\\/brands\\\/#breadcrumb\"},\"inLanguage\":\"en-US\",\"potentialAction\":[{\"@type\":\"ReadAction\",\"target\":[\"https:\\\/\\\/aasageko.eu\\\/en\\\/brands\\\/\"]}]},{\"@type\":\"BreadcrumbList\",\"@id\":\"https:\\\/\\\/aasageko.eu\\\/en\\\/brands\\\/#breadcrumb\",\"itemListElement\":[{\"@type\":\"ListItem\",\"position\":1,\"name\":\"Home\",\"item\":\"https:\\\/\\\/aasageko.eu\\\/en\\\/\"},{\"@type\":\"ListItem\",\"position\":2,\"name\":\"Brands\"}]},{\"@type\":\"WebSite\",\"@id\":\"https:\\\/\\\/aasageko.eu\\\/#website\",\"url\":\"https:\\\/\\\/aasageko.eu\\\/\",\"name\":\"Buy Educational Toys Online Estonia | Wholesale\",\"description\":\"We have the widest range of educational toys online. Best brands at great prices. Fast Shipping. SmartGames, GeoSmart, Waboba, SmartMax, WildRepublic\",\"publisher\":{\"@id\":\"https:\\\/\\\/aasageko.eu\\\/#organization\"},\"potentialAction\":[{\"@type\":\"SearchAction\",\"target\":{\"@type\":\"EntryPoint\",\"urlTemplate\":\"https:\\\/\\\/aasageko.eu\\\/?s={search_term_string}\"},\"query-input\":{\"@type\":\"PropertyValueSpecification\",\"valueRequired\":true,\"valueName\":\"search_term_string\"}}],\"inLanguage\":\"en-US\"},{\"@type\":\"Organization\",\"@id\":\"https:\\\/\\\/aasageko.eu\\\/#organization\",\"name\":\"Aasageko\",\"url\":\"https:\\\/\\\/aasageko.eu\\\/\",\"logo\":{\"@type\":\"ImageObject\",\"inLanguage\":\"en-US\",\"@id\":\"https:\\\/\\\/aasageko.eu\\\/#\\\/schema\\\/logo\\\/image\\\/\",\"url\":\"https:\\\/\\\/aasageko.eu\\\/wp-content\\\/uploads\\\/2020\\\/03\\\/Aasageko_logo.png\",\"contentUrl\":\"https:\\\/\\\/aasageko.eu\\\/wp-content\\\/uploads\\\/2020\\\/03\\\/Aasageko_logo.png\",\"width\":282,\"height\":182,\"caption\":\"Aasageko\"},\"image\":{\"@id\":\"https:\\\/\\\/aasageko.eu\\\/#\\\/schema\\\/logo\\\/image\\\/\"},\"sameAs\":[\"https:\\\/\\\/www.facebook.com\\\/aasageko\\\/community\\\/\",\"https:\\\/\\\/www.instagram.com\\\/aasageko\\\/\",\"https:\\\/\\\/www.youtube.com\\\/channel\\\/UCBRdElCMa7oWzVFsjP2W5YQ\"]}]}<\/script>\n<!-- \/ Yoast SEO plugin. -->","yoast_head_json":{"title":"Brands - Buy Educational Toys Online Estonia | Wholesale","robots":{"index":"index","follow":"follow","max-snippet":"max-snippet:-1","max-image-preview":"max-image-preview:large","max-video-preview":"max-video-preview:-1"},"canonical":"https:\/\/aasageko.eu\/en\/brands\/","og_locale":"en_US","og_type":"article","og_title":"Brands - Buy Educational Toys Online Estonia | Wholesale","og_description":"[vc_row el_class=&#8221;geosmart-body brand-body&#8221;][vc_column][vc_row_inner][vc_column_inner el_class=&#8221;first-block&#8221; width=&#8221;1\/2&#8243;][vc_column_text el_class=&#8221;first-tx-block&#8221;] GeoSmardi magnetid on kinnitatud plastikusse topeltturvas\u00fcsteemiga. Detailid on erksav\u00e4rvilised ja valikus on palju erinevaid elemente. Konstruktoris on \u00fchendatud \u00fcletamatu turvalisus ja kestvus, tagamaks maksimaalse m\u00e4ngur\u00f5\u00f5mu. GeoSmart magnetkonstruktor sobib m\u00e4ngimiseks alates 5. eluaastast. Roostevabast terasest \u00fcmbris katab turvaliselt plastikusse lukustatud magneteid. See uus patenteeritud lukustuss\u00fcsteem teeb magnetitega m\u00e4ngu turvaliseks, konstruktori [&hellip;]","og_url":"https:\/\/aasageko.eu\/en\/brands\/","og_site_name":"Buy Educational Toys Online Estonia | Wholesale","article_publisher":"https:\/\/www.facebook.com\/aasageko\/community\/","article_modified_time":"2020-04-27T07:40:02+00:00","og_image":[{"width":700,"height":467,"url":"https:\/\/aasageko.eu\/wp-content\/uploads\/2020\/05\/Aasageko-min.jpg","type":"image\/jpeg"}],"twitter_card":"summary_large_image","twitter_misc":{"Est. reading time":"3 minutes"},"schema":{"@context":"https:\/\/schema.org","@graph":[{"@type":"WebPage","@id":"https:\/\/aasageko.eu\/en\/brands\/","url":"https:\/\/aasageko.eu\/en\/brands\/","name":"Brands - Buy Educational Toys Online Estonia | Wholesale","isPartOf":{"@id":"https:\/\/aasageko.eu\/#website"},"datePublished":"2020-03-25T18:51:11+00:00","dateModified":"2020-04-27T07:40:02+00:00","breadcrumb":{"@id":"https:\/\/aasageko.eu\/en\/brands\/#breadcrumb"},"inLanguage":"en-US","potentialAction":[{"@type":"ReadAction","target":["https:\/\/aasageko.eu\/en\/brands\/"]}]},{"@type":"BreadcrumbList","@id":"https:\/\/aasageko.eu\/en\/brands\/#breadcrumb","itemListElement":[{"@type":"ListItem","position":1,"name":"Home","item":"https:\/\/aasageko.eu\/en\/"},{"@type":"ListItem","position":2,"name":"Brands"}]},{"@type":"WebSite","@id":"https:\/\/aasageko.eu\/#website","url":"https:\/\/aasageko.eu\/","name":"Buy Educational Toys Online Estonia | Wholesale","description":"We have the widest range of educational toys online. Best brands at great prices. Fast Shipping. SmartGames, GeoSmart, Waboba, SmartMax, WildRepublic","publisher":{"@id":"https:\/\/aasageko.eu\/#organization"},"potentialAction":[{"@type":"SearchAction","target":{"@type":"EntryPoint","urlTemplate":"https:\/\/aasageko.eu\/?s={search_term_string}"},"query-input":{"@type":"PropertyValueSpecification","valueRequired":true,"valueName":"search_term_string"}}],"inLanguage":"en-US"},{"@type":"Organization","@id":"https:\/\/aasageko.eu\/#organization","name":"Aasageko","url":"https:\/\/aasageko.eu\/","logo":{"@type":"ImageObject","inLanguage":"en-US","@id":"https:\/\/aasageko.eu\/#\/schema\/logo\/image\/","url":"https:\/\/aasageko.eu\/wp-content\/uploads\/2020\/03\/Aasageko_logo.png","contentUrl":"https:\/\/aasageko.eu\/wp-content\/uploads\/2020\/03\/Aasageko_logo.png","width":282,"height":182,"caption":"Aasageko"},"image":{"@id":"https:\/\/aasageko.eu\/#\/schema\/logo\/image\/"},"sameAs":["https:\/\/www.facebook.com\/aasageko\/community\/","https:\/\/www.instagram.com\/aasageko\/","https:\/\/www.youtube.com\/channel\/UCBRdElCMa7oWzVFsjP2W5YQ"]}]}},"_links":{"self":[{"href":"https:\/\/aasageko.eu\/en\/wp-json\/wp\/v2\/pages\/7866","targetHints":{"allow":["GET"]}}],"collection":[{"href":"https:\/\/aasageko.eu\/en\/wp-json\/wp\/v2\/pages"}],"about":[{"href":"https:\/\/aasageko.eu\/en\/wp-json\/wp\/v2\/types\/page"}],"author":[{"embeddable":true,"href":"https:\/\/aasageko.eu\/en\/wp-json\/wp\/v2\/users\/127"}],"replies":[{"embeddable":true,"href":"https:\/\/aasageko.eu\/en\/wp-json\/wp\/v2\/comments?post=7866"}],"version-history":[{"count":2,"href":"https:\/\/aasageko.eu\/en\/wp-json\/wp\/v2\/pages\/7866\/revisions"}],"predecessor-version":[{"id":7921,"href":"https:\/\/aasageko.eu\/en\/wp-json\/wp\/v2\/pages\/7866\/revisions\/7921"}],"wp:attachment":[{"href":"https:\/\/aasageko.eu\/en\/wp-json\/wp\/v2\/media?parent=7866"}],"curies":[{"name":"wp","href":"https:\/\/api.w.org\/{rel}","templated":true}]}}